{"id":1741,"date":"2015-08-10T05:53:50","date_gmt":"2015-08-10T05:53:50","guid":{"rendered":"http:\/\/yachtcharter-connection.com.w01e47c6.kasserver.com\/cienfuegos-332\/"},"modified":"2016-10-29T19:04:21","modified_gmt":"2016-10-29T17:04:21","slug":"cienfuegos-332","status":"publish","type":"page","link":"https:\/\/yachtcharter-connection.com\/es\/regiones\/caribe\/alquiler-barcos-cuba-cayo-largo\/cienfuegos-332\/","title":{"rendered":"Cienfuegos"},"content":{"rendered":"<h3>Alquiler de barcos Cienfuegos<\/h3>\n<p><img loading=\"lazy\" class=\"content-image\"  width=\"297\" height=\"397\" src=\"https:\/\/yachtcharter-connection.com\/wp-content\/uploads\/converted_files\/20309\/20309-5624e1317ebba.jpg\" alt=\"\" \/>La ciudad de Cienfuegos, sede de algunas bases de Alquiler de barcos y centro del turismo de Alquiler de barcos en Cuba, vale la pena de una visita -es muy hermosa y se ha conservado mucho del encanto de los tiempos coloniales. La ciudad ha sido declarada Patrimonio de la Humanidad por la UNESCO. En 1494, Cristob\u00e1l Col\u00f3n ya llegaba all\u00ed &#8211; en 1745, se han construido una fortaleza contra los piratas. Pero eran los Franceses que fundaran la ciudad,la influencia francesa a\u00fan se puede ver en las arquitecturas, como el Arco del Triunfo. Los habitantes trabajan entre los dem\u00e1s en el puerto, viven de la pesca de cangrejos y gambas y de las exportaciones de az\u00facar.<\/p>\n<p>Ahora hay mucho m\u00e1s ofertas de Alquiler de barcos en Cienfuegos porque dos companias de Alquiler de barcos m\u00e1s han establecido nuevas bases de Alquiler de barcos en el puerto deportivo de Cienfuegos que es perfectamente equipada para el turismo de Alquiler de barcos.<\/p>\n","protected":false},"excerpt":{"rendered":"<p>Alquiler de barcos Cienfuegos La ciudad de Cienfuegos, sede de algunas bases de Alquiler de barcos y centro del turismo de Alquiler de barcos en Cuba, vale la pena de una visita -es muy hermosa y se ha conservado mucho del encanto de los tiempos coloniales. La ciudad ha sido<\/p>\n","protected":false},"author":11,"featured_media":0,"parent":676,"menu_order":0,"comment_status":"open","ping_status":"open","template":"","meta":[],"aioseo_notices":[],"_links":{"self":[{"href":"https:\/\/yachtcharter-connection.com\/es\/wp-json\/wp\/v2\/pages\/1741"}],"collection":[{"href":"https:\/\/yachtcharter-connection.com\/es\/wp-json\/wp\/v2\/pages"}],"about":[{"href":"https:\/\/yachtcharter-connection.com\/es\/wp-json\/wp\/v2\/types\/page"}],"author":[{"embeddable":true,"href":"https:\/\/yachtcharter-connection.com\/es\/wp-json\/wp\/v2\/users\/11"}],"replies":[{"embeddable":true,"href":"https:\/\/yachtcharter-connection.com\/es\/wp-json\/wp\/v2\/comments?post=1741"}],"version-history":[{"count":1,"href":"https:\/\/yachtcharter-connection.com\/es\/wp-json\/wp\/v2\/pages\/1741\/revisions"}],"predecessor-version":[{"id":13941,"href":"https:\/\/yachtcharter-connection.com\/es\/wp-json\/wp\/v2\/pages\/1741\/revisions\/13941"}],"up":[{"embeddable":true,"href":"https:\/\/yachtcharter-connection.com\/es\/wp-json\/wp\/v2\/pages\/676"}],"wp:attachment":[{"href":"https:\/\/yachtcharter-connection.com\/es\/wp-json\/wp\/v2\/media?parent=1741"}],"curies":[{"name":"wp","href":"https:\/\/api.w.org\/{rel}","templated":true}]}}