{"id":1743,"date":"2014-06-29T01:27:01","date_gmt":"2014-06-29T01:27:01","guid":{"rendered":"http:\/\/yachtcharter-connection.com.w01e47c6.kasserver.com\/roche-caiman-victoria-295\/"},"modified":"2016-10-29T22:09:10","modified_gmt":"2016-10-29T20:09:10","slug":"roche-caiman-victoria-295","status":"publish","type":"page","link":"https:\/\/yachtcharter-connection.com\/es\/regiones\/oceano-indio\/alquiler-barcos-seychelles-archipielago\/roche-caiman-victoria-295\/","title":{"rendered":"Roche Caiman \/ Victoria"},"content":{"rendered":"<h3>Alquiler de barcos Roche Caiman \/ Victoria<\/h3>\n<p>\n<img loading=\"lazy\" class=\"content-image\"  height=\"197\" width=\"300\" src=\"https:\/\/yachtcharter-connection.com\/wp-content\/uploads\/converted_files\/20311\/20311-5624e13480e02.jpg\" alt=\"\" \/>Victoria est\u00e1 considerada como la capital m\u00e1s peque\u00f1a del mundo. Es el centro de la isla. Port Victoria es el puerto a trav\u00e9s del que llegan pr\u00e1cticamente todas las mercanc\u00edas a las islas. <\/p>\n<p><\/p>\n","protected":false},"excerpt":{"rendered":"<p>Alquiler de barcos Roche Caiman \/ Victoria Victoria est\u00e1 considerada como la capital m\u00e1s peque\u00f1a del mundo. Es el centro de la isla. Port Victoria es el puerto a trav\u00e9s del que llegan pr\u00e1cticamente todas las mercanc\u00edas a las islas.<\/p>\n","protected":false},"author":11,"featured_media":0,"parent":655,"menu_order":0,"comment_status":"open","ping_status":"open","template":"","meta":[],"aioseo_notices":[],"_links":{"self":[{"href":"https:\/\/yachtcharter-connection.com\/es\/wp-json\/wp\/v2\/pages\/1743"}],"collection":[{"href":"https:\/\/yachtcharter-connection.com\/es\/wp-json\/wp\/v2\/pages"}],"about":[{"href":"https:\/\/yachtcharter-connection.com\/es\/wp-json\/wp\/v2\/types\/page"}],"author":[{"embeddable":true,"href":"https:\/\/yachtcharter-connection.com\/es\/wp-json\/wp\/v2\/users\/11"}],"replies":[{"embeddable":true,"href":"https:\/\/yachtcharter-connection.com\/es\/wp-json\/wp\/v2\/comments?post=1743"}],"version-history":[{"count":1,"href":"https:\/\/yachtcharter-connection.com\/es\/wp-json\/wp\/v2\/pages\/1743\/revisions"}],"predecessor-version":[{"id":14446,"href":"https:\/\/yachtcharter-connection.com\/es\/wp-json\/wp\/v2\/pages\/1743\/revisions\/14446"}],"up":[{"embeddable":true,"href":"https:\/\/yachtcharter-connection.com\/es\/wp-json\/wp\/v2\/pages\/655"}],"wp:attachment":[{"href":"https:\/\/yachtcharter-connection.com\/es\/wp-json\/wp\/v2\/media?parent=1743"}],"curies":[{"name":"wp","href":"https:\/\/api.w.org\/{rel}","templated":true}]}}