{"id":175,"date":"2014-07-12T16:33:52","date_gmt":"2014-07-12T16:33:52","guid":{"rendered":"http:\/\/yachtcharter-connection.com.w01e47c6.kasserver.com\/eventos-incentivos\/"},"modified":"2019-08-28T13:55:38","modified_gmt":"2019-08-28T11:55:38","slug":"eventos-incentivos","status":"publish","type":"page","link":"https:\/\/yachtcharter-connection.com\/es\/eventos-incentivos\/","title":{"rendered":"Eventos &#038; Incentivos"},"content":{"rendered":"<h1><strong>Eventos &amp; Incentivos &amp; Viajes en ch\u00e1rter especiales<\/strong><\/h1>\n<p>&nbsp;<\/p>\n<p><img loading=\"lazy\" class=\"content-image\" src=\"https:\/\/yachtcharter-connection.com\/wp-content\/uploads\/converted_files\/146\/146-561d100fc5222.jpg\" alt=\"\" width=\"300\" height=\"199\" \/>Eventos e incentivos en el mar: una experiencia inolvidable para equipos, empresas o sus clientes, un acontecimiento especial para la familia y los amigos. Disfrutando de un d\u00eda en ch\u00e1rter, relajado, con una comida deliciosa, m\u00fasica y una parada para tomar un ba\u00f1o, en un catamar\u00e1n u otra nave, anima el esp\u00edritu de equipo al ofrecer un d\u00eda deportivo. Celebre su cumplea\u00f1os u otro d\u00eda especial. Y si usted quiere ofrecer a sus clientes algo \u00fanico o desea gozar de la experiencia especial que supone una traves\u00eda en un yate cl\u00e1sico, nosotros le apoyamos en la planificaci\u00f3n y en su realizaci\u00f3n. Tambi\u00e9n si necesita organizar su propia flotilla con varios yates ch\u00e1rter.<\/p>\n<p><strong>Las Islas Baleares son una regi\u00f3n ideal para estos eventos<\/strong>. Particularmente Mallorca es adecuada para toda clase de reuniones debido a su f\u00e1cil accesibilidad, a su infraestructura excepcional, la combinaci\u00f3n de la vivencia de la naturaleza, de los alrededores mediterr\u00e1neos con el instinto urbano de la ciudad de Palma.<\/p>\n<p><strong>Por supuesto otros destinos fant\u00e1sticos le esperan: desde el Mar B\u00e1ltico hasta el Caribe.<\/strong>\u00a0 Las reuniones mar\u00edtimas internacionales tambi\u00e9n ofrecen la atm\u00f3sfera conveniente para estos eventos. Presencie las regatas de yates cl\u00e1sicos o los superyates a bordo de un yate en el Mediterr\u00e1neo, goce del encanto mar\u00edtimo de la Hansesail o viva en directo la salida de la Volvo Ocean Race&#8230; acompa\u00f1e su programa con eventos de la escena del yachting internacional.<\/p>\n<h3><a href=\"https:\/\/yachtcharter-connection.com\/es\/eventos-de-vela-en-mallorca-ibiza\/\" target=\"_blank\" rel=\"noopener noreferrer\">Eventos de Vela en Mallorca &amp; Ibiza<\/a><\/h3>\n<p>Siempre es un placer de organizar sus eventos al mar en Mallorca &amp; Ibiza &#8211; disfruten de d\u00edas fant\u00e1sticos navegando con sus amigos o familias &#8211; o con colegas o clientes.<\/p>\n<p><b>Para sus vacaciones de ch\u00e1rter ofrecemos tambi\u00e9n eventos y oportunidades muy especiales:<\/b><\/p>\n<h3><a href=\"~\/Categorias_de_charter\/Eventos___Incentivos\/Ofertas_one-way.html\"><strong>Ofertas especiales para<\/strong> oneway<\/a><\/h3>\n<p>Ch\u00e1rter &#8220;oneway&#8221; sin suplemento<\/p>\n<h3><a href=\"https:\/\/yachtcharter-connection.com\/es\/flotillas-1\/\" target=\"_blank\" rel=\"noopener noreferrer\"><strong>Navegar en flotillas<\/strong><\/a><\/h3>\n<p>en el Mediterr\u00e1neo y el Caribe<\/p>\n<h3><a href=\"https:\/\/yachtcharter-connection.com\/es\/galapagos-yates-con-tripulacion\/\" target=\"_blank\" rel=\"noopener noreferrer\"><strong> Galapagos &#8211; Yates con tripulaci\u00f3n<\/strong><\/a><br \/>\nSi quiere explorar este archipi\u00e9lago muy ecol\u00f3gico hay yates de lujo con tripulaci\u00f3n disponibles para grupos o individuales.<br \/>\n<a href=\"https:\/\/yachtcharter-connection.com\/es\/sailing-mauritius-2\/\" target=\"_blank\" rel=\"noopener noreferrer\"><br \/>\n<strong>Sailing around Mauritius<\/strong><\/a><\/h3>\n<p>Navegar en un catamar\u00e1n con tripulaci\u00f3n rodeando las Islas Mauricio, con otra semana vacaciones en tierra despu\u00e9s (opcional)<\/p>\n<h3><a href=\"https:\/\/yachtcharter-connection.com\/es\/diving-safari-maldivas\/\" target=\"_blank\" rel=\"noopener noreferrer\"><strong> para bucear: Diving Safari Maldivas<\/strong><\/a><\/h3>\n<p>Bucear en las Maldivas desde un yate de motor equipado especialmente para el buceo<\/p>\n","protected":false},"excerpt":{"rendered":"<p>Eventos &amp; Incentivos &amp; Viajes en ch\u00e1rter especiales &nbsp; Eventos e incentivos en el mar: una experiencia inolvidable para equipos, empresas o sus clientes, un acontecimiento especial para la familia y los amigos. Disfrutando de un d\u00eda en ch\u00e1rter, relajado, con una comida deliciosa, m\u00fasica y una parada para tomar<\/p>\n","protected":false},"author":11,"featured_media":0,"parent":0,"menu_order":0,"comment_status":"open","ping_status":"open","template":"","meta":[],"aioseo_notices":[],"_links":{"self":[{"href":"https:\/\/yachtcharter-connection.com\/es\/wp-json\/wp\/v2\/pages\/175"}],"collection":[{"href":"https:\/\/yachtcharter-connection.com\/es\/wp-json\/wp\/v2\/pages"}],"about":[{"href":"https:\/\/yachtcharter-connection.com\/es\/wp-json\/wp\/v2\/types\/page"}],"author":[{"embeddable":true,"href":"https:\/\/yachtcharter-connection.com\/es\/wp-json\/wp\/v2\/users\/11"}],"replies":[{"embeddable":true,"href":"https:\/\/yachtcharter-connection.com\/es\/wp-json\/wp\/v2\/comments?post=175"}],"version-history":[{"count":3,"href":"https:\/\/yachtcharter-connection.com\/es\/wp-json\/wp\/v2\/pages\/175\/revisions"}],"predecessor-version":[{"id":28681,"href":"https:\/\/yachtcharter-connection.com\/es\/wp-json\/wp\/v2\/pages\/175\/revisions\/28681"}],"wp:attachment":[{"href":"https:\/\/yachtcharter-connection.com\/es\/wp-json\/wp\/v2\/media?parent=175"}],"curies":[{"name":"wp","href":"https:\/\/api.w.org\/{rel}","templated":true}]}}