{"id":1750,"date":"2015-08-10T05:53:51","date_gmt":"2015-08-10T05:53:51","guid":{"rendered":"http:\/\/yachtcharter-connection.com.w01e47c6.kasserver.com\/flensburg-275\/"},"modified":"2017-07-14T01:46:58","modified_gmt":"2017-07-13T23:46:58","slug":"flensburg-275","status":"publish","type":"page","link":"https:\/\/yachtcharter-connection.com\/es\/regiones\/mar-baltico\/alquiler-barcos-baltico-del-sudoeste\/flensburg-275\/","title":{"rendered":"Flensburg"},"content":{"rendered":"<h3>Alquiler de barcos Mar B\u00e1ltico &#8211; Flensburg<\/h3>\n<p>\n<img loading=\"lazy\" class=\"content-image\"  width=\"300\" height=\"225\" alt=\"Mar B\u00e1ltico - puerto deportivo\" src=\"https:\/\/yachtcharter-connection.com\/wp-content\/uploads\/converted_files\/20318\/20318-5624e1379a4b0.jpg\" \/>La zona de Alquiler de barcos en la Bah\u00eda de Flensburg, tambi\u00e9n se denomina Fjord de Flensburg, ya vale por s\u00ed mismo unas vacaciones en ch\u00e1rter &#8211; con muchos puertos de Alquiler de barcos en una distancia corta. Desde aqu\u00ed, el punto m\u00e1s occidental de la zona de Alquiler de barcos del Mar B\u00e1ltico y el puerto m\u00e1s al norte de Alemania, la mayor\u00eda de los tripulaciones de Alquiler de barcos navega en direcci\u00f3n de los mares del sur dan\u00e9s, el peque\u00f1o Belt, direcci\u00f3n Samsoe, o el cl\u00e1sico crucero de Alquiler de barcos &quot;en torno a Fyn&quot;. En Flensburg, hay varios puertos deportivos con bases grandes de Alquiler de barcos y muchos tipos de veleros &#8211; como Gallwik en la zona del puerto comercial y puerto deportivo Flensburg Sonwik &#8211; todos los cuales est\u00e1n bien equipadas para Alquiler de barcos.<\/p>\n","protected":false},"excerpt":{"rendered":"<p>Alquiler de barcos Mar B\u00e1ltico &#8211; Flensburg La zona de Alquiler de barcos en la Bah\u00eda de Flensburg, tambi\u00e9n se denomina Fjord de Flensburg, ya vale por s\u00ed mismo unas vacaciones en ch\u00e1rter &#8211; con muchos puertos de Alquiler de barcos en una distancia corta. Desde aqu\u00ed, el punto m\u00e1s<\/p>\n","protected":false},"author":11,"featured_media":0,"parent":652,"menu_order":0,"comment_status":"open","ping_status":"open","template":"","meta":[],"aioseo_notices":[],"_links":{"self":[{"href":"https:\/\/yachtcharter-connection.com\/es\/wp-json\/wp\/v2\/pages\/1750"}],"collection":[{"href":"https:\/\/yachtcharter-connection.com\/es\/wp-json\/wp\/v2\/pages"}],"about":[{"href":"https:\/\/yachtcharter-connection.com\/es\/wp-json\/wp\/v2\/types\/page"}],"author":[{"embeddable":true,"href":"https:\/\/yachtcharter-connection.com\/es\/wp-json\/wp\/v2\/users\/11"}],"replies":[{"embeddable":true,"href":"https:\/\/yachtcharter-connection.com\/es\/wp-json\/wp\/v2\/comments?post=1750"}],"version-history":[{"count":1,"href":"https:\/\/yachtcharter-connection.com\/es\/wp-json\/wp\/v2\/pages\/1750\/revisions"}],"predecessor-version":[{"id":13999,"href":"https:\/\/yachtcharter-connection.com\/es\/wp-json\/wp\/v2\/pages\/1750\/revisions\/13999"}],"up":[{"embeddable":true,"href":"https:\/\/yachtcharter-connection.com\/es\/wp-json\/wp\/v2\/pages\/652"}],"wp:attachment":[{"href":"https:\/\/yachtcharter-connection.com\/es\/wp-json\/wp\/v2\/media?parent=1750"}],"curies":[{"name":"wp","href":"https:\/\/api.w.org\/{rel}","templated":true}]}}