{"id":1757,"date":"2014-06-28T19:18:11","date_gmt":"2014-06-28T19:18:11","guid":{"rendered":"http:\/\/yachtcharter-connection.com.w01e47c6.kasserver.com\/stockholm-saltsj%c3%b6baden-436\/"},"modified":"2016-10-29T19:07:35","modified_gmt":"2016-10-29T17:07:35","slug":"stockholm-saltsj%c3%b6baden-436","status":"publish","type":"page","link":"https:\/\/yachtcharter-connection.com\/es\/regiones\/mar-baltico\/alquiler-barcos-baltico-del-noreste\/stockholm-saltsj%c3%b6baden-436\/","title":{"rendered":"Stockholm \/ Saltsj\u00f6baden"},"content":{"rendered":"<h3>Alquiler de barcos Estocolmo \/ Saltsj\u00f6baden<\/h3>\n<p>\nSaltsj\u00f6baden es un municipio situado a las afueras de Estocolmo, al sur de la ciudad. Su nombre quiere decir &ldquo;ba\u00f1o de sal marina&rdquo; y es lugar de descanso. <\/p>\n<p><br type=\"_moz\" \/><\/p>\n","protected":false},"excerpt":{"rendered":"<p>Alquiler de barcos Estocolmo \/ Saltsj\u00f6baden Saltsj\u00f6baden es un municipio situado a las afueras de Estocolmo, al sur de la ciudad. Su nombre quiere decir &ldquo;ba\u00f1o de sal marina&rdquo; y es lugar de descanso.<\/p>\n","protected":false},"author":11,"featured_media":0,"parent":653,"menu_order":0,"comment_status":"open","ping_status":"open","template":"","meta":[],"aioseo_notices":[],"_links":{"self":[{"href":"https:\/\/yachtcharter-connection.com\/es\/wp-json\/wp\/v2\/pages\/1757"}],"collection":[{"href":"https:\/\/yachtcharter-connection.com\/es\/wp-json\/wp\/v2\/pages"}],"about":[{"href":"https:\/\/yachtcharter-connection.com\/es\/wp-json\/wp\/v2\/types\/page"}],"author":[{"embeddable":true,"href":"https:\/\/yachtcharter-connection.com\/es\/wp-json\/wp\/v2\/users\/11"}],"replies":[{"embeddable":true,"href":"https:\/\/yachtcharter-connection.com\/es\/wp-json\/wp\/v2\/comments?post=1757"}],"version-history":[{"count":1,"href":"https:\/\/yachtcharter-connection.com\/es\/wp-json\/wp\/v2\/pages\/1757\/revisions"}],"predecessor-version":[{"id":14034,"href":"https:\/\/yachtcharter-connection.com\/es\/wp-json\/wp\/v2\/pages\/1757\/revisions\/14034"}],"up":[{"embeddable":true,"href":"https:\/\/yachtcharter-connection.com\/es\/wp-json\/wp\/v2\/pages\/653"}],"wp:attachment":[{"href":"https:\/\/yachtcharter-connection.com\/es\/wp-json\/wp\/v2\/media?parent=1757"}],"curies":[{"name":"wp","href":"https:\/\/api.w.org\/{rel}","templated":true}]}}