{"id":1759,"date":"2015-08-10T05:53:51","date_gmt":"2015-08-10T05:53:51","guid":{"rendered":"http:\/\/yachtcharter-connection.com.w01e47c6.kasserver.com\/stenungssund-498\/"},"modified":"2016-10-29T19:08:02","modified_gmt":"2016-10-29T17:08:02","slug":"stenungssund-498","status":"publish","type":"page","link":"https:\/\/yachtcharter-connection.com\/es\/regiones\/mar-baltico\/alquiler-barcos-western-sweden-bohuslan\/stenungssund-498\/","title":{"rendered":"Stenungssund"},"content":{"rendered":"<h3>Alquiler de barcos Stenungssund<\/h3>\n<p>\nStenungsund est\u00e1 a 50 kil\u00f3metros escasos al norte de Gotemburgo. Se encuentra en el continente y es el nexo de uni\u00f3n de la tierra firme con las islas de Tj\u00f6rn y Orust. Aqu\u00ed antes hab\u00eda pantalanes con amarres para barcos, pero ahora se ha convertido en un centro tur\u00edstico. Est\u00e1 considerado como unos de los centros m\u00e1s importantes del deporte de vela en Suecia. <br \/>\n<br type=\"_moz\" \/><\/p>\n","protected":false},"excerpt":{"rendered":"<p>Alquiler de barcos Stenungssund Stenungsund est\u00e1 a 50 kil\u00f3metros escasos al norte de Gotemburgo. Se encuentra en el continente y es el nexo de uni\u00f3n de la tierra firme con las islas de Tj\u00f6rn y Orust. Aqu\u00ed antes hab\u00eda pantalanes con amarres para barcos, pero ahora se ha convertido en<\/p>\n","protected":false},"author":11,"featured_media":0,"parent":661,"menu_order":0,"comment_status":"open","ping_status":"open","template":"","meta":[],"aioseo_notices":[],"_links":{"self":[{"href":"https:\/\/yachtcharter-connection.com\/es\/wp-json\/wp\/v2\/pages\/1759"}],"collection":[{"href":"https:\/\/yachtcharter-connection.com\/es\/wp-json\/wp\/v2\/pages"}],"about":[{"href":"https:\/\/yachtcharter-connection.com\/es\/wp-json\/wp\/v2\/types\/page"}],"author":[{"embeddable":true,"href":"https:\/\/yachtcharter-connection.com\/es\/wp-json\/wp\/v2\/users\/11"}],"replies":[{"embeddable":true,"href":"https:\/\/yachtcharter-connection.com\/es\/wp-json\/wp\/v2\/comments?post=1759"}],"version-history":[{"count":1,"href":"https:\/\/yachtcharter-connection.com\/es\/wp-json\/wp\/v2\/pages\/1759\/revisions"}],"predecessor-version":[{"id":14082,"href":"https:\/\/yachtcharter-connection.com\/es\/wp-json\/wp\/v2\/pages\/1759\/revisions\/14082"}],"up":[{"embeddable":true,"href":"https:\/\/yachtcharter-connection.com\/es\/wp-json\/wp\/v2\/pages\/661"}],"wp:attachment":[{"href":"https:\/\/yachtcharter-connection.com\/es\/wp-json\/wp\/v2\/media?parent=1759"}],"curies":[{"name":"wp","href":"https:\/\/api.w.org\/{rel}","templated":true}]}}