{"id":1764,"date":"2015-08-10T05:53:51","date_gmt":"2015-08-10T05:53:51","guid":{"rendered":"http:\/\/yachtcharter-connection.com.w01e47c6.kasserver.com\/primosten-marina-kremik-172\/"},"modified":"2017-07-15T03:58:31","modified_gmt":"2017-07-15T01:58:31","slug":"primosten-marina-kremik-172","status":"publish","type":"page","link":"https:\/\/yachtcharter-connection.com\/es\/regiones\/mediterraneo\/alquiler-barcos-adriatico-del-sud\/primosten-marina-kremik-172\/","title":{"rendered":"Primosten \/ Marina Kremik"},"content":{"rendered":"<h3>Alquiler de barcos Marina Kremik<\/h3>\n<p>\n<img loading=\"lazy\" class=\"content-image\"  height=\"225\" width=\"300\" src=\"https:\/\/yachtcharter-connection.com\/wp-content\/uploads\/converted_files\/20336\/20336-5624e139381b1.jpg\" alt=\"Navegar_Croacia_Hvar\" \/>El puerto deportivo Marina Kremik est\u00e1 en la proximidad de <a target=\"_blank\" href=\"~\/Alquiler_barcos_croacia\/primosten.html\">Primoste<\/a>n, en el sur de Sibenik y al norte de Split, la ciudad con el aeropuerto en una distancia de aproximadamente 30 kilometros. La bahia donde est\u00e1 la Marina est\u00e1 rodeada por los vi\u00f1edos. Como base del Alquiler de barcos el puerto deportivo Kremik es popular para los equipos que quieren navegar cerca de 30 millas al archipi\u00e9lago de Kornati o al parque nacional de Krka &#8211; o a las islas m\u00e1s sur como Hvar (foto). Un autob\u00fas conecta el puerto deportivo con Primosten: All\u00ed usted encuentra una ciudad vieja pintoresca y todas las posibilidades para hacer las compras.<\/p>\n<p><\/p>\n","protected":false},"excerpt":{"rendered":"<p>Alquiler de barcos Marina Kremik El puerto deportivo Marina Kremik est\u00e1 en la proximidad de Primosten, en el sur de Sibenik y al norte de Split, la ciudad con el aeropuerto en una distancia de aproximadamente 30 kilometros. La bahia donde est\u00e1 la Marina est\u00e1 rodeada por los vi\u00f1edos. Como<\/p>\n","protected":false},"author":11,"featured_media":0,"parent":649,"menu_order":0,"comment_status":"open","ping_status":"open","template":"","meta":[],"aioseo_notices":[],"_links":{"self":[{"href":"https:\/\/yachtcharter-connection.com\/es\/wp-json\/wp\/v2\/pages\/1764"}],"collection":[{"href":"https:\/\/yachtcharter-connection.com\/es\/wp-json\/wp\/v2\/pages"}],"about":[{"href":"https:\/\/yachtcharter-connection.com\/es\/wp-json\/wp\/v2\/types\/page"}],"author":[{"embeddable":true,"href":"https:\/\/yachtcharter-connection.com\/es\/wp-json\/wp\/v2\/users\/11"}],"replies":[{"embeddable":true,"href":"https:\/\/yachtcharter-connection.com\/es\/wp-json\/wp\/v2\/comments?post=1764"}],"version-history":[{"count":1,"href":"https:\/\/yachtcharter-connection.com\/es\/wp-json\/wp\/v2\/pages\/1764\/revisions"}],"predecessor-version":[{"id":14125,"href":"https:\/\/yachtcharter-connection.com\/es\/wp-json\/wp\/v2\/pages\/1764\/revisions\/14125"}],"up":[{"embeddable":true,"href":"https:\/\/yachtcharter-connection.com\/es\/wp-json\/wp\/v2\/pages\/649"}],"wp:attachment":[{"href":"https:\/\/yachtcharter-connection.com\/es\/wp-json\/wp\/v2\/media?parent=1764"}],"curies":[{"name":"wp","href":"https:\/\/api.w.org\/{rel}","templated":true}]}}