{"id":177,"date":"2015-02-26T21:21:50","date_gmt":"2015-02-26T21:21:50","guid":{"rendered":"http:\/\/yachtcharter-connection.com.w01e47c6.kasserver.com\/informacion-de-viaje\/"},"modified":"2017-05-31T18:50:47","modified_gmt":"2017-05-31T16:50:47","slug":"informacion-de-viaje","status":"publish","type":"page","link":"https:\/\/yachtcharter-connection.com\/es\/informacion-de-viaje\/","title":{"rendered":"Informaci\u00f3n de Viaje"},"content":{"rendered":"<h3>Informaci\u00f3n de Viaje<\/h3>\n<p><img loading=\"lazy\" class=\"content-image\" src=\"https:\/\/yachtcharter-connection.com\/wp-content\/uploads\/converted_files\/162\/162-561d1016beec2.jpg\" alt=\"Su viaje a la base de ch\u00e1rter\" width=\"300\" height=\"200\" \/><\/p>\n<p>\u00bfQu\u00e9 carnet de conducir de barco es importante y en qu\u00e9 pa\u00edses? \u00bfC\u00f3mo viajo a la base de ch\u00e1rter? \u00bfQu\u00e9 formalidades de la entrada tengo que considerar? No somos una agencia de viajes, pero por supuesto podemos informarle sobre los detalles mas importantes de su viaje. Si usted no desea reservar sus vuelos le conectaremos con una agencia de viajes colaboradora.<\/p>\n<div style=\"clear: both;\"><\/div>\n","protected":false},"excerpt":{"rendered":"<p>Informaci\u00f3n de Viaje \u00bfQu\u00e9 carnet de conducir de barco es importante y en qu\u00e9 pa\u00edses? \u00bfC\u00f3mo viajo a la base de ch\u00e1rter? \u00bfQu\u00e9 formalidades de la entrada tengo que considerar? No somos una agencia de viajes, pero por supuesto podemos informarle sobre los detalles mas importantes de su viaje. Si<\/p>\n","protected":false},"author":11,"featured_media":0,"parent":0,"menu_order":0,"comment_status":"open","ping_status":"open","template":"","meta":[],"aioseo_notices":[],"_links":{"self":[{"href":"https:\/\/yachtcharter-connection.com\/es\/wp-json\/wp\/v2\/pages\/177"}],"collection":[{"href":"https:\/\/yachtcharter-connection.com\/es\/wp-json\/wp\/v2\/pages"}],"about":[{"href":"https:\/\/yachtcharter-connection.com\/es\/wp-json\/wp\/v2\/types\/page"}],"author":[{"embeddable":true,"href":"https:\/\/yachtcharter-connection.com\/es\/wp-json\/wp\/v2\/users\/11"}],"replies":[{"embeddable":true,"href":"https:\/\/yachtcharter-connection.com\/es\/wp-json\/wp\/v2\/comments?post=177"}],"version-history":[{"count":3,"href":"https:\/\/yachtcharter-connection.com\/es\/wp-json\/wp\/v2\/pages\/177\/revisions"}],"predecessor-version":[{"id":22209,"href":"https:\/\/yachtcharter-connection.com\/es\/wp-json\/wp\/v2\/pages\/177\/revisions\/22209"}],"wp:attachment":[{"href":"https:\/\/yachtcharter-connection.com\/es\/wp-json\/wp\/v2\/media?parent=177"}],"curies":[{"name":"wp","href":"https:\/\/api.w.org\/{rel}","templated":true}]}}