{"id":1772,"date":"2015-08-10T05:53:51","date_gmt":"2015-08-10T05:53:51","guid":{"rendered":"http:\/\/yachtcharter-connection.com.w01e47c6.kasserver.com\/sicilia-trapani\/"},"modified":"2017-07-16T05:23:06","modified_gmt":"2017-07-16T03:23:06","slug":"sicilia-trapani","status":"publish","type":"page","link":"https:\/\/yachtcharter-connection.com\/es\/regiones\/mediterraneo\/alquiler-barcos-sicilia-eolicas-calabria\/sicilia-trapani\/","title":{"rendered":"Sicilia \/ Trapani"},"content":{"rendered":"<h3>Alquiler de barcos Sicila \/ Trapani<\/h3>\n<p>\n<img class=\"content-image\"  src=\"https:\/\/yachtcharter-connection.com\/wp-content\/uploads\/converted_files\/20348\/20348-5624e13bcbeb1.jpg\" alt=\"Alquiler-yates-Silicia-Trapani.jpg\" style=\"width: 300px; height: 200px;\" \/>El destino de ch\u00e1rter de yates Trapani se encuentra en la esquina noroeste de <a href=\"~\/mediterraneo\/Alquiler_barcos_sicilia_eolicas_calabria.html\">Sicilia<\/a> &#8211; un punto de partida ideal para navegar a las islas de Egadi. La historia de Trapani, capital de la provincia y la s\u00e9ptima ciudad m\u00e1s grande de Sicilia, se remonta a la mitolog\u00eda griega en la \u00e9poca de la guerra de Troya. El nombre viene de la palabra griega que significa &quot;media luna&quot; Drepanum &#8211; referente a un arrecife en forma de media luna en el suroeste de la Ciudad Vieja. Fenicios, cartagineses, \u00e1rabes y normandos m\u00e1s tarde se establecieron aqu\u00ed y han dejado su huella en la ciudad. Pesca, la agricultura, la producci\u00f3n de sal en las salinas grandes y la viticultura durante mucho tiempo dominaban la vida econ\u00f3mica. La Mattanza, la caza del at\u00fan entre Trapani e Isla Favignana fue considerado durante mucho tiempo como atracci\u00f3n tur\u00edstica. El casco hist\u00f3rico ha sido renovado as\u00ed como el puerto en 2005. Desde entonces, el turismo se est\u00e1 convirtiendo cada vez m\u00e1s importante.<\/p>\n<p>El casco antiguo con muchas casas se\u00f1oriales, palacios e iglesias invita a los equipos de alquiler barcos en Trapani  para pasear. Si tiene tiempo, tambi\u00e9n puede visitar las salinas y el museo de la sal. En el mercado de pescado, puede comprar todos los mariscos fresco de la ma\u00f1ana para la cocina a bordo.<\/p>\n<p>\nTrapani, dominada por la monta\u00f1a Monte Giuliano, es un puerto importante para ferrys y puerto de carga para el sur del Mediterr\u00e1neo, y tambi\u00e9n los grandes cruceros visitan Trapani. La grande fortaleza en el muelle exterior es visible desde el mar a lo lejos. Dentro del gran puerto, hay varios peque\u00f1os puertos deportivos para yates y bases de charter de yates Trapani. Al este del muelle, hay una buena zona de fondeo. Las tripulaci\u00f3nes de alquiler de yates Trapani llegan a la Marina a trav\u00e9s del aeropuerto de Trapani, que est\u00e1 a s\u00f3lo 18 kil\u00f3metros de distancia.<\/p>\n<p>La mayor\u00eda de los equipos de alquiler de yates en Trapani navegan hacia las islas Egadi: a la isla principal Favignano (atracci\u00f3n tur\u00edstica del verano), y a las otras islas habitadas Maraone, Marettimo y Formica. Una excursi\u00f3n a <a href=\"~\/Alquiler_barcos_italia\/sicilia_marsala.html\">Marsala<\/a> vale la pena tambi\u00e9n. Sin embargo, un crucero a lo largo de la costa septentrional de Sicilia hasta <a href=\"~\/Alquiler_barcos_italia\/sicilia_palermo.html\">Palermo<\/a> es interesante tambi\u00e9n, con una parada en el pintoresco pueblo pesquero de Castellammare del Golfo.<\/p>\n<p><strong>Ch\u00e1rter de yates Sicilia \/ Trapani: Para alquiler de barcos en Sicilia, veleros en Trapani est\u00e1n disponibles, entre otros yates de vela de Beneteau y Bavaria.<\/strong><\/p>\n","protected":false},"excerpt":{"rendered":"<p>Alquiler de barcos Sicila \/ Trapani El destino de ch\u00e1rter de yates Trapani se encuentra en la esquina noroeste de Sicilia &#8211; un punto de partida ideal para navegar a las islas de Egadi. La historia de Trapani, capital de la provincia y la s\u00e9ptima ciudad m\u00e1s grande de Sicilia,<\/p>\n","protected":false},"author":11,"featured_media":0,"parent":666,"menu_order":0,"comment_status":"open","ping_status":"open","template":"","meta":[],"aioseo_notices":[],"_links":{"self":[{"href":"https:\/\/yachtcharter-connection.com\/es\/wp-json\/wp\/v2\/pages\/1772"}],"collection":[{"href":"https:\/\/yachtcharter-connection.com\/es\/wp-json\/wp\/v2\/pages"}],"about":[{"href":"https:\/\/yachtcharter-connection.com\/es\/wp-json\/wp\/v2\/types\/page"}],"author":[{"embeddable":true,"href":"https:\/\/yachtcharter-connection.com\/es\/wp-json\/wp\/v2\/users\/11"}],"replies":[{"embeddable":true,"href":"https:\/\/yachtcharter-connection.com\/es\/wp-json\/wp\/v2\/comments?post=1772"}],"version-history":[{"count":2,"href":"https:\/\/yachtcharter-connection.com\/es\/wp-json\/wp\/v2\/pages\/1772\/revisions"}],"predecessor-version":[{"id":24288,"href":"https:\/\/yachtcharter-connection.com\/es\/wp-json\/wp\/v2\/pages\/1772\/revisions\/24288"}],"up":[{"embeddable":true,"href":"https:\/\/yachtcharter-connection.com\/es\/wp-json\/wp\/v2\/pages\/666"}],"wp:attachment":[{"href":"https:\/\/yachtcharter-connection.com\/es\/wp-json\/wp\/v2\/media?parent=1772"}],"curies":[{"name":"wp","href":"https:\/\/api.w.org\/{rel}","templated":true}]}}