{"id":1773,"date":"2014-06-28T01:23:17","date_gmt":"2014-06-28T01:23:17","guid":{"rendered":"http:\/\/yachtcharter-connection.com.w01e47c6.kasserver.com\/viti-levu\/"},"modified":"2016-10-29T22:09:17","modified_gmt":"2016-10-29T20:09:17","slug":"viti-levu","status":"publish","type":"page","link":"https:\/\/yachtcharter-connection.com\/es\/regiones\/pacifico\/alquiler-barcos-islas-fiji\/viti-levu\/","title":{"rendered":"Viti Levu"},"content":{"rendered":"<h3>Alquiler de barcos Fiji &#8211; Viti Levu<\/h3>\n<p>\n<img loading=\"lazy\" class=\"content-image\"  height=\"199\" width=\"300\" src=\"https:\/\/yachtcharter-connection.com\/wp-content\/uploads\/converted_files\/20349\/20349-5624e141d6095.jpg\" alt=\"Navegar en Fiji\" \/>iti Levu es la isla m\u00e1s grande del archipi\u00e9lago de Fiji con m\u00e1s de 10.000 kil\u00f3metros cuadrados. Los navegantes llegan el aeropuerto internacional en Suva, el capital.<\/p>\n","protected":false},"excerpt":{"rendered":"<p>Alquiler de barcos Fiji &#8211; Viti Levu iti Levu es la isla m\u00e1s grande del archipi\u00e9lago de Fiji con m\u00e1s de 10.000 kil\u00f3metros cuadrados. Los navegantes llegan el aeropuerto internacional en Suva, el capital.<\/p>\n","protected":false},"author":11,"featured_media":0,"parent":679,"menu_order":0,"comment_status":"open","ping_status":"open","template":"","meta":[],"aioseo_notices":[],"_links":{"self":[{"href":"https:\/\/yachtcharter-connection.com\/es\/wp-json\/wp\/v2\/pages\/1773"}],"collection":[{"href":"https:\/\/yachtcharter-connection.com\/es\/wp-json\/wp\/v2\/pages"}],"about":[{"href":"https:\/\/yachtcharter-connection.com\/es\/wp-json\/wp\/v2\/types\/page"}],"author":[{"embeddable":true,"href":"https:\/\/yachtcharter-connection.com\/es\/wp-json\/wp\/v2\/users\/11"}],"replies":[{"embeddable":true,"href":"https:\/\/yachtcharter-connection.com\/es\/wp-json\/wp\/v2\/comments?post=1773"}],"version-history":[{"count":1,"href":"https:\/\/yachtcharter-connection.com\/es\/wp-json\/wp\/v2\/pages\/1773\/revisions"}],"predecessor-version":[{"id":14458,"href":"https:\/\/yachtcharter-connection.com\/es\/wp-json\/wp\/v2\/pages\/1773\/revisions\/14458"}],"up":[{"embeddable":true,"href":"https:\/\/yachtcharter-connection.com\/es\/wp-json\/wp\/v2\/pages\/679"}],"wp:attachment":[{"href":"https:\/\/yachtcharter-connection.com\/es\/wp-json\/wp\/v2\/media?parent=1773"}],"curies":[{"name":"wp","href":"https:\/\/api.w.org\/{rel}","templated":true}]}}