{"id":178,"date":"2015-02-26T21:22:28","date_gmt":"2015-02-26T21:22:28","guid":{"rendered":"http:\/\/yachtcharter-connection.com.w01e47c6.kasserver.com\/seguros\/"},"modified":"2025-02-26T11:53:23","modified_gmt":"2025-02-26T09:53:23","slug":"seguros","status":"publish","type":"page","link":"https:\/\/yachtcharter-connection.com\/es\/seguros\/","title":{"rendered":"Seguros de ch\u00e1rter"},"content":{"rendered":"<h1>Seguros de ch\u00e1rter<\/h1>\n<p><img loading=\"lazy\" class=\"content-image\" src=\"https:\/\/yachtcharter-connection.com\/wp-content\/uploads\/converted_files\/163\/163-561d101807ba1.jpg\" alt=\"\" width=\"233\" height=\"311\" \/>Los equipos de alquiler de barcos siempre tienen que pagar una fianza, un dep\u00f3sito de seguridad, a la llegada a la base de ch\u00e1rter. Esto cubrir\u00e1 el exceso \/ la franquicia en la cobertura del seguro del barco alquilado en caso de una reclamaci\u00f3n. Siempre recomendamos tomar un seguro de la fianza. Estaremos encantados de enviarle m\u00e1s informaci\u00f3n sobre la responsabilidad del capit\u00e1n, el seguro de cancelaci\u00f3n de viaje o el seguro de p\u00e9rdida consecuencial.<\/p>\n<p><strong>Explicaci\u00f3n Seguro de la fianza:<\/strong><\/p>\n<p>B\u00e1sicamente todas las bases de alquiler de barcos aseguran los yates de sus flotas con el seguro de responsabilidad civil y el seguro del casco. En pocas palabras, el seguro de responsabilidad civil cubre da\u00f1os a otros barcos, instalaciones portuarias o extra\u00f1os. El seguro del casco cubre los da\u00f1os al yate alquilado &#8211; para el seguro del casco, siempre hay una franquicia. Para esta franquicia que no est\u00e1 cubierto por el seguro del casco, hay que pagar la fianza.<\/p>\n<p>Siempre recomendamos asegurar esta fianza con un seguro. En algunos casos, las compa\u00f1\u00edas de ch\u00e1rter ofrecen un seguro propio con un &#8220;damage waiver&#8221;: El precio de este no se devuelve, pero hay que pagar mucho menos fianza reembolsable. Pero con la mayor\u00eda de las bases de la alquiler de barcos, un seguro de la fianza con una compa\u00f1\u00eda de seguros se recomienda.<\/p>\n<p><strong>Otros seguros de ch\u00e1rter recomendados son:<\/strong><\/p>\n<p>&#8211; Seguro de responsabilidad civil del patr\u00f3n<\/p>\n<p>&#8211; Seguro de cancelaci\u00f3n del alquiler &#8211; en caso de enfermedad del patr\u00f3n o de los miembros de la tripulaci\u00f3n se enfermen<\/p>\n<p>&#8211; Seguro de salud de viaje internacional, eventualmente seguro de accidentes<\/p>\n<p><strong>Seguro de cancelaci\u00f3n de viajes y seguro de salud de viaje son recomendados tambi\u00e9n como para los hu\u00e9spedes que viajan con Charters con tripulaci\u00f3n.<\/strong><\/p>\n<p>Solicite su seguro en l\u00ednea aqu\u00ed. Si tiene alguna pregunta sobre los seguros individuales, p\u00f3ngase en contacto directamente con el proveedor:<\/p>\n<p>&nbsp;<\/p>\n<p><img loading=\"lazy\" src=\"https:\/\/yachtcharter-connection.com\/images\/versicherungen\/pantaenius.png\" alt=\"Seguro de yates Pantaenius\" width=\"190\" height=\"67\" \/>\u00a0 <a href=\"https:\/\/www.pantaenius.com\/de-en\/insurance\/charter\/?adid=2811\" target=\"_blank\" rel=\"noopener\"><strong>Pantaenius ha desarrollado una amplia cobertura de seguro para su crucero ch\u00e1rter.<\/strong><\/a><\/p>\n<h4><strong>\u00a0<\/strong><\/h4>\n","protected":false},"excerpt":{"rendered":"<p>Seguros de ch\u00e1rter Los equipos de alquiler de barcos siempre tienen que pagar una fianza, un dep\u00f3sito de seguridad, a la llegada a la base de ch\u00e1rter. Esto cubrir\u00e1 el exceso \/ la franquicia en la cobertura del seguro del barco alquilado en caso de una reclamaci\u00f3n. Siempre recomendamos tomar<\/p>\n","protected":false},"author":11,"featured_media":0,"parent":0,"menu_order":0,"comment_status":"open","ping_status":"open","template":"","meta":[],"aioseo_notices":[],"_links":{"self":[{"href":"https:\/\/yachtcharter-connection.com\/es\/wp-json\/wp\/v2\/pages\/178"}],"collection":[{"href":"https:\/\/yachtcharter-connection.com\/es\/wp-json\/wp\/v2\/pages"}],"about":[{"href":"https:\/\/yachtcharter-connection.com\/es\/wp-json\/wp\/v2\/types\/page"}],"author":[{"embeddable":true,"href":"https:\/\/yachtcharter-connection.com\/es\/wp-json\/wp\/v2\/users\/11"}],"replies":[{"embeddable":true,"href":"https:\/\/yachtcharter-connection.com\/es\/wp-json\/wp\/v2\/comments?post=178"}],"version-history":[{"count":11,"href":"https:\/\/yachtcharter-connection.com\/es\/wp-json\/wp\/v2\/pages\/178\/revisions"}],"predecessor-version":[{"id":31207,"href":"https:\/\/yachtcharter-connection.com\/es\/wp-json\/wp\/v2\/pages\/178\/revisions\/31207"}],"wp:attachment":[{"href":"https:\/\/yachtcharter-connection.com\/es\/wp-json\/wp\/v2\/media?parent=178"}],"curies":[{"name":"wp","href":"https:\/\/api.w.org\/{rel}","templated":true}]}}