{"id":179,"date":"2015-02-26T21:23:00","date_gmt":"2015-02-26T21:23:00","guid":{"rendered":"http:\/\/yachtcharter-connection.com.w01e47c6.kasserver.com\/listas-downloads\/"},"modified":"2017-04-10T17:07:26","modified_gmt":"2017-04-10T15:07:26","slug":"listas-downloads","status":"publish","type":"page","link":"https:\/\/yachtcharter-connection.com\/es\/listas-downloads\/","title":{"rendered":"Listas &#038; Descargas"},"content":{"rendered":"<h3>Listas &amp; Descargas<\/h3>\n<p>Aqu\u00ed usted encuentra un n\u00famero de listas de cheque \u00fatiles y otras formas, que hacen el planeamiento y la realizaci\u00f3n de sus vacaciones de ch\u00e1rter m\u00e1s f\u00e1ciles para usted.<\/p>\n<p><a href=\"https:\/\/yachtcharter-connection.com\/wp-content\/uploads\/converted_files\/164\/164-561d101d75baf.jpg\"><u><b><a href=\"https:\/\/yachtcharter-connection.com\/wp-content\/uploads\/2015\/02\/Lista-tripulacion.doc\" target=\"_blank\">&#8211; Lista de tripulaci\u00f3n<\/a><\/b><\/u><\/a><\/p>\n<p>Cuando navege en destinos como en las islas del Car\u00edbe donde tiene que pasar la inmigraci\u00f3n de varios pa\u00edses no se olvide de llevarse varias copias de la lista de tripulaci\u00f3n &#8211; las necesitar\u00e1.<\/p>\n<p><a href=\"https:\/\/yachtcharter-connection.com\/wp-content\/uploads\/converted_files\/164\/164-561d101e8d2a2.pdf\" target=\"_blank\"><u><b>&#8211; Condiciones de ch\u00e1rter<\/b><\/u><\/a><\/p>\n<p>Estas son las condiciones generales para su contrato de ch\u00e1rter &#8211; por supuesto hay que considerar las condiciones especiales de la base de ch\u00e1rter tambi\u00e9n.<\/p>\n<p><a href=\"https:\/\/yachtcharter-connection.com\/wp-content\/uploads\/converted_files\/164\/164-561d101fd1929.doc\" target=\"_blank\"><u><b>&#8211; Lista de compras <\/b><\/u><\/a><\/p>\n<p>Muchas bases de ch\u00e1rter ofrecen hacer las compras para usted &#8211; le enviaremos sus listas de compras detalladas antes de su ch\u00e1rter. Pero si lo quiere hacer usted esta lista puede ayudarle a no olvidar algunas cosas importantes.<\/p>\n<p><a href=\"https:\/\/yachtcharter-connection.com\/wp-content\/uploads\/converted_files\/164\/164-561d10215eb51.pdf\" target=\"_blank\"><u><b>&#8211; Checklist: Tareas de la Tripulacion<\/b><\/u><\/a><\/p>\n<p>Qui\u00e9n de la tripulaci\u00f3n es responsable para que tarea? Si se trata de seguridad o de otras tareas a bordo: Esta lista ayuda a distribuir las tareas diferentes entre los miembros de la tripuclaci\u00f3n&#8230;<\/p>\n<p><u><b>&#8211; Listas puntas de referencia \/ waypoints<\/b><\/u><\/p>\n<p>Estas listas con puntas de referencias, con waypoints en algunas regiones, les ayuda a hacer su itinerario:<\/p>\n<p><a href=\"https:\/\/yachtcharter-connection.com\/wp-content\/uploads\/converted_files\/164\/164-561d10227783d.pdf\" target=\"_blank\"><u>&#8211; Waypoints Islas de la Virgen Britanicas<\/u><\/a><br \/>\n<a href=\"https:\/\/yachtcharter-connection.com\/wp-content\/uploads\/converted_files\/164\/164-561d1023a5c1f.pdf\" target=\"_blank\"><u>&#8211; Waypoints Cuba<\/u><\/a><br \/>\n&#8211;<a href=\"https:\/\/yachtcharter-connection.com\/wp-content\/uploads\/converted_files\/164\/164-561d10251b6ef.pdf\" target=\"_blank\"><u> Waypoints Elba \/ C\u00f3rcega<\/u><\/a><br \/>\n<a href=\"https:\/\/yachtcharter-connection.com\/wp-content\/uploads\/converted_files\/164\/164-561d10264eeab.pdf\" target=\"_blank\"><u>&#8211; Waypoints Croacia \/ Dalmaci<\/u><\/a>a<\/p>\n<p><b>\u00a1Le deseamos un buen crucero ! <\/b><\/p>\n","protected":false},"excerpt":{"rendered":"<p>Listas &amp; Descargas Aqu\u00ed usted encuentra un n\u00famero de listas de cheque \u00fatiles y otras formas, que hacen el planeamiento y la realizaci\u00f3n de sus vacaciones de ch\u00e1rter m\u00e1s f\u00e1ciles para usted. &#8211; Lista de tripulaci\u00f3n Cuando navege en destinos como en las islas del Car\u00edbe donde tiene que pasar<\/p>\n","protected":false},"author":11,"featured_media":0,"parent":0,"menu_order":0,"comment_status":"open","ping_status":"open","template":"","meta":[],"aioseo_notices":[],"_links":{"self":[{"href":"https:\/\/yachtcharter-connection.com\/es\/wp-json\/wp\/v2\/pages\/179"}],"collection":[{"href":"https:\/\/yachtcharter-connection.com\/es\/wp-json\/wp\/v2\/pages"}],"about":[{"href":"https:\/\/yachtcharter-connection.com\/es\/wp-json\/wp\/v2\/types\/page"}],"author":[{"embeddable":true,"href":"https:\/\/yachtcharter-connection.com\/es\/wp-json\/wp\/v2\/users\/11"}],"replies":[{"embeddable":true,"href":"https:\/\/yachtcharter-connection.com\/es\/wp-json\/wp\/v2\/comments?post=179"}],"version-history":[{"count":3,"href":"https:\/\/yachtcharter-connection.com\/es\/wp-json\/wp\/v2\/pages\/179\/revisions"}],"predecessor-version":[{"id":15524,"href":"https:\/\/yachtcharter-connection.com\/es\/wp-json\/wp\/v2\/pages\/179\/revisions\/15524"}],"wp:attachment":[{"href":"https:\/\/yachtcharter-connection.com\/es\/wp-json\/wp\/v2\/media?parent=179"}],"curies":[{"name":"wp","href":"https:\/\/api.w.org\/{rel}","templated":true}]}}