{"id":1790,"date":"2015-03-22T06:02:00","date_gmt":"2015-03-22T06:02:00","guid":{"rendered":"http:\/\/yachtcharter-connection.com.w01e47c6.kasserver.com\/sao-vincente-316\/"},"modified":"2016-10-29T19:03:38","modified_gmt":"2016-10-29T17:03:38","slug":"sao-vincente-316","status":"publish","type":"page","link":"https:\/\/yachtcharter-connection.com\/es\/regiones\/atlantico-africa-occidental\/alquiler-barcos-cape-verdean-islands\/sao-vincente-316\/","title":{"rendered":"Sao Vincente"},"content":{"rendered":"<h3>Alquiler de barcos Sao Vincente &#8211; Mindelo<\/h3>\n<p>\n<img loading=\"lazy\" class=\"content-image\"  width=\"300\" height=\"222\" alt=\"alquiler-de-barcos-cabo-verde-mindelo-sao-vicente\" src=\"https:\/\/yachtcharter-connection.com\/wp-content\/uploads\/converted_files\/20374\/20374-5624e14a5fba2.jpg\" \/>Mindelo, la capital de las Islas con una base de Alquiler de barcos, situada  en San Vicente fue base de operaciones de los submarinos alemanes durante la II Guerra Mundial y tambi\u00e9n campo de acci\u00f3n para esp\u00edas de diferentes &ldquo;colores&rdquo;. Actualmente esta ciudad situada en la amplia bah\u00eda natural de una de las islas habitadas del archipi\u00e9lago de Cabo Verde, es puerto de una peque\u00f1a flota de Alquiler de barcos.<\/p>\n<p>\n<img loading=\"lazy\" class=\"content-image\"  width=\"300\" height=\"400\" alt=\"pescadores en cabo verde\" src=\"https:\/\/yachtcharter-connection.com\/wp-content\/uploads\/converted_files\/20374\/20374-5624e14bcd396.jpg\" \/>En la extensa bah\u00eda fondean yates, muchos de ellos a medio camino en su traves\u00eda atl\u00e1ntica. Cargueros, barcos semiabandonados&#8230; el parque de embarcaciones es muy variopinto. En Mindelo hay incluso un club n\u00e1utico cerca de la base de Alquiler de barcos, diversos bares en parte bastante modernos, cultura, edificios coloniales y un mercado de pescado digno de verse.<\/p>\n<p>La nueva marina de Alquiler de barcos en Mindelo se abri\u00f3 en 2007. Para el turismo de Alquiler de barcos, hay 145 amarres en pantalanes flotantes, restaurante, ba\u00f1os, gasolinera y tambi\u00e9n WiFi.<\/p>\n<p><\/p>\n","protected":false},"excerpt":{"rendered":"<p>Alquiler de barcos Sao Vincente &#8211; Mindelo Mindelo, la capital de las Islas con una base de Alquiler de barcos, situada en San Vicente fue base de operaciones de los submarinos alemanes durante la II Guerra Mundial y tambi\u00e9n campo de acci\u00f3n para esp\u00edas de diferentes &ldquo;colores&rdquo;. Actualmente esta ciudad<\/p>\n","protected":false},"author":11,"featured_media":0,"parent":684,"menu_order":0,"comment_status":"open","ping_status":"open","template":"","meta":[],"aioseo_notices":[],"_links":{"self":[{"href":"https:\/\/yachtcharter-connection.com\/es\/wp-json\/wp\/v2\/pages\/1790"}],"collection":[{"href":"https:\/\/yachtcharter-connection.com\/es\/wp-json\/wp\/v2\/pages"}],"about":[{"href":"https:\/\/yachtcharter-connection.com\/es\/wp-json\/wp\/v2\/types\/page"}],"author":[{"embeddable":true,"href":"https:\/\/yachtcharter-connection.com\/es\/wp-json\/wp\/v2\/users\/11"}],"replies":[{"embeddable":true,"href":"https:\/\/yachtcharter-connection.com\/es\/wp-json\/wp\/v2\/comments?post=1790"}],"version-history":[{"count":1,"href":"https:\/\/yachtcharter-connection.com\/es\/wp-json\/wp\/v2\/pages\/1790\/revisions"}],"predecessor-version":[{"id":13864,"href":"https:\/\/yachtcharter-connection.com\/es\/wp-json\/wp\/v2\/pages\/1790\/revisions\/13864"}],"up":[{"embeddable":true,"href":"https:\/\/yachtcharter-connection.com\/es\/wp-json\/wp\/v2\/pages\/684"}],"wp:attachment":[{"href":"https:\/\/yachtcharter-connection.com\/es\/wp-json\/wp\/v2\/media?parent=1790"}],"curies":[{"name":"wp","href":"https:\/\/api.w.org\/{rel}","templated":true}]}}