{"id":1796,"date":"2014-06-28T01:25:43","date_gmt":"2014-06-28T01:25:43","guid":{"rendered":"http:\/\/yachtcharter-connection.com.w01e47c6.kasserver.com\/helsinki-630\/"},"modified":"2016-10-29T19:07:26","modified_gmt":"2016-10-29T17:07:26","slug":"helsinki-630","status":"publish","type":"page","link":"https:\/\/yachtcharter-connection.com\/es\/regiones\/mar-baltico\/alquiler-barcos-baltico-del-noreste\/helsinki-630\/","title":{"rendered":"Helsinki"},"content":{"rendered":"<h3>Alquiler de barcos Helsinki<\/h3>\n<p><img loading=\"lazy\" class=\"content-image\"  height=\"200\" width=\"300\" src=\"https:\/\/yachtcharter-connection.com\/wp-content\/uploads\/converted_files\/20380\/20380-5624e14e9d3f7.jpg\" alt=\"Finlandia Puerto de Helsinki\" \/>En el sur de Finlandia, en la costa del Golfo de Finlandia, frente a Estonia, se encuentra la capital: Helsinki. M\u00e1s de dos tercios de la extensi\u00f3n de la ciudad son agua. Frente a ella se sit\u00faan m\u00e1s de 300 islas. La costa es muy irregular, repleta de entrantes y pen\u00ednsulas, calas y bah\u00edas. Las islas m\u00e1s famosas son Suomenlinna que, con su antigua fortaleza,  ha sido declarada por la UNESCO Patrimonio de la Humanidad, Korkeasaari, que tiene un parque zool\u00f3gico, y Seurasaari y su museo al aire libre. Si queremos iniciar la ruta ch\u00e1rter en Helsinki, no podemos dejar pasar  la oportunidad de conocer la vida de la ciudad en el Paseo Esplanadi y en la calle de Aleksanterinkatu, una de las arterias principales de la ciudad. La arquitectura clasicista y funcional, la catedral ortodoxa o  la posibilidad de acudir a un festival al aire libre en una noche n\u00f3rdica son otros atractivos de Helsinki. Y adem\u00e1s en el oeste de la ciudad tenemos la playa de  Hietaniemi.<\/p>\n<p><br type=\"_moz\" \/><\/p>\n","protected":false},"excerpt":{"rendered":"<p>Alquiler de barcos Helsinki En el sur de Finlandia, en la costa del Golfo de Finlandia, frente a Estonia, se encuentra la capital: Helsinki. M\u00e1s de dos tercios de la extensi\u00f3n de la ciudad son agua. Frente a ella se sit\u00faan m\u00e1s de 300 islas. La costa es muy irregular,<\/p>\n","protected":false},"author":11,"featured_media":0,"parent":653,"menu_order":0,"comment_status":"open","ping_status":"open","template":"","meta":[],"aioseo_notices":[],"_links":{"self":[{"href":"https:\/\/yachtcharter-connection.com\/es\/wp-json\/wp\/v2\/pages\/1796"}],"collection":[{"href":"https:\/\/yachtcharter-connection.com\/es\/wp-json\/wp\/v2\/pages"}],"about":[{"href":"https:\/\/yachtcharter-connection.com\/es\/wp-json\/wp\/v2\/types\/page"}],"author":[{"embeddable":true,"href":"https:\/\/yachtcharter-connection.com\/es\/wp-json\/wp\/v2\/users\/11"}],"replies":[{"embeddable":true,"href":"https:\/\/yachtcharter-connection.com\/es\/wp-json\/wp\/v2\/comments?post=1796"}],"version-history":[{"count":1,"href":"https:\/\/yachtcharter-connection.com\/es\/wp-json\/wp\/v2\/pages\/1796\/revisions"}],"predecessor-version":[{"id":14018,"href":"https:\/\/yachtcharter-connection.com\/es\/wp-json\/wp\/v2\/pages\/1796\/revisions\/14018"}],"up":[{"embeddable":true,"href":"https:\/\/yachtcharter-connection.com\/es\/wp-json\/wp\/v2\/pages\/653"}],"wp:attachment":[{"href":"https:\/\/yachtcharter-connection.com\/es\/wp-json\/wp\/v2\/media?parent=1796"}],"curies":[{"name":"wp","href":"https:\/\/api.w.org\/{rel}","templated":true}]}}