{"id":1797,"date":"2014-06-28T01:30:59","date_gmt":"2014-06-28T01:30:59","guid":{"rendered":"http:\/\/yachtcharter-connection.com.w01e47c6.kasserver.com\/turku-482\/"},"modified":"2016-10-29T19:07:37","modified_gmt":"2016-10-29T17:07:37","slug":"turku-482","status":"publish","type":"page","link":"https:\/\/yachtcharter-connection.com\/es\/regiones\/mar-baltico\/alquiler-barcos-baltico-del-noreste\/turku-482\/","title":{"rendered":"Turku"},"content":{"rendered":"<h3>Alquiler de barcos Turku<\/h3>\n<p>\nTurku, la quinta ciudad m\u00e1s grande de Finlandia, se encuentra en la desembocadura del Aurajoki, en el suroeste del pa\u00eds. Es la capital de la provincia de Finlandia Oeste. Ante Turku se encuentran m\u00e1s de 20.000 islas. En la ciudad hay una larga tradici\u00f3n en construcci\u00f3n de barcos, tambi\u00e9n de embarcaciones a motor; pero con el tiempo tambi\u00e9n se ha convertido en un importante centro de investigaci\u00f3n que gira en torno a las universidades y a varias empresas de tecnolog\u00eda afincadas en la ciudad. Merece la pena  visitar el castillo, situado en la orilla norte del r\u00edo, cerca del puerto. Es la construcci\u00f3n medieval mejor conservada de todo el pa\u00eds y aloja un museo de Historia. Hay en la ciudad adem\u00e1s varias iglesias y es muy interesante el museo al aire libre que muestra artesan\u00eda tradicional. Pero para los navegantes lo m\u00e1s importante es sin duda el museo naval Forum Marinum y los barcos hist\u00f3ricos Suomen Joutsen y Sigyn que se encuentran en el  Aurajoki.<\/p>\n<p><br type=\"_moz\" \/><\/p>\n","protected":false},"excerpt":{"rendered":"<p>Alquiler de barcos Turku Turku, la quinta ciudad m\u00e1s grande de Finlandia, se encuentra en la desembocadura del Aurajoki, en el suroeste del pa\u00eds. Es la capital de la provincia de Finlandia Oeste. Ante Turku se encuentran m\u00e1s de 20.000 islas. En la ciudad hay una larga tradici\u00f3n en construcci\u00f3n<\/p>\n","protected":false},"author":11,"featured_media":0,"parent":653,"menu_order":0,"comment_status":"open","ping_status":"open","template":"","meta":[],"aioseo_notices":[],"_links":{"self":[{"href":"https:\/\/yachtcharter-connection.com\/es\/wp-json\/wp\/v2\/pages\/1797"}],"collection":[{"href":"https:\/\/yachtcharter-connection.com\/es\/wp-json\/wp\/v2\/pages"}],"about":[{"href":"https:\/\/yachtcharter-connection.com\/es\/wp-json\/wp\/v2\/types\/page"}],"author":[{"embeddable":true,"href":"https:\/\/yachtcharter-connection.com\/es\/wp-json\/wp\/v2\/users\/11"}],"replies":[{"embeddable":true,"href":"https:\/\/yachtcharter-connection.com\/es\/wp-json\/wp\/v2\/comments?post=1797"}],"version-history":[{"count":1,"href":"https:\/\/yachtcharter-connection.com\/es\/wp-json\/wp\/v2\/pages\/1797\/revisions"}],"predecessor-version":[{"id":14038,"href":"https:\/\/yachtcharter-connection.com\/es\/wp-json\/wp\/v2\/pages\/1797\/revisions\/14038"}],"up":[{"embeddable":true,"href":"https:\/\/yachtcharter-connection.com\/es\/wp-json\/wp\/v2\/pages\/653"}],"wp:attachment":[{"href":"https:\/\/yachtcharter-connection.com\/es\/wp-json\/wp\/v2\/media?parent=1797"}],"curies":[{"name":"wp","href":"https:\/\/api.w.org\/{rel}","templated":true}]}}