{"id":1799,"date":"2014-06-28T01:30:24","date_gmt":"2014-06-28T01:30:24","guid":{"rendered":"http:\/\/yachtcharter-connection.com.w01e47c6.kasserver.com\/taalintehdas-134\/"},"modified":"2017-07-14T01:16:31","modified_gmt":"2017-07-13T23:16:31","slug":"taalintehdas-134","status":"publish","type":"page","link":"https:\/\/yachtcharter-connection.com\/es\/regiones\/mar-baltico\/alquiler-barcos-baltico-del-noreste\/taalintehdas-134\/","title":{"rendered":"Taalintehdas"},"content":{"rendered":"<h3>Alquiler de barcos Taalintehdas \/ Dalsbruk<\/h3>\n<p>\nDalsbruk (Taalintehdas en fin\u00e9s) est\u00e1  a unos 45 kil\u00f3metros al sur de Turku. Es la ciudad m\u00e1s importante de la regi\u00f3n de Dragsfjard, en el este de la zona b\u00e1ltica, y est\u00e1 situada en la isla de Kimito, la segunda isla m\u00e1s grande del b\u00e1ltico finland\u00e9s. Dragsfjard es tambi\u00e9n el nombre de un gran lago interior de la isla. A la misma regi\u00f3n pertenecen tambi\u00e9n las Hiitinen (Hitis). La zona comprende un total de unas 2.000 islas e islotes. <\/p>\n","protected":false},"excerpt":{"rendered":"<p>Alquiler de barcos Taalintehdas \/ Dalsbruk Dalsbruk (Taalintehdas en fin\u00e9s) est\u00e1 a unos 45 kil\u00f3metros al sur de Turku. Es la ciudad m\u00e1s importante de la regi\u00f3n de Dragsfjard, en el este de la zona b\u00e1ltica, y est\u00e1 situada en la isla de Kimito, la segunda isla m\u00e1s grande del<\/p>\n","protected":false},"author":11,"featured_media":0,"parent":653,"menu_order":0,"comment_status":"open","ping_status":"open","template":"","meta":[],"aioseo_notices":[],"_links":{"self":[{"href":"https:\/\/yachtcharter-connection.com\/es\/wp-json\/wp\/v2\/pages\/1799"}],"collection":[{"href":"https:\/\/yachtcharter-connection.com\/es\/wp-json\/wp\/v2\/pages"}],"about":[{"href":"https:\/\/yachtcharter-connection.com\/es\/wp-json\/wp\/v2\/types\/page"}],"author":[{"embeddable":true,"href":"https:\/\/yachtcharter-connection.com\/es\/wp-json\/wp\/v2\/users\/11"}],"replies":[{"embeddable":true,"href":"https:\/\/yachtcharter-connection.com\/es\/wp-json\/wp\/v2\/comments?post=1799"}],"version-history":[{"count":1,"href":"https:\/\/yachtcharter-connection.com\/es\/wp-json\/wp\/v2\/pages\/1799\/revisions"}],"predecessor-version":[{"id":14037,"href":"https:\/\/yachtcharter-connection.com\/es\/wp-json\/wp\/v2\/pages\/1799\/revisions\/14037"}],"up":[{"embeddable":true,"href":"https:\/\/yachtcharter-connection.com\/es\/wp-json\/wp\/v2\/pages\/653"}],"wp:attachment":[{"href":"https:\/\/yachtcharter-connection.com\/es\/wp-json\/wp\/v2\/media?parent=1799"}],"curies":[{"name":"wp","href":"https:\/\/api.w.org\/{rel}","templated":true}]}}