{"id":1800,"date":"2014-06-28T01:28:47","date_gmt":"2014-06-28T01:28:47","guid":{"rendered":"http:\/\/yachtcharter-connection.com.w01e47c6.kasserver.com\/mariehamn-925\/"},"modified":"2016-10-29T19:07:29","modified_gmt":"2016-10-29T17:07:29","slug":"mariehamn-925","status":"publish","type":"page","link":"https:\/\/yachtcharter-connection.com\/es\/regiones\/mar-baltico\/alquiler-barcos-baltico-del-noreste\/mariehamn-925\/","title":{"rendered":"Mariehamn"},"content":{"rendered":"<h3>Alquiler de barcos Mariehamn<\/h3>\n<p>\n<img loading=\"lazy\" class=\"content-image\"  height=\"200\" width=\"300\" src=\"https:\/\/yachtcharter-connection.com\/wp-content\/uploads\/converted_files\/20386\/20386-5624e1501d7a7.jpg\" alt=\"Finlandia - Islas Aland\" \/>Mariehamn es un lugar de veraneo y adem\u00e1s, con sus 11.000 habitantes, la \u00fanica ciudad y capital de las Islas Aland, provincia aut\u00f3noma de Finlandia localizada en el suroeste del pa\u00eds. Su puerto para ferris juega un papel importante en el comercio y el  tr\u00e1fico mar\u00edtimo que se realiza entre Finlandia y Suecia. Hay varias compa\u00f1\u00edas navieras que tiene su sede central en  Mariehamn. Antes tambi\u00e9n hab\u00eda aqu\u00ed estacionadas flotas de grandes veleros y algunos famosos Flying P-Liner. En el puerto se encuentra el barco-mueso Pommern. <\/p>\n<p>La naturaleza es un elemento esencial en las Islas Aland. Adem\u00e1s de las caracter\u00edsticas con\u00edferas y otros \u00e1rboles de copa ancha aqu\u00ed crecen varios tipos de orqu\u00eddeas. \u00c1guilas marinas y otras aves sobrevuelan las islas. Ciervos y renos pueblan sus bosques. Unas cincuenta especies de plantas y casi todos los animales de le regi\u00f3n son especies protegidas.<\/p>\n","protected":false},"excerpt":{"rendered":"<p>Alquiler de barcos Mariehamn Mariehamn es un lugar de veraneo y adem\u00e1s, con sus 11.000 habitantes, la \u00fanica ciudad y capital de las Islas Aland, provincia aut\u00f3noma de Finlandia localizada en el suroeste del pa\u00eds. Su puerto para ferris juega un papel importante en el comercio y el tr\u00e1fico mar\u00edtimo<\/p>\n","protected":false},"author":11,"featured_media":0,"parent":653,"menu_order":0,"comment_status":"open","ping_status":"open","template":"","meta":[],"aioseo_notices":[],"_links":{"self":[{"href":"https:\/\/yachtcharter-connection.com\/es\/wp-json\/wp\/v2\/pages\/1800"}],"collection":[{"href":"https:\/\/yachtcharter-connection.com\/es\/wp-json\/wp\/v2\/pages"}],"about":[{"href":"https:\/\/yachtcharter-connection.com\/es\/wp-json\/wp\/v2\/types\/page"}],"author":[{"embeddable":true,"href":"https:\/\/yachtcharter-connection.com\/es\/wp-json\/wp\/v2\/users\/11"}],"replies":[{"embeddable":true,"href":"https:\/\/yachtcharter-connection.com\/es\/wp-json\/wp\/v2\/comments?post=1800"}],"version-history":[{"count":1,"href":"https:\/\/yachtcharter-connection.com\/es\/wp-json\/wp\/v2\/pages\/1800\/revisions"}],"predecessor-version":[{"id":14022,"href":"https:\/\/yachtcharter-connection.com\/es\/wp-json\/wp\/v2\/pages\/1800\/revisions\/14022"}],"up":[{"embeddable":true,"href":"https:\/\/yachtcharter-connection.com\/es\/wp-json\/wp\/v2\/pages\/653"}],"wp:attachment":[{"href":"https:\/\/yachtcharter-connection.com\/es\/wp-json\/wp\/v2\/media?parent=1800"}],"curies":[{"name":"wp","href":"https:\/\/api.w.org\/{rel}","templated":true}]}}