{"id":1807,"date":"2015-08-10T05:53:51","date_gmt":"2015-08-10T05:53:51","guid":{"rendered":"http:\/\/yachtcharter-connection.com.w01e47c6.kasserver.com\/mali-losinj\/"},"modified":"2017-07-14T17:31:32","modified_gmt":"2017-07-14T15:31:32","slug":"mali-losinj","status":"publish","type":"page","link":"https:\/\/yachtcharter-connection.com\/es\/regiones\/mediterraneo\/alquiler-barcos-adriatico-norte\/mali-losinj\/","title":{"rendered":"Mali Losinj"},"content":{"rendered":"<h3>Alquiler de barcos Losinj<\/h3>\n<p><img loading=\"lazy\" class=\"content-image\"  height=\"200\" width=\"300\" src=\"https:\/\/yachtcharter-connection.com\/wp-content\/uploads\/converted_files\/20395\/20395-5624e155e3692.jpg\" alt=\"Croacia_Bahia_Kvarner_Malilosinj_puerto\" \/>Muchos pinos, las palmas, los \u00e1rboles de lim\u00f3n, otras plantas subtropicales y las flores adornan la isla Losinj en la bah\u00eda de Kvarner que pertenece a las \u00e1reas m\u00e1s asoleadas de Europa. Junto con la isla Cres  Losinj form\u00f3 una isla m\u00e1s grande anterior. Los romanos construyeron ya un canal entre Losinj y Cres hace 2000 a\u00f1os &#8211; son conectados hoy por un puente rotatorio. Losinj es dividido hoy en dos partes por el canal de Privlaka. Aqu\u00ed usted encuentra el puerto deportivo Losinj y la base de  Alquiler de barcos, cerca de Mal\u00ed Losinj.<\/p>\n<p>Mal\u00ed Losinj, peque\u00f1o Losinj, se llama la parte norte\u00f1a  m\u00e1s grande de la ciudad. Veli Losinj, gran Losinj, es la base hist\u00f3rica de la isla. En Mal\u00ed Losinj hay un puerto viejo muy pintoresco, donde algunas amarres esperan a los que viajan en ch\u00e1rter para una estancia de noche. De Losinj las mejores destinos para navegar son las otras islas en la bah\u00eda de Kvarner, Istria o las islas norte\u00f1as del archipi\u00e9lago de Kornati.<br type=\"_moz\" \/><\/p>\n","protected":false},"excerpt":{"rendered":"<p>Alquiler de barcos Losinj Muchos pinos, las palmas, los \u00e1rboles de lim\u00f3n, otras plantas subtropicales y las flores adornan la isla Losinj en la bah\u00eda de Kvarner que pertenece a las \u00e1reas m\u00e1s asoleadas de Europa. Junto con la isla Cres Losinj form\u00f3 una isla m\u00e1s grande anterior. Los romanos<\/p>\n","protected":false},"author":11,"featured_media":0,"parent":662,"menu_order":0,"comment_status":"open","ping_status":"open","template":"","meta":[],"aioseo_notices":[],"_links":{"self":[{"href":"https:\/\/yachtcharter-connection.com\/es\/wp-json\/wp\/v2\/pages\/1807"}],"collection":[{"href":"https:\/\/yachtcharter-connection.com\/es\/wp-json\/wp\/v2\/pages"}],"about":[{"href":"https:\/\/yachtcharter-connection.com\/es\/wp-json\/wp\/v2\/types\/page"}],"author":[{"embeddable":true,"href":"https:\/\/yachtcharter-connection.com\/es\/wp-json\/wp\/v2\/users\/11"}],"replies":[{"embeddable":true,"href":"https:\/\/yachtcharter-connection.com\/es\/wp-json\/wp\/v2\/comments?post=1807"}],"version-history":[{"count":1,"href":"https:\/\/yachtcharter-connection.com\/es\/wp-json\/wp\/v2\/pages\/1807\/revisions"}],"predecessor-version":[{"id":14145,"href":"https:\/\/yachtcharter-connection.com\/es\/wp-json\/wp\/v2\/pages\/1807\/revisions\/14145"}],"up":[{"embeddable":true,"href":"https:\/\/yachtcharter-connection.com\/es\/wp-json\/wp\/v2\/pages\/662"}],"wp:attachment":[{"href":"https:\/\/yachtcharter-connection.com\/es\/wp-json\/wp\/v2\/media?parent=1807"}],"curies":[{"name":"wp","href":"https:\/\/api.w.org\/{rel}","templated":true}]}}