{"id":1808,"date":"2014-06-27T17:24:11","date_gmt":"2014-06-27T17:24:11","guid":{"rendered":"http:\/\/yachtcharter-connection.com.w01e47c6.kasserver.com\/rab-607\/"},"modified":"2016-10-29T22:00:24","modified_gmt":"2016-10-29T20:00:24","slug":"rab-607","status":"publish","type":"page","link":"https:\/\/yachtcharter-connection.com\/es\/regiones\/mediterraneo\/alquiler-barcos-adriatico-norte\/rab-607\/","title":{"rendered":"Rab"},"content":{"rendered":"<h3>Alquiler de barcos Rab<\/h3>\n<p>\n<img loading=\"lazy\" class=\"content-image\"  height=\"190\" width=\"300\" src=\"https:\/\/yachtcharter-connection.com\/wp-content\/uploads\/converted_files\/20396\/20396-5624e1572dca3.jpg\" alt=\"Croacia_Bahia_Kvarner_Rab\" \/>La isla Rab en la bah\u00eda de Kvarner tiene cerca de 22 kil\u00f3metros de largo y est\u00e1 situada entre las islas Krk y Pag. Ella pertenece a las regiones m\u00e1s asoleadas de Europa con cerca de 2.500 horas del sol por a\u00f1o. Casi la mitad de la isla es verde con bosques. El canal de Velebiter separa Rab del continente que est\u00e1 en solamente dos kil\u00f3metros de distancia. Illyranos, romanos, venezianos, los italianos y la gente eslava han dejado sus huellas aqu\u00ed. La capital de la isla Rab est\u00e1 situada en la costa suroeste , en una pen\u00ednsula entre el puerto y la bah\u00eda St. Eufemia . Los emblemas de la ciudad son los cuatro campanarios que marcan las caracter\u00edsticas urbanas. En la peque\u00f1a ciudad Lopar, cerca de 15 kil\u00f3metros lejos de la ciudad vieja Rab, la playa arenosa nombrada San Marino es un punto bien conocido para la vida de la playa. <\/p>\n<p>La ACI-Marina, el puerto deportivo de Rab, est\u00e1 situado directamente en el puerto viejo de la ciudad, un segundo puerto deportivo est\u00e1 en Supetarska Draga.<br type=\"_moz\" \/><\/p>\n","protected":false},"excerpt":{"rendered":"<p>Alquiler de barcos Rab La isla Rab en la bah\u00eda de Kvarner tiene cerca de 22 kil\u00f3metros de largo y est\u00e1 situada entre las islas Krk y Pag. Ella pertenece a las regiones m\u00e1s asoleadas de Europa con cerca de 2.500 horas del sol por a\u00f1o. Casi la mitad de<\/p>\n","protected":false},"author":11,"featured_media":0,"parent":662,"menu_order":0,"comment_status":"open","ping_status":"open","template":"","meta":[],"aioseo_notices":[],"_links":{"self":[{"href":"https:\/\/yachtcharter-connection.com\/es\/wp-json\/wp\/v2\/pages\/1808"}],"collection":[{"href":"https:\/\/yachtcharter-connection.com\/es\/wp-json\/wp\/v2\/pages"}],"about":[{"href":"https:\/\/yachtcharter-connection.com\/es\/wp-json\/wp\/v2\/types\/page"}],"author":[{"embeddable":true,"href":"https:\/\/yachtcharter-connection.com\/es\/wp-json\/wp\/v2\/users\/11"}],"replies":[{"embeddable":true,"href":"https:\/\/yachtcharter-connection.com\/es\/wp-json\/wp\/v2\/comments?post=1808"}],"version-history":[{"count":1,"href":"https:\/\/yachtcharter-connection.com\/es\/wp-json\/wp\/v2\/pages\/1808\/revisions"}],"predecessor-version":[{"id":14157,"href":"https:\/\/yachtcharter-connection.com\/es\/wp-json\/wp\/v2\/pages\/1808\/revisions\/14157"}],"up":[{"embeddable":true,"href":"https:\/\/yachtcharter-connection.com\/es\/wp-json\/wp\/v2\/pages\/662"}],"wp:attachment":[{"href":"https:\/\/yachtcharter-connection.com\/es\/wp-json\/wp\/v2\/media?parent=1808"}],"curies":[{"name":"wp","href":"https:\/\/api.w.org\/{rel}","templated":true}]}}