{"id":1813,"date":"2015-08-10T05:53:51","date_gmt":"2015-08-10T05:53:51","guid":{"rendered":"http:\/\/yachtcharter-connection.com.w01e47c6.kasserver.com\/cerdena-cagliari\/"},"modified":"2018-03-06T13:00:31","modified_gmt":"2018-03-06T11:00:31","slug":"cerdena-cagliari","status":"publish","type":"page","link":"https:\/\/yachtcharter-connection.com\/es\/regiones\/mediterraneo\/alquiler-barcos-cerdena\/cerdena-cagliari\/","title":{"rendered":"Cerde\u00f1a \/ Cagliari"},"content":{"rendered":"<h1><strong>Alquiler de barcos Cerde\u00f1a &#8211; Cagliari<\/strong><\/h1>\n<p><img loading=\"lazy\" class=\"alignleft size-full wp-image-26127\" src=\"https:\/\/yachtcharter-connection.com\/wp-content\/uploads\/2015\/08\/Cagliari.jpg\" alt=\"Yachtcharter Cagliari\" width=\"608\" height=\"283\" srcset=\"https:\/\/yachtcharter-connection.com\/wp-content\/uploads\/2015\/08\/Cagliari.jpg 608w, https:\/\/yachtcharter-connection.com\/wp-content\/uploads\/2015\/08\/Cagliari-300x140.jpg 300w\" sizes=\"(max-width: 608px) 100vw, 608px\" \/>El destino de alquiler de barcos Cagliari es la capital de Cerde\u00f1a y, con mucho, la ciudad m\u00e1s grande de la isla. Es una ciudad pintoresca y animada, con elegantes zonas comerciales, viejas calles estrechas y lugares para pasear, y excelentes bares y restaurantes. Con una historia de varios miles de a\u00f1os. todav\u00eda hay muchos sitios hist\u00f3ricos para visitar.<\/p>\n<p>El Castello, el barrio antiguo que se encuentra en una colina sobre la ciudad y a\u00fan muestra una muralla medieval y torres, es hoy en d\u00eda un lugar popular para la vida nocturna. Vale la pena ver la Catedral de Santa Mar\u00eda, los antiguos &#8220;palazzi&#8221; elegantes dan la impresi\u00f3n de la vida en los viejos tiempos. M\u00e1s palazzi, iglesias y edificios hist\u00f3ricos se pueden encontrar tambi\u00e9n en los barrios de Villanova, conectados con Castello por una escalera, y Marina, fundada por pescadores y comerciantes. Otros lugares de inter\u00e9s son el Anfiteatro, una de las ruinas romanas m\u00e1s importantes de Cerde\u00f1a, el castillo de San Michele un poco afuera, la laguna de Cagliari, el parque de Salinas y, por supuesto, Poetto, la playa blanca de Cagliari que tiene 8 km de largo . \u00a1Desde Monte Urpino tienes una vista fant\u00e1stica sobre toda la ciudad de Cagliari!<\/p>\n<p>Desde la base de alquiler de barcos en Cagliari puede explorar la hermosa Costa Sur de Cerde\u00f1a, descubrir hermosas bah\u00edas y playas y excelentes zonas de snorkel, navegar hasta Villasimius y el parque marino protegido, o navegar hacia el oeste a trav\u00e9s de la Bah\u00eda de Chia. a las islas Sant&#8217;Antioco y San Pietro a la ciudad Carloforte. Sant &#8216;Antioco es la cuarta isla m\u00e1s grande de Italia, habitada ya en el 5000 aC, por lo que encontrar\u00e1s reminiscencias de siete milenios de historia.<\/p>\n<h2>\n<strong>Yates de ch\u00e1rter Cagliari &#8211; yates de lujo y velero<\/strong>s<\/h2>\n<p>En Cagliari, hay una bonita flota de vela y catamaranes de todos los tama\u00f1os disponibles para navegar en Cerde\u00f1a. Y, por supuesto, hay yates de lujo, yates a motor y catamaranes con tripulaci\u00f3n para charter. \u00a1Alquile el mejor yate para su crucero en Cerde\u00f1a desde Cagliari en l\u00ednea o simplemente solicite ofertas!<\/p>\n","protected":false},"excerpt":{"rendered":"<p>Alquiler de barcos Cerde\u00f1a &#8211; Cagliari El destino de alquiler de barcos Cagliari es la capital de Cerde\u00f1a y, con mucho, la ciudad m\u00e1s grande de la isla. Es una ciudad pintoresca y animada, con elegantes zonas comerciales, viejas calles estrechas y lugares para pasear, y excelentes bares y restaurantes.<\/p>\n","protected":false},"author":11,"featured_media":0,"parent":665,"menu_order":0,"comment_status":"open","ping_status":"open","template":"","meta":[],"aioseo_notices":[],"_links":{"self":[{"href":"https:\/\/yachtcharter-connection.com\/es\/wp-json\/wp\/v2\/pages\/1813"}],"collection":[{"href":"https:\/\/yachtcharter-connection.com\/es\/wp-json\/wp\/v2\/pages"}],"about":[{"href":"https:\/\/yachtcharter-connection.com\/es\/wp-json\/wp\/v2\/types\/page"}],"author":[{"embeddable":true,"href":"https:\/\/yachtcharter-connection.com\/es\/wp-json\/wp\/v2\/users\/11"}],"replies":[{"embeddable":true,"href":"https:\/\/yachtcharter-connection.com\/es\/wp-json\/wp\/v2\/comments?post=1813"}],"version-history":[{"count":3,"href":"https:\/\/yachtcharter-connection.com\/es\/wp-json\/wp\/v2\/pages\/1813\/revisions"}],"predecessor-version":[{"id":26135,"href":"https:\/\/yachtcharter-connection.com\/es\/wp-json\/wp\/v2\/pages\/1813\/revisions\/26135"}],"up":[{"embeddable":true,"href":"https:\/\/yachtcharter-connection.com\/es\/wp-json\/wp\/v2\/pages\/665"}],"wp:attachment":[{"href":"https:\/\/yachtcharter-connection.com\/es\/wp-json\/wp\/v2\/media?parent=1813"}],"curies":[{"name":"wp","href":"https:\/\/api.w.org\/{rel}","templated":true}]}}