{"id":1871,"date":"2014-06-28T17:19:05","date_gmt":"2014-06-28T17:19:05","guid":{"rendered":"http:\/\/yachtcharter-connection.com.w01e47c6.kasserver.com\/la-gomera-san-sebastian-506\/"},"modified":"2016-10-29T19:03:31","modified_gmt":"2016-10-29T17:03:31","slug":"la-gomera-san-sebastian-506","status":"publish","type":"page","link":"https:\/\/yachtcharter-connection.com\/es\/regiones\/atlantico-africa-occidental\/alquiler-barcos-canarias\/la-gomera-san-sebastian-506\/","title":{"rendered":"La Gomera \/ San Sebasti\u00e0n"},"content":{"rendered":"<h3>Alquiler de barcos La Gomera \/ San Sebasti\u00e1n<\/h3>\n<p>\n<img loading=\"lazy\" class=\"content-image\"  height=\"225\" width=\"300\" src=\"https:\/\/yachtcharter-connection.com\/wp-content\/uploads\/converted_files\/20487\/20487-5624e15904758.jpg\" alt=\"Navegar_Islas_Canarias_La Gomera\" \/>La marina de La Gomera est\u00e1 en el mismo puerto de pasajeros de  San Sebasti\u00e1n, a unos pasos del centro de la ciudad. <\/p>\n<p><\/p>\n","protected":false},"excerpt":{"rendered":"<p>Alquiler de barcos La Gomera \/ San Sebasti\u00e1n La marina de La Gomera est\u00e1 en el mismo puerto de pasajeros de San Sebasti\u00e1n, a unos pasos del centro de la ciudad.<\/p>\n","protected":false},"author":11,"featured_media":0,"parent":651,"menu_order":0,"comment_status":"open","ping_status":"open","template":"","meta":[],"aioseo_notices":[],"_links":{"self":[{"href":"https:\/\/yachtcharter-connection.com\/es\/wp-json\/wp\/v2\/pages\/1871"}],"collection":[{"href":"https:\/\/yachtcharter-connection.com\/es\/wp-json\/wp\/v2\/pages"}],"about":[{"href":"https:\/\/yachtcharter-connection.com\/es\/wp-json\/wp\/v2\/types\/page"}],"author":[{"embeddable":true,"href":"https:\/\/yachtcharter-connection.com\/es\/wp-json\/wp\/v2\/users\/11"}],"replies":[{"embeddable":true,"href":"https:\/\/yachtcharter-connection.com\/es\/wp-json\/wp\/v2\/comments?post=1871"}],"version-history":[{"count":1,"href":"https:\/\/yachtcharter-connection.com\/es\/wp-json\/wp\/v2\/pages\/1871\/revisions"}],"predecessor-version":[{"id":13850,"href":"https:\/\/yachtcharter-connection.com\/es\/wp-json\/wp\/v2\/pages\/1871\/revisions\/13850"}],"up":[{"embeddable":true,"href":"https:\/\/yachtcharter-connection.com\/es\/wp-json\/wp\/v2\/pages\/651"}],"wp:attachment":[{"href":"https:\/\/yachtcharter-connection.com\/es\/wp-json\/wp\/v2\/media?parent=1871"}],"curies":[{"name":"wp","href":"https:\/\/api.w.org\/{rel}","templated":true}]}}