{"id":188,"date":"2015-02-26T21:26:35","date_gmt":"2015-02-26T21:26:35","guid":{"rendered":"http:\/\/yachtcharter-connection.com.w01e47c6.kasserver.com\/pie-de-imprenta\/"},"modified":"2023-09-02T10:23:46","modified_gmt":"2023-09-02T08:23:46","slug":"pie-de-imprenta","status":"publish","type":"page","link":"https:\/\/yachtcharter-connection.com\/es\/pie-de-imprenta\/","title":{"rendered":"Aviso legal"},"content":{"rendered":"<h3>Responsable<\/h3>\n<p>Richard Schaal<br \/>\nYachtcharter-Connection<br \/>\nGlockengarten 77<br \/>\nDE &#8211; 44803 Bochum<\/p>\n<h3>Contacto<\/h3>\n<p>Tel\u00e9fono:  (+49) 234 30765190<br \/>\nCorreo: info@yachtcharter-connection.com<\/p>\n<h3>N\u00famero de Identificaci\u00f3n fiscal<\/h3>\n<p>DE 184649462<\/p>\n<h3>Fuentes de Im\u00e1genes<\/h3>\n<p>Fotolia<br \/>\nMichaela Kube<br \/>\nKlaas Frerichs<br \/>\nKerstin Hahn<br \/>\nPixabay<\/p>\n<h3>Condiciones generales de uso del sitio web<\/h3>\n<p>Yachtcharter-Connection, con domicilio en C.\/ de los Gladiolos 322, E-03184 Torrevieja, representada por Michaela Kube con NIE X7082452Q pone a disposici\u00f3n en su sitio web www.yachtcharter-connection.com determinados contenidos de car\u00e1cter informativo sobre sus actividades.<\/p>\n<p>Las presentes condiciones generales rigen \u00fanica y exclusivamente el uso del sitio web de Yachtcharter-Connection por parte de los USUARIOS que accedan al mismo. Las presentes condiciones generales se le exponen al USUARIO en el sitio web www.yachtcharter-connection.com en todas y cada una de las p\u00e1ginas y cada vez que un USUARIO introduce sus datos en los formularios existentes, para que las lea, las imprima, archive y acepte a trav\u00e9s de internet, no pudiendo el USUARIO introducir sus datos efectivamente sin que se haya producido esta aceptaci\u00f3n<\/p>\n<p>El acceso al sitio web de Yachtcharter-Connection implica sin reservas la aceptaci\u00f3n de las presentes condiciones generales de uso que el USUARIO afirma comprender en su totalidad. El USUARIO se compromete a no utilizar el sitio web y los servicios que se ofrecen en el mismo para la realizaci\u00f3n de actividades contrarias a la ley y a respetar en todo momento las presentes condiciones generales.<\/p>\n<p>A trav\u00e9s del sitio web yachtcharter-connection.com no se recogen datos de car\u00e1cter personal sin conocimiento del usuario.<\/p>\n<p>Los datos personales facilitados a trav\u00e9s del formulario de contacto, quedar\u00e1n registrados en los ficheros titularidad de Yachtcharter-Connection, con la finalidad de contestar sus consultas, facilitarle la informaci\u00f3n solicitada, elaborar estudios estad\u00edsticos y remitirle informaci\u00f3n que pueda ser de su inter\u00e9s. Estas respuestas tienen car\u00e1cter informativo, por lo que no se derivar\u00e1 efecto jur\u00eddico vinculante alguno.<\/p>\n<p>Sus datos no ser\u00e1n cedidos, excepto en los casos que sea necesario para la respuesta a su solicitud o cuando lo imponga la normativa aplicable.<\/p>\n<p>Podr\u00e1 ejercitar los derechos de acceso, rectificaci\u00f3n, cancelaci\u00f3n y oposici\u00f3n en cualquier momento.<\/p>\n<p>yachtcharter-connection.com utiliza cookies. Puede obtener m\u00e1s informaci\u00f3n al respecto consultando nuestra pol\u00edtica de cookies.<\/p>\n<p>Los correos remitidos a trav\u00e9s de las direcciones de correo electr\u00f3nico que puedan aparecer a lo largo de la navegaci\u00f3n y que no est\u00e9n incluidas en el espacio \u201cContacto\u201d, no requieren que se faciliten datos de car\u00e1cter personal. No se utilizar\u00e1n los datos personales que se puedan haber incluido en los mismos.<\/p>\n<p>Asimismo Yachtcharter-Connection no se responsabiliza de las contestaciones realizadas a trav\u00e9s de las mismas, que en ning\u00fan caso tendr\u00e1n efecto jur\u00eddico vinculante alguno.<\/p>\n<p>En cumplimiento del Art. 14.1 del Reglamento (UE) 524\/2013: La Comisi\u00f3n Europea facilita una plataforma de resoluci\u00f3n de litigios en l\u00ednea que se encuentra disponible en el siguiente enlace: <a href=\"https:\/\/ec.europa.eu\/consumers\/odr\/\">https:\/\/ec.europa.eu\/consumers\/odr\/<\/a><\/p>\n<p><strong>PRIMERA &#8211; CONDICIONES DE ACCESO Y USO<\/strong><\/p>\n<p>1.1.- La utilizaci\u00f3n del sitio web de Yachtcharter-Connection no conlleva la obligatoriedad de inscripci\u00f3n del USUARIO, salvo si este USUARIO desee utilizar la base de datos de art\u00edculos existentes en www.yachtcharter-connection.com donde ser\u00e1 preciso que se registre cubriendo un formulario b\u00e1sico, \u00e9sta suscripci\u00f3n se regir\u00e1 por las condiciones generales espec\u00edficas. Las condiciones de acceso y uso del presente sitio web se rigen estrictamente por la legalidad vigente y por el principio de buena fe comprometi\u00e9ndose el USUARIO a realizar un buen uso de la web. Quedan prohibidos todos los actos que vulneren la legalidad, derechos o intereses de terceros: derecho a la intimidad, protecci\u00f3n de datos, propiedad intelectual etc. Expresamente Yachtcharter-Connection proh\u00edbe los siguientes:<\/p>\n<p>1.1.1.- Realizar acciones que puedan producir en el sitio web o a trav\u00e9s del mismo por cualquier medio cualquier tipo de da\u00f1o a los sistemas de Yachtcharter-Connection o a terceros.<\/p>\n<p>1.1.2.- Realizar sin la debida autorizaci\u00f3n cualquier tipo de publicidad o informaci\u00f3n comercial directamente o de forma encubierta, el env\u00edo de correos masivos (&#8220;spaming&#8221;) o env\u00edo de grandes mensajes con el fin de bloquear servidores de la red (&#8220;mail bombing&#8221;).<\/p>\n<p>1.2.- Yachtcharter-Connection podr\u00e1 interrumpir en cualquier momento el acceso a su sitio web si detecta un uso contrario a la legalidad, la buena fe o a las presentes condiciones generales &#8211; ver cl\u00e1usula quinta.<\/p>\n<p><strong>SEGUNDA &#8211; CONTENIDOS<\/strong><\/p>\n<p>Los contenidos incorporados en este sitio web han sido elaborados e incluidos por:<\/p>\n<p>2.1.- Yachtcharter-Connection utilizando fuentes internas y externas de tal modo que Yachtcharter-Connection \u00fanicamente se hace responsable por los contenidos elaborados de forma interna.<\/p>\n<p>2.2.- Yachtcharter-Connection se reserva el derecho a modificar en cualquier momento los contenidos existentes en su sitio web.<\/p>\n<p><strong>TERCERA &#8211; DERECHOS DE AUTOR Y MARCA<\/strong><\/p>\n<p>Yachtcharter-Connection informa que el sitio web www.yachtcharter-connection.com los contenidos propios, la programaci\u00f3n y el dise\u00f1o del sitio web se encuentra plenamente protegido por los derechos de autor, quedando expresamente prohibida toda reproducci\u00f3n, comunicaci\u00f3n, distribuci\u00f3n y transformaci\u00f3n de los referidos elementos protegidos salvo consentimiento expreso de Yachtcharter-Connection. Yachtcharter-Connection utiliza fuentes externas para la elaboraci\u00f3n de sus contenidos en determinadas ocasiones y tambi\u00e9n establece links o hiperenlaces a art\u00edculos o informaciones de terceros citando siempre la fuente. El leg\u00edtimo titular de los derechos de autor de estas informaciones as\u00ed incluidas podr\u00e1 solicitar en cualquier momento la eliminaci\u00f3n de las referidas referencias.<\/p>\n<p><strong>CUARTA &#8211; JURISDICCI\u00d3N Y LEY APLICABLE<\/strong><\/p>\n<p>Las presentes condiciones generales se rigen por la legislaci\u00f3n espa\u00f1ola. Son competentes para resolver toda controversia o conflicto que se derive de las presentes condiciones generales los Juzgados de Palma de Mallorca renunciando expresamente el USUARIO a cualquier otro fuero que pudiera corresponderle.<\/p>\n<p><strong>QUINTA &#8211; DERECHOS<\/strong><\/p>\n<p>En caso de que cualquier cl\u00e1usula del presente documento sea declarada nula, las dem\u00e1s cl\u00e1usulas seguir\u00e1n vigentes y se interpretar\u00e1n teniendo en cuenta la voluntad de las partes y la finalidad misma de las presentes condiciones. Yachtcharter-Connection podr\u00e1 no ejercitar alguno de los derechos y facultades conferidos en este documento lo que no implicar\u00e1 en ning\u00fan caso la renuncia a los mismos salvo reconocimiento expreso por parte de Yachtcharter-Connection.<\/p>\n<p>Aqu\u00ed puede leer y descargar nuestras condiciones generales para los contratos de ch\u00e1rter: <a href=\"https:\/\/yachtcharter-connection.com\/wp-content\/uploads\/converted_files\/267\/267-561d102e26686.pdf\">Terms &amp; Conditions<\/a><\/p>\n<p>&nbsp;<\/p>\n<p><em>Estamos actualizados a la normativa Europea de Protecci\u00f3n de Datos RGPD, efectiva a partir del 25 de mayo de 2018.<\/em><\/p>\n<p>&nbsp;<\/p>\n<hr \/>\n<p><em>Copyright: <a href=\"https:\/\/www.abogado24.com\">Abogado24<\/a>, <a href=\"http:\/\/www.tecnologia.legal\">Tecnolog\u00eda.legal<\/a><\/em><\/p>\n","protected":false},"excerpt":{"rendered":"<p>Responsable Richard Schaal Yachtcharter-Connection Glockengarten 77 DE &#8211; 44803 Bochum Contacto Tel\u00e9fono: (+49) 234 30765190 Correo: info@yachtcharter-connection.com N\u00famero de Identificaci\u00f3n fiscal DE 184649462 Fuentes de Im\u00e1genes Fotolia Michaela Kube Klaas Frerichs Kerstin Hahn Pixabay Condiciones generales de uso del sitio web Yachtcharter-Connection, con domicilio en C.\/ de los Gladiolos 322,<\/p>\n","protected":false},"author":11,"featured_media":0,"parent":0,"menu_order":0,"comment_status":"open","ping_status":"open","template":"","meta":[],"aioseo_notices":[],"_links":{"self":[{"href":"https:\/\/yachtcharter-connection.com\/es\/wp-json\/wp\/v2\/pages\/188"}],"collection":[{"href":"https:\/\/yachtcharter-connection.com\/es\/wp-json\/wp\/v2\/pages"}],"about":[{"href":"https:\/\/yachtcharter-connection.com\/es\/wp-json\/wp\/v2\/types\/page"}],"author":[{"embeddable":true,"href":"https:\/\/yachtcharter-connection.com\/es\/wp-json\/wp\/v2\/users\/11"}],"replies":[{"embeddable":true,"href":"https:\/\/yachtcharter-connection.com\/es\/wp-json\/wp\/v2\/comments?post=188"}],"version-history":[{"count":12,"href":"https:\/\/yachtcharter-connection.com\/es\/wp-json\/wp\/v2\/pages\/188\/revisions"}],"predecessor-version":[{"id":30230,"href":"https:\/\/yachtcharter-connection.com\/es\/wp-json\/wp\/v2\/pages\/188\/revisions\/30230"}],"wp:attachment":[{"href":"https:\/\/yachtcharter-connection.com\/es\/wp-json\/wp\/v2\/media?parent=188"}],"curies":[{"name":"wp","href":"https:\/\/api.w.org\/{rel}","templated":true}]}}