{"id":189,"date":"2015-02-26T21:27:50","date_gmt":"2015-02-26T21:27:50","guid":{"rendered":"http:\/\/yachtcharter-connection.com.w01e47c6.kasserver.com\/condiciones-generales\/"},"modified":"2018-05-09T15:34:12","modified_gmt":"2018-05-09T13:34:12","slug":"proteccion-de-datos-cookies","status":"publish","type":"page","link":"https:\/\/yachtcharter-connection.com\/es\/proteccion-de-datos-cookies\/","title":{"rendered":"Protecci\u00f3n de Datos"},"content":{"rendered":"<h3>Declaraci\u00f3n de protecci\u00f3n de datos<\/h3>\n<p>Al utilizar nuestra p\u00e1gina web, consiente expresamente en el registro y uso de sus datos descritos en la presente declaraci\u00f3n. Sus datos ser\u00e1n utilizados para los usos descritos a continuaci\u00f3n.<\/p>\n<p>De conformidad a lo establecido por el Reglamento (UE) 2016\/679 del Parlamento Europeo y del Consejo, de 27 de abril de 2016 y obligatorio a partir del 25 de mayo de 2018, relativo a la protecci\u00f3n de las personas f\u00edsicas en cuanto al tratamiento de datos personales y a la libre circulaci\u00f3n de estos datos, le informamos que los datos personales facilitados a trav\u00e9s de los formularios, as\u00ed como su direcci\u00f3n de correo electr\u00f3nico, han sido incluidas a un tratamiento titularidad de Yachtcharter-Connection, con domicilio social en Palmanova (Mallorca, Islas Baleares), E-Mail info@yachtcharter-connection.com, con el fin de atender sus consultas y env\u00edo de informaci\u00f3n relacionada con los servicios que ofrece Yachtcharter-Connection.<\/p>\n<p>Se informa que los datos pueden ser utilizados para el env\u00edo de comunicaciones comerciales, por cualquier medio, relativo a otros servicios de nuestra empresa que puedan ser de su inter\u00e9s. Si bien podr\u00e1 en cualquier momento oponerse a este tipo de env\u00edos, enviando un correo electr\u00f3nico a la direcci\u00f3n info@yachtcharter-connection.com e indicando en el asunto &#8220;BAJA&#8221;.<\/p>\n<p>As\u00ed mismo, podr\u00e1 ejercer los derechos de acceso, rectificaci\u00f3n, cancelaci\u00f3n, oposici\u00f3n y si procede de, portabilidad y limitaci\u00f3n, enviando un escrito, por email o correo postal, acompa\u00f1ado de una fotocopia del D.N.I.<\/p>\n<h3>Direcciones IP<\/h3>\n<p>Las direcciones IP son necesarias para el diagn\u00f3stico de problemas, la administraci\u00f3n de la p\u00e1gina web y la informaci\u00f3n demogr\u00e1fica. Cuando visita nuestro sitio web, s\u00f3lo reconocemos el nombre de su dominio, en ning\u00fan caso su direcci\u00f3n de correo electr\u00f3nico. S\u00f3lo veremos su direcci\u00f3n de correo electr\u00f3nico si nos la facilita directamente a trav\u00e9s de un formulario o nos env\u00eda un correo electr\u00f3nico.<\/p>\n<h3>Cookies<\/h3>\n<p>Las cookies se utilizan para personalizar el contenido, evitar la introducci\u00f3n reiterada de las contrase\u00f1as o para adaptar la informaci\u00f3n ofrecida a las preferencias del usuario.<\/p>\n<p>El usuario tiene la opci\u00f3n de impedir la generaci\u00f3n de &#8220;cookies&#8221;, mediante la selecci\u00f3n de la correspondiente opci\u00f3n a su software &#8220;navegador&#8221;. Sin embargo, Yachtcharter-Connection, no se responsabiliza que la desactivaci\u00f3n de las mismas impida el buen funcionamiento de la p\u00e1gina web.<\/p>\n<p>Ejemplos de configuraci\u00f3n de las cookies en diferentes navegadores:<\/p>\n<p><a href=\"https:\/\/support.google.com\/chrome\/answer\/95647?hl=es\">Configurar cookies en Google Chrome<\/a><\/p>\n<p><a href=\"https:\/\/support.microsoft.com\/es-es\/help\/17442\/windows-internet-explorer-delete-manage-cookies\">Configurar cookies en Microsoft Internet Explorer<\/a><\/p>\n<p><a href=\"https:\/\/support.mozilla.org\/es\/kb\/habilitar-y-deshabilitar-cookies-sitios-web-rastrear-preferencias?redirectlocale=es&amp;redirectslug=habilitar-y-deshabilitar-cookies-que-los-sitios-we\">Configurar cookies en Mozilla Firefox<\/a><\/p>\n<p><a href=\"https:\/\/support.apple.com\/kb\/PH21411?viewlocale=es_ES&amp;locale=es_ES\">Configurar cookies en Safari (Apple)<\/a><\/p>\n<h3>Registro del usuario<\/h3>\n<p>Nuestro sitio web contiene formularios que puede rellenar para solicitar informaci\u00f3n. Cuando se registre, le enviaremos la informaci\u00f3n solicitada.<\/p>\n<h3>Direcci\u00f3n de correo electr\u00f3nico<\/h3>\n<p>Si nos facilita su direcci\u00f3n de correo electr\u00f3nico, nos pondremos en contacto con usted por e-mail. No facilitaremos su direcci\u00f3n de correo electr\u00f3nico a terceras personas externas a Yachtcharter-Connection. Si ya no desea recibir m\u00e1s e-mails nuestros, puede darse de baja en cualquier momento.<\/p>\n<h3>Enlaces a otros sitios web<\/h3>\n<p>Nuestra p\u00e1gina web contiene enlaces a sitios web de otros proveedores. Yachtcharter-Connection no se responsabiliza de las medidas de protecci\u00f3n de datos o contenidos de otras p\u00e1ginas web.<\/p>\n<h3>Baja<\/h3>\n<p>Si ya no desea recibir m\u00e1s correos electr\u00f3nicos de Yachtcharter-Connection, puede revocar el permiso otorgado previamente en cualquier momento. La notificaci\u00f3n por correo electr\u00f3nico es suficiente para que su e-mail sea borrado del listado o de la base de datos de registro web.<\/p>\n<h3>Google Analytics<\/h3>\n<p>Esta p\u00e1gina web utiliza Google Analytics, un servicio de an\u00e1lisis de p\u00e1ginas web ofrecido por Google, Inc. (\u201cGoogle\u201d). Google Analytics utiliza \u201ccookies\u201d, que son archivos de texto introducidos en su ordenador para que el analizador de la p\u00e1gina web pueda saber c\u00f3mo utilizan los usuarios esa p\u00e1gina. La informaci\u00f3n generada por la cookie sobre el uso de la p\u00e1gina web (incluida su direcci\u00f3n IP truncada por el \u00faltimo octeto previo a su almacenamiento utilizando el m\u00e9todo \u201c_anonymizeIp()\u201d) ser\u00e1 transmitida y almacenada por Google en los servidores de Estados Unidos. Dicho m\u00e9todo elimina, antes de procesar la direcci\u00f3n IP solicitada, sus \u00faltimos ocho d\u00edgitos y de este modo hace que sea imposible identificar al usuario que visita la p\u00e1gina web. Sin embargo, a pesar de las leyes de protecci\u00f3n de datos, la localizaci\u00f3n permisible sigue siendo posible.<\/p>\n<p>Google utilizar\u00e1 esta informaci\u00f3n con el objetivo de evaluar el uso que haga de la p\u00e1gina web, recopilando informes sobre la actividad de la p\u00e1gina web y prestando otros servicios relacionados con la actividad de la p\u00e1gina web y el uso de Internet. Google tambi\u00e9n puede transferir esta informaci\u00f3n a terceras partes cuando est\u00e9 obligado a ello por ley o cuando dichas terceras partes procesen la informaci\u00f3n en nombre de Google.<\/p>\n<p>Puede negarse a utilizar cookies seleccionando la opci\u00f3n en la configuraci\u00f3n de su buscador, aunque debe tener en cuenta que si lo hace, puede que no tenga disponibles todas las funciones de esta p\u00e1gina web. Al utilizar esta p\u00e1gina web, consiente el tratamiento de sus datos por parte de Google de la forma y con el objetivo arriba indicado.<\/p>\n<p>En este sentido, Google ofrece una versi\u00f3n beta de \u201cGoogle Analytics Opt-out Browser Add-ons\u201d para utilizar con MS Internet Explorer (versi\u00f3n 7 y 8) Google Chrome (4.x y superior), as\u00ed como con Mozilla Firefox (versi\u00f3n 3.5 y superior). Dicho complemento de Google desactiva cualquier transmisi\u00f3n de datos a Google Analytics JavaScript.<\/p>\n<h3>Plugins de redes sociales<\/h3>\n<p>Yachtcharter-Connection puede utilizar en su p\u00e1gina web Plug-ins (\u201cplugins\u201d) de las redes sociales Facebook, Instagram, Google+, Twitter, Linkedin u otras.<\/p>\n<p>No se considerar\u00e1 publicidad el hecho de recomendar a otros usuarios las p\u00e1ginas en redes sociales para que tambi\u00e9n ellos puedan disfrutar de las promociones o estar informados de su actividad.<\/p>\n<p>A continuaci\u00f3n detallamos el enlace a la pol\u00edtica de privacidad de algunas de esas redes sociales:<\/p>\n<p><strong>Facebook:<\/strong> <a href=\"https:\/\/www.facebook.com\/help\/323540651073243\/\">https:\/\/www.facebook.com\/help\/323540651073243\/<\/a><\/p>\n<p><strong>Twitter:<\/strong> <a href=\"https:\/\/twitter.com\/privacy\">https:\/\/twitter.com\/privacy<\/a><\/p>\n<p><strong>Instagram:<\/strong> <a href=\"https:\/\/instagram.com\/about\/legal\/privacy\/\">https:\/\/instagram.com\/about\/legal\/privacy\/<\/a><\/p>\n<p><strong>Linkedin:<\/strong> <a href=\"https:\/\/www.linkedin.com\/legal\/privacy-policy?trk=hb_ft_priv\">https:\/\/www.linkedin.com\/legal\/privacy-policy?trk=hb_ft_priv<\/a><\/p>\n<h3>Facebook<\/h3>\n<p>La p\u00e1gina web de Yachtcharter-Connection utiliza plugins sociales (\u201cplugins\u201d) de las redes sociales facebook.com, operados por Facebook Inc., 1602 S. California Ave, Palo Alto, CA 94304, EE.UU. (\u201cFacebook\u201d). Estos plugins est\u00e1n marcados con el logo de Facebook.<\/p>\n<p>Si el cliente accede a la p\u00e1gina de Yachtcharter-Connection que contiene dicho plugin, el buscador del cliente establecer\u00e1 una conexi\u00f3n directa con los servidores de Facebook. Facebook transmite los contenidos del plugin directamente al explorador del cliente cuando est\u00e1 integrado en la p\u00e1gina web.<\/p>\n<p>La integraci\u00f3n del plugin comunica a Facebook la informaci\u00f3n a la que el cliente ha accedido en la p\u00e1gina correspondiente de la web de Yachtcharter-Connection. Si el cliente entra en Facebook, Facebook puede asignar la visita del cliente a la cuenta de Facebook del cliente.<\/p>\n<p>Si el cliente interact\u00faa con los plugins, por ejemplo utilizando el bot\u00f3n \u201cMe gusta\u201d o dejando un comentario, el explorador transmite la informaci\u00f3n correspondiente directamente a Facebook, donde se guarda. El objetivo y el alcance de la obtenci\u00f3n de datos y adicional procesamiento y uso de los datos por parte de Facebook, as\u00ed como los derechos relacionados y la configuraci\u00f3n disponible para que los clientes protejan su privacidad pueden encontrarse en las pol\u00edticas de privacidad de Facebook.<\/p>\n<p>Si el cliente no quiere que Facebook recopile datos de este modo, debe desconectarse de su cuenta de Facebook antes de entrar en la p\u00e1gina web de Yachtcharter-Connection.<\/p>\n<h3>Google+<\/h3>\n<p>Yachtcharter-Connection utiliza plugins operados por la red social \u201cGoogle+\u201d. Estos programas son de uso exclusivo de Google Inc., 1600 Amphitheatre Parkway, Mountain View, CA 94043, EE.UU. (\u201cGoogle\u201d). El plugin es claramente visible en nuestra p\u00e1gina web a trav\u00e9s del complemento \u201c+1\u201d en blanco o con el fondo de color.<\/p>\n<p>Al hacer clic en dicho plugin, su explorador establecer\u00e1 un enlace directo con los servidores operados por Google+; en consecuencia, el contenido del plugin ser\u00e1 transferido a su explorador e integrado en la p\u00e1gina mostrada.<\/p>\n<p>El hecho de que haya visitado nuestra p\u00e1gina web ser\u00e1 comunicado a Google. En caso de que visite nuestra p\u00e1gina web una vez haya iniciado la sesi\u00f3n en su cuenta de usuario de Google+, Google+ puede asignar su visita a nuestra p\u00e1gina web a su cuenta de usuario. La informaci\u00f3n que surge de la interacci\u00f3n con los plugins de Google+ (al hacer clic al bot\u00f3n \u201c+1\u201d o dejando un comentario) ser\u00e1n directamente transferidos y almacenados por Google. Yachtcharter-Connection no tiene ninguna potestad sobre los datos que Google obtiene con dicho plugin.<\/p>\n<p>Para evitarlo, debe desconectarse de su cuenta de Google+ antes de entrar en nuestra p\u00e1gina web.<\/p>\n<p>Por favor, consulte la pol\u00edtica de privacidad de Google+.<\/p>\n<p><a href=\"http:\/\/www.google.com\/intl\/de\/+\/policy\/+1button.html\">http:\/\/www.google.com\/intl\/de\/+\/policy\/+1button.html<\/a><\/p>\n<p>Para m\u00e1s informaci\u00f3n sobre el objetivo y alcance de la obtenci\u00f3n de datos y an\u00e1lisis de datos realizados por Google+, sus derechos, c\u00f3mo modificar la configuraci\u00f3n y c\u00f3mo proteger su privacidad, por favor consulte la pol\u00edtica de privacidad de Google+.<\/p>\n<h3>Twitter<\/h3>\n<p>Asimismo, Yachtcharter-Connection utiliza los plugins de Twitter Inc., 795 Folsom St., Suite 600, San Francisco, CA 94107, EE.UU. (de ahora en adelante llamado \u201cTwitter\u201d). Son reconocibles por el logotipo de Twitter, un p\u00e1jaro azul sobre fondo blanco.<\/p>\n<p>Al incluir el bot\u00f3n \u201cTuitear\u201d, Twitter recibe la informaci\u00f3n de que ha accedido a la correspondiente p\u00e1gina de su p\u00e1gina web. Al haber iniciado sesi\u00f3n en Twitter, Twitter puede asignar su visita a su cuenta de Twitter.<\/p>\n<p>Al seleccionar el bot\u00f3n Tweet, Twitter establece una conexi\u00f3n con un servidor de Twitter. Si ha iniciado sesi\u00f3n en Twitter, puede \u201ctuitear\u201d directamente nuestro enlace.<\/p>\n<p>Para m\u00e1s informaci\u00f3n sobre la funci\u00f3n y el manejo de sus datos, as\u00ed como su uso adicional por parte de Twitter, consulte la informaci\u00f3n de privacidad de Twitter en <a href=\"http:\/\/twitter.com\/privacy\">http:\/\/twitter.com\/privacy<\/a><\/p>\n<p>&nbsp;<\/p>\n<hr \/>\n<p><em>Copyright: <a href=\"https:\/\/www.abogado24.com\">Abogado24<\/a>, <a href=\"http:\/\/www.tecnologia.legal\">Tecnolog\u00eda.legal<\/a><\/em><\/p>\n","protected":false},"excerpt":{"rendered":"<p>Declaraci\u00f3n de protecci\u00f3n de datos Al utilizar nuestra p\u00e1gina web, consiente expresamente en el registro y uso de sus datos descritos en la presente declaraci\u00f3n. Sus datos ser\u00e1n utilizados para los usos descritos a continuaci\u00f3n. De conformidad a lo establecido por el Reglamento (UE) 2016\/679 del Parlamento Europeo y del<\/p>\n","protected":false},"author":11,"featured_media":0,"parent":0,"menu_order":0,"comment_status":"open","ping_status":"open","template":"","meta":[],"aioseo_notices":[],"_links":{"self":[{"href":"https:\/\/yachtcharter-connection.com\/es\/wp-json\/wp\/v2\/pages\/189"}],"collection":[{"href":"https:\/\/yachtcharter-connection.com\/es\/wp-json\/wp\/v2\/pages"}],"about":[{"href":"https:\/\/yachtcharter-connection.com\/es\/wp-json\/wp\/v2\/types\/page"}],"author":[{"embeddable":true,"href":"https:\/\/yachtcharter-connection.com\/es\/wp-json\/wp\/v2\/users\/11"}],"replies":[{"embeddable":true,"href":"https:\/\/yachtcharter-connection.com\/es\/wp-json\/wp\/v2\/comments?post=189"}],"version-history":[{"count":5,"href":"https:\/\/yachtcharter-connection.com\/es\/wp-json\/wp\/v2\/pages\/189\/revisions"}],"predecessor-version":[{"id":26266,"href":"https:\/\/yachtcharter-connection.com\/es\/wp-json\/wp\/v2\/pages\/189\/revisions\/26266"}],"wp:attachment":[{"href":"https:\/\/yachtcharter-connection.com\/es\/wp-json\/wp\/v2\/media?parent=189"}],"curies":[{"name":"wp","href":"https:\/\/api.w.org\/{rel}","templated":true}]}}