{"id":1891,"date":"2015-08-10T05:53:51","date_gmt":"2015-08-10T05:53:51","guid":{"rendered":"http:\/\/yachtcharter-connection.com.w01e47c6.kasserver.com\/marina-kastela-762\/"},"modified":"2017-07-22T16:06:46","modified_gmt":"2017-07-22T14:06:46","slug":"marina-kastela-762","status":"publish","type":"page","link":"https:\/\/yachtcharter-connection.com\/es\/regiones\/mediterraneo\/alquiler-barcos-adriatico-del-sud\/marina-kastela-762\/","title":{"rendered":"Marina Kastela"},"content":{"rendered":"<h3>[#keyword#} Marina Kastela<\/h3>\n<p>\n<img loading=\"lazy\" class=\"content-image\"  height=\"225\" width=\"300\" src=\"https:\/\/yachtcharter-connection.com\/wp-content\/uploads\/converted_files\/20509\/20509-5624e15bda709.jpg\" alt=\"Navegar_Croacia_DAlmacija_Split\" \/>La bah\u00eda de Kastela es cerca de 8 millas n\u00e1uticas de largo y una de las bah\u00edas m\u00e1s grandes de Croacia. Se sit\u00faa directamente entre las ciudades de <a href=\"~\/Alquiler_barcos_croacia\/trogir.html\" target=\"_blank\">Trogir<\/a> y <a href=\"~\/Alquiler_barcos_croacia\/split.html\" target=\"_blank\">Split<\/a> que ofrecen mucho ambiente medieval. El canal de Trogir est\u00e1 en al oeste de la bah\u00eda,  las pen\u00ednsulas Ciovo y de Marjan en el sur, la ciudad de la Split al este de la bah\u00eda. <\/p>\n<p>El puerto deportivo moderno Marina Kastela es asiento de numerosas bases de Alquiler de barcos y ofrece cada clase de comodidad a los equipos que navegan la Dalmacia desde aqu\u00ed.<\/p>\n","protected":false},"excerpt":{"rendered":"<p>[#keyword#} Marina Kastela La bah\u00eda de Kastela es cerca de 8 millas n\u00e1uticas de largo y una de las bah\u00edas m\u00e1s grandes de Croacia. Se sit\u00faa directamente entre las ciudades de Trogir y Split que ofrecen mucho ambiente medieval. El canal de Trogir est\u00e1 en al oeste de la bah\u00eda,<\/p>\n","protected":false},"author":11,"featured_media":0,"parent":649,"menu_order":0,"comment_status":"open","ping_status":"open","template":"","meta":[],"aioseo_notices":[],"_links":{"self":[{"href":"https:\/\/yachtcharter-connection.com\/es\/wp-json\/wp\/v2\/pages\/1891"}],"collection":[{"href":"https:\/\/yachtcharter-connection.com\/es\/wp-json\/wp\/v2\/pages"}],"about":[{"href":"https:\/\/yachtcharter-connection.com\/es\/wp-json\/wp\/v2\/types\/page"}],"author":[{"embeddable":true,"href":"https:\/\/yachtcharter-connection.com\/es\/wp-json\/wp\/v2\/users\/11"}],"replies":[{"embeddable":true,"href":"https:\/\/yachtcharter-connection.com\/es\/wp-json\/wp\/v2\/comments?post=1891"}],"version-history":[{"count":1,"href":"https:\/\/yachtcharter-connection.com\/es\/wp-json\/wp\/v2\/pages\/1891\/revisions"}],"predecessor-version":[{"id":14118,"href":"https:\/\/yachtcharter-connection.com\/es\/wp-json\/wp\/v2\/pages\/1891\/revisions\/14118"}],"up":[{"embeddable":true,"href":"https:\/\/yachtcharter-connection.com\/es\/wp-json\/wp\/v2\/pages\/649"}],"wp:attachment":[{"href":"https:\/\/yachtcharter-connection.com\/es\/wp-json\/wp\/v2\/media?parent=1891"}],"curies":[{"name":"wp","href":"https:\/\/api.w.org\/{rel}","templated":true}]}}