{"id":1917,"date":"2014-06-28T01:05:41","date_gmt":"2014-06-28T01:05:41","guid":{"rendered":"http:\/\/yachtcharter-connection.com.w01e47c6.kasserver.com\/annapolis-163\/"},"modified":"2016-10-29T19:06:59","modified_gmt":"2016-10-29T17:06:59","slug":"annapolis-163","status":"publish","type":"page","link":"https:\/\/yachtcharter-connection.com\/es\/regiones\/eeuu-nordeste\/alquiler-barcos-maryland-chesapeake-bay\/annapolis-163\/","title":{"rendered":"Annapolis"},"content":{"rendered":"<h3>Alquiler de barcos Annapolis &#8211; Bah\u00eda de Chesapeake<\/h3>\n<p>\n<img loading=\"lazy\" class=\"content-image\"  width=\"300\" height=\"201\" alt=\"Ch\u00e1rter de yates Annapolis\" src=\"https:\/\/yachtcharter-connection.com\/wp-content\/uploads\/converted_files\/20553\/20553-5624e1630530b.jpg\" \/>Annapolis es una de las areas de navegaci\u00f3n y de ch\u00e1rter de yates m\u00e1s importante en la Costa Este &#8211; punto de partida perfecto para un viaje en ch\u00e1rter en la <a target=\"_blank\" href=\"~\/eeuu_nordeste\/Alquiler_barcos_maryland_chesapeake_bay.html\">Bah\u00eda de Chesapeake<\/a>. La capital del estado de Maryland es el hogar de la Real Academia Naval &#8211; vale la pena ver el desfile de los cadetes. La historia de Estados Unidos puede ser experimentado aqu\u00ed en la cara de los edificios hist\u00f3ricos y varios museos &#8211; Annapolis ya fue fundada mediados de los 17o Siglo en la desembocadura de los r\u00edos Severn y South. Una vez fue un puerto importante para el comercio del tabaco y hoy es una ciudad portuaria vibrante y pr\u00f3spero.<\/p>\n<p>La base de alquiler de barcos con una gran flota de veleros de 34 a 54 pies &#8211; principalmente de los tipos de Jeanneau Sun Odyssey y Beneteau &#8211; se encuentra en la Marina Port de Annapolis en Back Creek. El puerto deportivo es un verdadero &quot;Yachting Resort&quot; y es perfectamente equipado para alquiler de barcos y los navegantes: con tiendas y restaurantes, tienda de sandwiches para el desayuno, casas de ba\u00f1os, piscina, \u00e1rea de picnic con barbacoa, parque infantil, lavander\u00eda y servicio de taxi acu\u00e1tico hasta el centro. En el centro hist\u00f3rico de  Annapolis, las tripulaciones de veleros encontrar\u00e1n tiendas, restaurantes y vida nocturna &#8211; y el &quot;Ego Alley&quot;, el muelle de la ciudad, donde los yates de lujo ofrecen una cita.<\/p>\n<p><img loading=\"lazy\" class=\"content-image\"  width=\"300\" height=\"101\" alt=\"Navegar Bahia de Chesapeake - Annaplis\" src=\"https:\/\/yachtcharter-connection.com\/wp-content\/uploads\/converted_files\/20553\/20553-5624e1689e00f.jpg\" \/>Los turistas de Alquiler de barcos que comienzan su crucero en Annapolis ya est\u00e1n cerca de lugares interesantes como la ciudad de St. Michaels o la isla Solomons. <\/p>\n<p>Otros destinos emocionantes son entre otros Oxford y Cambridge, Herrington Harbour, la isla Tilghman, Rock Hall, Chester, Georgetown, Sasafr\u00e1s River y Baltimore Inner Harbour.<\/p>\n<p><\/p>\n","protected":false},"excerpt":{"rendered":"<p>Alquiler de barcos Annapolis &#8211; Bah\u00eda de Chesapeake Annapolis es una de las areas de navegaci\u00f3n y de ch\u00e1rter de yates m\u00e1s importante en la Costa Este &#8211; punto de partida perfecto para un viaje en ch\u00e1rter en la Bah\u00eda de Chesapeake. La capital del estado de Maryland es el<\/p>\n","protected":false},"author":11,"featured_media":0,"parent":706,"menu_order":0,"comment_status":"open","ping_status":"open","template":"","meta":[],"aioseo_notices":[],"_links":{"self":[{"href":"https:\/\/yachtcharter-connection.com\/es\/wp-json\/wp\/v2\/pages\/1917"}],"collection":[{"href":"https:\/\/yachtcharter-connection.com\/es\/wp-json\/wp\/v2\/pages"}],"about":[{"href":"https:\/\/yachtcharter-connection.com\/es\/wp-json\/wp\/v2\/types\/page"}],"author":[{"embeddable":true,"href":"https:\/\/yachtcharter-connection.com\/es\/wp-json\/wp\/v2\/users\/11"}],"replies":[{"embeddable":true,"href":"https:\/\/yachtcharter-connection.com\/es\/wp-json\/wp\/v2\/comments?post=1917"}],"version-history":[{"count":1,"href":"https:\/\/yachtcharter-connection.com\/es\/wp-json\/wp\/v2\/pages\/1917\/revisions"}],"predecessor-version":[{"id":13968,"href":"https:\/\/yachtcharter-connection.com\/es\/wp-json\/wp\/v2\/pages\/1917\/revisions\/13968"}],"up":[{"embeddable":true,"href":"https:\/\/yachtcharter-connection.com\/es\/wp-json\/wp\/v2\/pages\/706"}],"wp:attachment":[{"href":"https:\/\/yachtcharter-connection.com\/es\/wp-json\/wp\/v2\/media?parent=1917"}],"curies":[{"name":"wp","href":"https:\/\/api.w.org\/{rel}","templated":true}]}}