{"id":192,"date":"2015-02-26T21:15:10","date_gmt":"2015-02-26T21:15:10","guid":{"rendered":"http:\/\/yachtcharter-connection.com.w01e47c6.kasserver.com\/alquiler-barcos-inicio\/"},"modified":"2016-10-29T18:59:52","modified_gmt":"2016-10-29T16:59:52","slug":"alquiler-barcos-inicio","status":"publish","type":"page","link":"https:\/\/yachtcharter-connection.com\/es\/alquiler-barcos-inicio\/","title":{"rendered":"Inicio"},"content":{"rendered":"<h2><a href=\"~\/getdoc\/0e099996-4487-4dd0-9a2d-1eacff8dfd9b\/Bareboat-Charter.aspx\">Yates sin Patron<\/a><\/h2>\n<p>Aqu\u00ed usted encuentra su yate de ch\u00e1rter con un click del rat\u00f3n: Cerca de 4.000 veleros y yates de motor, monocascos o catamaranes, en las \u00e1reas de  m\u00e1s bonitas.  <\/p>\n<div class=\"map-wrapper\"><a href=\"https:\/\/yachtcharter-connection.com\/wp-content\/uploads\/converted_files\/271\/271-561d1037997e4.jpg\" class=\"map-link\">         <img class=\"content-image\"  src=\"https:\/\/yachtcharter-connection.com\/wp-content\/uploads\/converted_files\/271\/271-561d103894e03.jpg\" style=\"width: 270px; height: 142px;\" alt=\"\" \/><\/a><\/p>\n<div class=\"links\">\n<div class=\"title\"><a href=\"~\/Paises.html\">Alquiler Barcos Destinos<\/a><\/div>\n<p><span><a href=\"~\/Alquiler_barcos_tailandia.html\">Tailandia<\/a> <strong> <span style=\"font-size: large;\"><a href=\"~\/Alquiler_barcos_croacia.html\" charset=\"Yacht Charters Croatia\"><strong>Croacia<\/strong><\/a> <\/span><a href=\"~\/mediterraneo\/Alquiler_barcos_baleares_mallorca_menorca_ibiza.html\">Mallorca<\/a><\/strong> <span style=\"font-size: large;\"> <\/span><span style=\"font-size: smaller;\"><a href=\"~\/Alquiler_barcos_espana\/ibiza_eivissa.html\">Ibiza<\/a>                         <br \/>\n<\/span><strong><a href=\"~\/atlantico_africa_occidental\/Alquiler_barcos_canarias.html\">Canarias<\/a> <\/strong><a href=\"~\/Alquiler_barcos_cuba.html\">Cuba<\/a> <span style=\"font-size: larger;\"><strong><a href=\"~\/mediterraneo\/Alquiler_barcos_sicilia_eolicas_calabria.html\">Sicilia<\/a>                         <\/strong><\/span><a href=\"~\/Alquiler_barcos_italia.html\">Italia<\/a>                <span style=\"font-size: medium;\"><a href=\"~\/Alquiler_barcos_australia.html\">Australia<\/a>                 <span style=\"font-size: large;\"><a href=\"~\/Alquiler_barcos_grecia.html\">Grecia<\/a>                 <\/span><\/span><a href=\"~\/mediterraneo\/Alquiler_barcos_egeo_cicladas.html\">                     <strong>C\u00edcladas<\/strong><\/a> <a href=\"~\/Alquiler_barcos_seychelles.html\">Seychelles<\/a>             <a href=\"~\/Alquiler_barcos_nueva_caledonia.html\">Nueva Caledonia<\/a>   <span style=\"font-size: larger;\">                 <a href=\"~\/Alquiler_barcos_polinesia.html\">Polinesia<\/a> <\/span><span style=\"font-size: larger;\">                     <a href=\"~\/mediterraneo\/Alquiler_barcos_jonico.html\" type=\"Yacht Charters Ionian Sea\">                         J\u00f3nico<\/a> <span style=\"font-size: large;\"><strong><a href=\"~\/Alquiler_barcos_turquia.html\" type=\"Yacht Charters Turkey\">Turqu\u00eda<\/a> <\/strong><\/span><\/span><a href=\"~\/mediterraneo\/Alquiler_barcos_cerdena.html\">Cerde\u00f1a<\/a><\/span>  <span style=\"font-size: large;\"><a href=\"~\/caribe.html\"><strong>Caribe<\/strong><\/a> <\/span><\/div>\n<\/div>\n<h4> <\/h4>\n<h2><strong><span style=\"font-size: larger;\">Destinos de ch\u00e1rter en el Mediterr\u00e1neo &#8211; Tops y Tendencias<\/span><\/strong><\/h2>\n<p>El destino de ensue\u00f1o de la mayor\u00eda de los navegantes en ch\u00e1rter para su crucero de verano es Grecia &#8211; esto es al menos lo que un poco m\u00e1s del 30 por ciento de los turistas de ch\u00e1rter comentan en una encuesta como su destino preferido. Un 25 por ciento prefiere un crucero en Croacia, por cada 13 por ciento, Italia y Turqu\u00eda son los favoritos, seguidos de las Islas Baleares y Francia. Debido a la accesibilidad de las \u00e1reas, vuelos, niveles de precios y el n\u00famero diferente de las flotas de ch\u00e1rter disponibles, las reservas reales no siempre coinciden con las regiones deseadas: Un tercio de los navegantes reserva su yate para el verano en Croacia, alrededor del 20 por ciento en Grecia, el 15 por ciento en Italia. Un poco m\u00e1s del 10 por ciento optan por Turqu\u00eda y Espa\u00f1a \/ Islas Baleares.<\/p>\n<p>La mayor\u00eda de los yates ch\u00e1rter se basan en Croacia: Aqu\u00ed marineros charter tienen la posibilidad de elegir entre alrededor de 2800 yates a vela y a motor en las flotas de alquiler. Con alrededor de 1700 yates, Grecia ocupa el segundo lugar, seguido por Italia con respecto a 1400, Turqu\u00eda con aproximadamente 900, el Mar B\u00e1ltico alem\u00e1n con 800 y Espa\u00f1a con alrededor de 600 yates: Aqu\u00ed, la mayor\u00eda de los barcos tienen su sede en las Islas Baleares de Mallorca, Menorca e Ibiza. Siempre m\u00e1s popular son tambi\u00e9n los destinos con flotas m\u00e1s peque\u00f1as: Eslovenia, Malta y Montenegro.<\/p>\n<p><image><property name=\"imagepath\">~\/Bilder\/Bareboat_Yachtcharter.html<\/property><\/image><br \/><image><property name=\"imagepath\">~\/Bilder\/Luxus_Yachtcharter.html<\/property><\/image><\/p>\n<div style=\"margin-left: 12px; margin-top: 10px;\">\n<div align=\"left\"><a href=\"~\/yates_de_lujo_con_tripulation.html\" target=\"_blank\" rel=\"nofollow\">     <img class=\"content-image\"  style=\"width: 167px; height: 113px;\" alt=\"Alquiler de Yates de Lujo\" src=\"https:\/\/yachtcharter-connection.com\/wp-content\/uploads\/converted_files\/271\/271-561d105168dd6.jpg\" \/><\/a><\/div>\n<div align=\"center\"> <\/div>\n<p><a href=\"http:\/\/www.facebook.com\/yachtcharterconnection\" target=\"_blank\" rel=\"nofollow\"><img class=\"content-image\"  width=\"40\" src=\"https:\/\/yachtcharter-connection.com\/Images\/facebook.png\" alt=\"Facebook\" \/><\/a> <a rel=\"nofollow\" target=\"_blank\" href=\"https:\/\/twitter.com\/#!\/YachtConnection\"><img class=\"content-image\"  width=\"40\" alt=\"Twitter\" src=\"https:\/\/yachtcharter-connection.com\/Images\/twitter.png\" \/><\/a> <a href=\"https:\/\/plus.google.com\/u\/0\/115691755069746222092\/about\" target=\"_blank\" rel=\"nofollow\">     <img class=\"content-image\"  width=\"40\" src=\"https:\/\/yachtcharter-connection.com\/Images\/google.png\" alt=\"Google+\" \/><\/a> <a href=\"http:\/\/es.linkedin.com\/in\/yachtcharterconnection\" target=\"_blank\" rel=\"nofollow\">     <img class=\"content-image\"  width=\"40\" src=\"https:\/\/yachtcharter-connection.com\/Images\/linkedin.png\" alt=\"LinkedIn\" \/><\/a><\/div>\n<p><\/p>\n<h2><a href=\"~\/getdoc\/ab7df8a6-3c9a-48fd-a146-55f80eb45557\/Specials-Incentives.aspx\">Eventos &#038; Incentivos<\/a><\/h2>\n<p>Eventos e incentivos en el mar: una experiencia inolvidable para equipos, empresas o sus clientes, un acontecimiento especial para la familia y los amigos.<\/p>\n<p class=\"MsoNormal\">\n<meta content=\"text\/html; charset=utf-8\" http-equiv=\"Content-Type\"><br \/>\n<meta content=\"Word.Document\" name=\"ProgId\" \/><br \/>\n<meta content=\"Microsoft Word 9\" name=\"Generator\" \/><br \/>\n<meta content=\"Microsoft Word 9\" name=\"Originator\" \/>\n<link href=\"file:\/\/\/C:\/Users\/Leonessa\/AppData\/Local\/Temp\/msoclip1\/01\/clip_filelist.xml\" rel=\"File-List\" \/><!--[if gte mso 9]><xml>\n<w:WordDocument>\n<w:View>Normal<\/w:View>\n<w:Zoom>0<\/w:Zoom>\n<w:HyphenationZone>21<\/w:HyphenationZone>\n<w:DoNotOptimizeForBrowser \/>\n<\/w:WordDocument>\n<\/xml><![endif]--><\/p>\n<style type=\"text\/css\">\n<!--\n \/* Font Definitions *\/\n@font-face\n\t{font-family:\"Arial Unicode MS\";\n\tpanose-1:2 11 6 4 2 2 2 2 2 4;\n\tmso-font-charset:128;\n\tmso-generic-font-family:swiss;\n\tmso-font-pitch:variable;\n\tmso-font-signature:-1 -369098753 63 0 4129279 0;}\n@font-face\n\t{font-family:\"Trebuchet MS\";\n\tpanose-1:2 11 6 3 2 2 2 2 2 4;\n\tmso-font-charset:0;\n\tmso-generic-font-family:swiss;\n\tmso-font-pitch:variable;\n\tmso-font-signature:647 0 0 0 159 0;}\n@font-face\n\t{font-family:\"@Arial Unicode MS\";\n\tpanose-1:2 11 6 4 2 2 2 2 2 4;\n\tmso-font-charset:128;\n\tmso-generic-font-family:swiss;\n\tmso-font-pitch:variable;\n\tmso-font-signature:-1 -369098753 63 0 4129279 0;}\n \/* Style Definitions *\/\np.MsoNormal, li.MsoNormal, div.MsoNormal\n\t{mso-style-parent:\"\";\n\tmargin:0cm;\n\tmargin-bottom:.0001pt;\n\tmso-pagination:widow-orphan;\n\tfont-size:12.0pt;\n\tfont-family:\"Times New Roman\";\n\tmso-fareast-font-family:\"Times New Roman\";}\n@page Section1\n\t{size:612.0pt 792.0pt;\n\tmargin:70.85pt 70.85pt 2.0cm 70.85pt;\n\tmso-header-margin:36.0pt;\n\tmso-footer-margin:36.0pt;\n\tmso-paper-source:0;}\ndiv.Section1\n\t{page:Section1;}\n--><\/style>\n<p>                                                                                                                                                                                                                                                                                                                                        <\/meta><br \/>\n<\/meta><br \/>\n<\/meta><br \/>\n<\/meta>\n<\/p>\n<h1><span lang=\"FR\" style=\"font-family: Arial\"><o:p><\/o:p><\/span><b>Alquiler de barcos en todo el mundo: veleros, catamaranes, barcos de motor y yates de lujo &#8211; para <\/b><b>su pr\u00f3ximo crucero de ensue\u00f1o<\/b><b><br \/>\n<\/b><\/h1>\n<h2><b><br \/>\n<\/b><b> <\/b><span style=\"font-size: larger;\"><b>Bienvenido a Yachtcharter-Connection, la conexi\u00f3n directa a su yate ch\u00e1rter <\/b><\/span><b><br \/>\n<\/b><\/h2>\n<p>\n<link href=\"file:\/\/\/C:\/Users\/Leonessa\/AppData\/Local\/Temp\/msoclip1\/01\/clip_filelist.xml\" rel=\"File-List\" \/><!--[if gte mso 9]><xml>\n<w:WordDocument>\n<w:View>Normal<\/w:View>\n<w:Zoom>0<\/w:Zoom>\n<w:HyphenationZone>21<\/w:HyphenationZone>\n<w:DoNotOptimizeForBrowser \/>\n<\/w:WordDocument>\n<\/xml><![endif]--><\/p>\n<style type=\"text\/css\">\n<!--\n \/* Style Definitions *\/\np.MsoNormal, li.MsoNormal, div.MsoNormal\n\t{mso-style-parent:\"\";\n\tmargin:0cm;\n\tmargin-bottom:.0001pt;\n\tmso-pagination:widow-orphan;\n\tfont-size:12.0pt;\n\tfont-family:\"Times New Roman\";\n\tmso-fareast-font-family:\"Times New Roman\";}\n@page Section1\n\t{size:612.0pt 792.0pt;\n\tmargin:70.85pt 70.85pt 2.0cm 70.85pt;\n\tmso-header-margin:36.0pt;\n\tmso-footer-margin:36.0pt;\n\tmso-paper-source:0;}\ndiv.Section1\n\t{page:Section1;}\n--><\/style>\n<p>\n<img class=\"content-image\"  style=\"width: 299px; height: 220px; float: left; margin: auto 5px;\" alt=\"ch\u00e1rter de yates en todo el mundo\" src=\"https:\/\/yachtcharter-connection.com\/wp-content\/uploads\/converted_files\/271\/271-561d10536f136.jpg\" \/>Encontrar\u00e1 f\u00e1cilmente su yate y cuenta con un servicio de reserva online combinado con asesor\u00eda profesional y servicio personal.Todo por su viaje de ch\u00e1rter perfecto: Usted puede buscar y reservar su  yate favorito s\u00f3lo por un clic de rat\u00f3n, tiene la posibilidad de elegir  entre 4.000 yates en m\u00e1s de 50 pa\u00edses &#8211; en todo el mundo. Si usted no puede encontrar su yate preferido o a\u00fan no sabe qu\u00e9 barco  est\u00e1 buscando exactamente, nosotros estaremos encantados de asesorarle. <\/p>\n<p>Si est\u00e1 buscando algo a buen precio, nosotros tenemos numerosas ofertas  especiales de  para usted.<\/p>\n<p>En nuestra p\u00e1gina web encontrar\u00e1 adem\u00e1s  informaci\u00f3n sobre las \u00e1reas de navegaci\u00f3n y de  m\u00e1s hermosas del mundo. Si usted todav\u00eda se est\u00e1 preguntando d\u00f3nde desea , vamos a ayudarle a tomar la decisi\u00f3n, para que encuentre su para\u00edso.<\/p>\n<p><span style=\"font-size: larger;\"><strong> &iexcl;No sue\u00f1e con hacer un viaje ch\u00e1rter! &iexcl;Viva su sue\u00f1o! <\/strong><\/span><b><\/p>\n<p>\n<\/b><\/p>\n<hr \/>\n<h2><strong>Alquiler de barcos &#8211; Ultimas Noticias:<\/strong><\/h2>\n<p><a href=\"~\/Noticias\/Nuevas_flotas_para_alquiler_de_barcos_en_EE_UU.html\"><br \/>\n<\/a><\/p>\n<h3><strong>M\u00e1s yates de ch\u00e1rter en Malta <br \/>\n<\/strong><\/h3>\n<p>\n<a href=\"~\/Alquiler_barcos_malta.html\">El destino de ch\u00e1rter Malta<\/a>, con sus tres islas de Malta, Gozo y Comino y su impresionante capital, La Valletta, atrae a m\u00e1s marineros. Hay varias bases ch\u00e1rter ahora, algunos de los m\u00e1s nuevos veleros est\u00e1n disponibles. Malta es perfecto para los relajados viajes en barco de una semana , debido a las distancias cortas &#8211; y bueno para la navegaci\u00f3n tambi\u00e9n en el invierno europeo, debido a su clima templado. Las bases de charter est\u00e1n cerca de Valletta Grand Harbour, por ejemplo en la isla Manoel o en Kalkara.<\/p>\n<h3><strong><br \/>\nNavegar desde Corf\u00fa a Albania<\/strong><\/h3>\n<p>\n<img class=\"content-image\"  style=\"width: 200px; height: 150px; float: left; margin: auto 5px;\" alt=\"Navegar-Grecia-Albania.jpg\" src=\"https:\/\/yachtcharter-connection.com\/wp-content\/uploads\/converted_files\/271\/271-561d1056bb499.jpg\" \/>Una hermosa costa poco urbanizada, apenas se encuentra el turismo, a\u00fan menos el turismo de yates: Algunos bases de <a href=\"~\/Alquiler_barcos_grecia\/corfu_marina_gouvia.html\">charter en Corf\u00fa<\/a> ahora permiten los viajes de sus clientes a la costa sur de Albania, la Riviera de Albania. A la entrada, un agente local puede ayudar con el procedimiento de registro de entrada. Puerto de Entrada &#8211; entre otros &#8211; es Sarande, una animada ciudad en la costa sur de Albania, no lejos de Corf\u00fa. Adem\u00e1s del moderno puerto deportive Orikum a\u00fan m\u00e1s en el Norte, hay s\u00f3lo algunos puertos que esperan a los marineros, pero anclajes maravillosas y mucha naturaleza.<\/p>\n<h3><strong><\/p>\n<p>Nuevas bases de charter en los pa\u00edses b\u00e1lticos<\/strong><\/h3>\n<p>\n<img class=\"content-image\"  style=\"width: 200px; height: 150px; float: left; margin: auto 5px;\" alt=\"Navegar-Lituania-Mar-Baltico.jpg\" src=\"https:\/\/yachtcharter-connection.com\/wp-content\/uploads\/converted_files\/271\/271-561d1059e415e.jpg\" \/>Los navegantes ahora pueden explorar las costas de los Estados del B\u00e1ltico en su vacaciones de ch\u00e1rter: En Estonia y Lituania, las bases de charter ofrecen veleros. La base en Estonia est\u00e1 directamente en Tallinn &#8211; la Old Town Marina se encuentra cerca del casco antiguo, que forma parte del Patrimonio Mundial de la UNESCO. Varias islas delante de la costa valen como destinos de viaje &#8211; y juntos forman una zona de navegaci\u00f3n bastante protegido. Como una base de viajes &quot;oneway&quot; se ofrece Haapsalu, una peque\u00f1a ciudad en la costa oeste. La infraestructura para viajes en charter est\u00e1 bastante bien desarrollado en Estonia con numerosos puertos deportivos. En Lituania, el puerto &quot;Castle Harbour&quot; en Klaipeda es el puerto de partida de la flota de alquiler &#8211; a partir de aqu\u00ed, los navegantes pueden navegar por la costa del Mar B\u00e1ltico con el &quot;Curonian Lagoon&quot; (Istmod e Curlandia) o explorar las aguas intertiores con varios lagos.\n <\/p>\n<h3><strong>Sugerencia de destino: Charters en Grecia<\/strong><\/h3>\n<p>\n<img class=\"content-image\"  style=\"width: 200px; height: 131px; float: left; margin: auto 5px;\" alt=\"Alquiler_barcos-Grecia\" src=\"https:\/\/yachtcharter-connection.com\/wp-content\/uploads\/converted_files\/271\/271-561d105b1dda4.jpg\" \/>Con nuevas inversiones en flotas y servicios, las bases de charter de yates griegos tratan de mejorar su nivel ya muy alto, incluso m\u00e1s all\u00e1. Invierten en yates nuevos y actualizaciones, por ejemplo la instalaci\u00f3n de iluminaci\u00f3n con LED, ofertas de TV con un DVD sobre la regi\u00f3n y el check-in, un Ipad para el viaje o paneles solares. Y el n\u00famero de catamaranes en las flotas &#8211; con o sin tripulaci\u00f3n &#8211; est\u00e1 creciendo de manera significativa. As\u00ed se puede absolutamente recomendar de <a href=\"~\/Alquiler_barcos_grecia.html\">alquiler de barcos en Grecia<\/a>.<\/p>\n<h3><a href=\"https:\/\/yachtcharter-connection.com\/wp-content\/uploads\/converted_files\/271\/271-561d105d512c7.jpg\"><strong>Ch\u00e1rter de yates Mallorca: Nuevos precios por las boyas en Cabrera<\/strong><\/a><\/h3>\n<p>\nAhora hay que pagar por el uso de las boyas en el archipi\u00e9lago de Cabrera, que es muy popular entre los que viajan en<a href=\"~\/mediterraneo\/Alquiler_barcos_baleares_mallorca_menorca_ibiza.html\"> yates de ch\u00e1rter en Mallorca<\/a>. Hasta el final de esta temporada de verano, las pernoctaciones en las boyas del parque nacional en el surde Mallorca estaban gratuito &#8211; los navegantes s\u00f3lo ten\u00edan que solicitar un permiso en antelado. Sin embargo, las tasas son relativamente modestos. Eventualmente las tripulaciones de <a href=\"https:\/\/yachtcharter-connection.com\/wp-content\/uploads\/converted_files\/271\/271-561d105f39ac8.jpg\">alquiler de barcos en Mallorca<\/a>,<a href=\"https:\/\/yachtcharter-connection.com\/wp-content\/uploads\/converted_files\/271\/271-561d106067376.jpg\"> Menorca<\/a> e <a href=\"https:\/\/yachtcharter-connection.com\/wp-content\/uploads\/converted_files\/271\/271-561d106192792.jpg\">Ibiza<\/a>,   encontrar\u00e1n m\u00e1s espacio en los puertos deportivos en el futuro: Para promover el   turismo de yates, el gobierno planea ampliar los puertos de las <a href=\"https:\/\/yachtcharter-connection.com\/mediterraneo\/Alquiler_barcos_baleares_mallorca_menorca_ibiza.html\">Islas Baleares<\/a>.<\/p>\n<hr \/>\n<h2><strong>Ch\u00e1rter de yates &#8211; articulos:<\/strong><\/h2>\n<h3><a href=\"https:\/\/yachtcharter-connection.com\/wp-content\/uploads\/converted_files\/271\/271-561d1062b3a0f.jpg\">Nuevos yates en las flotas de alquiler  &#8211; impresiones del Sal\u00f3n N\u00e1utico &quot;Boot&quot; <br \/>\n<\/a><\/h3>\n<p>\n{^YouTubeVideo|(url)https:\/\/www.youtube.com\/watch?v=w_y97o5mstM|(width)425|(height)264|(fs)1^}<\/p>\n<p>La tendencia hacia los yates cada vez m\u00e1s grandes en el mundo del ch\u00e1rter de veleros contin\u00faa &#8211; buque insignia de la nueva temporada de alquiler de verano de 2014 es sin duda el Hanse 575: El elegante yate de la exposici\u00f3n, admirado de muchos fans en el salon n\u00e1utico de Dusseldorf,  se puede alquilar en el Mar J\u00f3nico desde Corf\u00fa, m\u00e1s veleros tipo Hanse 575 est\u00e1n disponibles en Grecia desde Atenas y Kos, en Croacia y una versi\u00f3n de 3 cabinas en Sicilia. <\/p>\n<h3><a href=\"https:\/\/yachtcharter-connection.com\/Art%C3%ADculos\/Crucero_por_Trogir.html\"><strong>Crucero por Trogir<\/strong><\/a><\/h3>\n<p>\n<img class=\"content-image\"  style=\"width: 200px; height: 132px; float: left; margin: auto 5px;\" alt=\"Alquiler de barcos-Croacia_Marina_Vrsar.jpg\" src=\"https:\/\/yachtcharter-connection.com\/wp-content\/uploads\/converted_files\/271\/271-561d1063a382f.jpg\" \/>Explorar el fascinante mundo de las islas de Dalmacia en <a href=\"https:\/\/yachtcharter-connection.com\/Alquiler_barcos_croacia.html\">Croacia<\/a> a bordo de un velero con patr\u00f3n.<\/p>\n<p>El encanto de la Edad Media en <a href=\"https:\/\/yachtcharter-connection.com\/Alquiler_barcos_croacia\/trogir.html\">Trogir<\/a>,   vi\u00f1edos y puertos animados en la isla de Vis, la gran plaza   mediterr\u00e1nea de Hvar, el agua turquesa de bah\u00edas maravillosas, la cocina   exquisita de los pescados de Croacia, el viento caliente y mucho sol:   hay muchas m\u00e1s razones por las que cada vez m\u00e1s navegantes exploran   Dalmacia despu\u00e9s de los j\u00f3nicos, griegos, romanos y bizantinos, de los   austriacos y de otros pueblos que llegaron all\u00ed hace centenares o   millares de a\u00f1os. Y turistas que nunca antes han navegado pueden   disfrutar tranquilamente del crucero con un velero ch\u00e1rter con capit\u00e1n   profesional. <\/p>\n<h3><a href=\"https:\/\/yachtcharter-connection.com\/Art%C3%ADculos\/Powerboat_europeo_del_a%C3%B1o_2009.html\"><strong>Powerboat europeo del a\u00f1o 2009<\/strong><\/a><\/h3>\n<p>Los redactores jefes de siete revistas europeos de yates de motor   eligieron el Powerboat europeo del a\u00f1o en el sal\u00f3n nautico de   D\u00fcsseldorf. Eligieron a los ganadores de cinco categor\u00edas  &#8211; y por   primera hab\u00eda tambi\u00e9n un ganador espeical en la categor\u00e1 de la   innovaci\u00f3n.<\/p>\n<p><a target=\"_blank\" href=\"http:\/\/openseamap.org\/map\"><img class=\"content-image\"  alt=\"\" style=\"width: 180px; height: 90px;\" src=\"https:\/\/yachtcharter-connection.com\/wp-content\/uploads\/converted_files\/271\/271-561d1064c767a.png\" \/><\/a><\/p>\n<h2><a href=\"~\/getdoc\/4ec5f9b4-87f3-41d2-9b86-1fca571b962f\/Luxory---Crewed-Charter.aspx\">Yates de Lujo con Tripulaci\u00f3n<\/a><\/h2>\n<p>&iexcl;Yates de lujo con capit\u00e1n y tripulaci\u00f3n! Disfrute de sus vacaciones y descanse junto al mar, navegando  c\u00f3modamente a vela o a motor. <\/p>\n<p><\/p>\n","protected":false},"excerpt":{"rendered":"<p>Yates sin Patron Aqu\u00ed usted encuentra su yate de ch\u00e1rter con un click del rat\u00f3n: Cerca de 4.000 veleros y yates de motor, monocascos o catamaranes, en las \u00e1reas de m\u00e1s bonitas. Alquiler Barcos Destinos Tailandia Croacia Mallorca Ibiza Canarias Cuba Sicilia Italia Australia Grecia C\u00edcladas Seychelles Nueva Caledonia Polinesia<\/p>\n","protected":false},"author":11,"featured_media":0,"parent":0,"menu_order":0,"comment_status":"open","ping_status":"open","template":"","meta":[],"aioseo_notices":[],"_links":{"self":[{"href":"https:\/\/yachtcharter-connection.com\/es\/wp-json\/wp\/v2\/pages\/192"}],"collection":[{"href":"https:\/\/yachtcharter-connection.com\/es\/wp-json\/wp\/v2\/pages"}],"about":[{"href":"https:\/\/yachtcharter-connection.com\/es\/wp-json\/wp\/v2\/types\/page"}],"author":[{"embeddable":true,"href":"https:\/\/yachtcharter-connection.com\/es\/wp-json\/wp\/v2\/users\/11"}],"replies":[{"embeddable":true,"href":"https:\/\/yachtcharter-connection.com\/es\/wp-json\/wp\/v2\/comments?post=192"}],"version-history":[{"count":1,"href":"https:\/\/yachtcharter-connection.com\/es\/wp-json\/wp\/v2\/pages\/192\/revisions"}],"predecessor-version":[{"id":13643,"href":"https:\/\/yachtcharter-connection.com\/es\/wp-json\/wp\/v2\/pages\/192\/revisions\/13643"}],"wp:attachment":[{"href":"https:\/\/yachtcharter-connection.com\/es\/wp-json\/wp\/v2\/media?parent=192"}],"curies":[{"name":"wp","href":"https:\/\/api.w.org\/{rel}","templated":true}]}}