{"id":193,"date":"2015-02-26T21:16:52","date_gmt":"2015-02-26T21:16:52","guid":{"rendered":"http:\/\/yachtcharter-connection.com.w01e47c6.kasserver.com\/conocenos\/"},"modified":"2023-10-19T17:23:17","modified_gmt":"2023-10-19T15:23:17","slug":"conocenos","status":"publish","type":"page","link":"https:\/\/yachtcharter-connection.com\/es\/conocenos\/","title":{"rendered":"Con\u00f3cenos |"},"content":{"rendered":"<h3><a href=\"https:\/\/yachtcharter-connection.com\/wp-content\/uploads\/2014\/09\/Palmanova-title-YCC.jpg\"><img loading=\"lazy\" class=\"alignnone wp-image-15119 \" src=\"https:\/\/yachtcharter-connection.com\/wp-content\/uploads\/2014\/09\/Palmanova-title-YCC-1024x316.jpg\" alt=\"palmanova-title-ycc\" width=\"1040\" height=\"321\" srcset=\"https:\/\/yachtcharter-connection.com\/wp-content\/uploads\/2014\/09\/Palmanova-title-YCC-1024x316.jpg 1024w, https:\/\/yachtcharter-connection.com\/wp-content\/uploads\/2014\/09\/Palmanova-title-YCC-300x92.jpg 300w, https:\/\/yachtcharter-connection.com\/wp-content\/uploads\/2014\/09\/Palmanova-title-YCC-768x237.jpg 768w, https:\/\/yachtcharter-connection.com\/wp-content\/uploads\/2014\/09\/Palmanova-title-YCC.jpg 1340w\" sizes=\"(max-width: 1040px) 100vw, 1040px\" \/><\/a><\/h3>\n<h3><strong>Yachtcharter-Connection \u2013 c\u00f3nocenos<br \/>\n<\/strong><\/h3>\n<p>Yachtcharter-Connection ofrece alquiler de barcos sin patr\u00f3n y de yates de lujo con tripulaci\u00f3n &#8211; en todo el mundo. Desde 2008, alquilamos barcos en los destinos m\u00e1s bonitos del mundo &#8211; veleros, catamaranes, barcos a motor y yates de lujo. Hay m\u00e1s de 12.000 yates para todos tipos de ch\u00e1rter: Nuestra misi\u00f3n es encontrar<strong> el mejor yate para sus vacaciones a bordo<\/strong>, adaptado a sus ideas y preferencias.<\/p>\n<p>Los clientes que conf\u00edan en el servicio de Yachtcharter-Connection, muchos de ellos clientes repetidores desde hace muchos a\u00f1os, son de los cinco continentes. Yachtcharter-Connection es internacional: Propietaria Michaela Kube es de Alemania, la agancia tiene su base en Espa\u00f1a.<\/p>\n<p>Yachtcharter-Connection le ofrece todo: <strong>reserva f\u00e1cil online de su barco y servicio\u00a0y asesoramiento profesional<\/strong> para ayudarle a tomar una decisi\u00f3n a favor de un \u00e1rea de navegaci\u00f3n, si desea navegar su yate como patr\u00f3n o disfrutar de unas vacaciones en un yate con tripulaci\u00f3n con todo el lujo y confort. Es un placer de aconsejarle para asegurar su viaje a bordo resulta en unas vacaciones perfectas. Excelentes contactos en la industria nos ayudan a encontrar el mejor yate para usted.<\/p>\n<p>Richard Schaal tiene a\u00f1os de experiencia en ch\u00e1rter de yates, eventos y comunicaci\u00f3n en la industria de la navegaci\u00f3n. El conoce por experiencia propia numerosas \u00e1reas para realizar un viaje a bordo y una gran cantidad de yates.<\/p>\n<h4><strong>Alquiler de barcos en todo el mundo con Yachtcharter-Connection &#8211; la conexi\u00f3n directa a su yate de ch\u00e1rter!<\/strong><\/h4>\n<p>Yachtcharter-Connection Richard Schaal<br \/>\nGlockengarten 77 &#8211; DE &#8211; 44803 Bochum \/ Alemania<\/p>\n<p>Contact:<\/p>\n<p>Email:\u00a0 info@yachtcharter-connection.com<\/p>\n<p>Phone: +49 &#8211; 234 30765190<\/p>\n<p>Service Hotline:<\/p>\n<p><img loading=\"lazy\" class=\"content-image\" src=\"https:\/\/yachtcharter-connection.com\/wp-content\/uploads\/converted_files\/240\/240-561d03e7469ec.jpg\" alt=\"\" width=\"16\" height=\"16\" \/> +49 &#8211; 234 30765190<\/p>\n<p>&nbsp;<\/p>\n","protected":false},"excerpt":{"rendered":"<p>Yachtcharter-Connection \u2013 c\u00f3nocenos Yachtcharter-Connection ofrece alquiler de barcos sin patr\u00f3n y de yates de lujo con tripulaci\u00f3n &#8211; en todo el mundo. Desde 2008, alquilamos barcos en los destinos m\u00e1s bonitos del mundo &#8211; veleros, catamaranes, barcos a motor y yates de lujo. Hay m\u00e1s de 12.000 yates para todos<\/p>\n","protected":false},"author":11,"featured_media":0,"parent":0,"menu_order":0,"comment_status":"open","ping_status":"open","template":"","meta":[],"aioseo_notices":[],"_links":{"self":[{"href":"https:\/\/yachtcharter-connection.com\/es\/wp-json\/wp\/v2\/pages\/193"}],"collection":[{"href":"https:\/\/yachtcharter-connection.com\/es\/wp-json\/wp\/v2\/pages"}],"about":[{"href":"https:\/\/yachtcharter-connection.com\/es\/wp-json\/wp\/v2\/types\/page"}],"author":[{"embeddable":true,"href":"https:\/\/yachtcharter-connection.com\/es\/wp-json\/wp\/v2\/users\/11"}],"replies":[{"embeddable":true,"href":"https:\/\/yachtcharter-connection.com\/es\/wp-json\/wp\/v2\/comments?post=193"}],"version-history":[{"count":30,"href":"https:\/\/yachtcharter-connection.com\/es\/wp-json\/wp\/v2\/pages\/193\/revisions"}],"predecessor-version":[{"id":30721,"href":"https:\/\/yachtcharter-connection.com\/es\/wp-json\/wp\/v2\/pages\/193\/revisions\/30721"}],"wp:attachment":[{"href":"https:\/\/yachtcharter-connection.com\/es\/wp-json\/wp\/v2\/media?parent=193"}],"curies":[{"name":"wp","href":"https:\/\/api.w.org\/{rel}","templated":true}]}}