{"id":1939,"date":"2015-08-10T05:53:51","date_gmt":"2015-08-10T05:53:51","guid":{"rendered":"http:\/\/yachtcharter-connection.com.w01e47c6.kasserver.com\/ibiza-san-antonio-590\/"},"modified":"2017-07-15T16:47:43","modified_gmt":"2017-07-15T14:47:43","slug":"ibiza-san-antonio-590","status":"publish","type":"page","link":"https:\/\/yachtcharter-connection.com\/es\/regiones\/mediterraneo\/alquiler-barcos-baleares-mallorca-menorca-ibiza\/ibiza-san-antonio-590\/","title":{"rendered":"Ibiza \/ San Antonio"},"content":{"rendered":"<h3>Alquiler de barcos Ibiza \/ San Antonio<\/h3>\n<p>\n<img loading=\"lazy\" class=\"content-image\"  height=\"203\" width=\"300\" alt=\"Navegar_Baleares_Ibiza_Bahia_de_San_Miguel\" src=\"https:\/\/yachtcharter-connection.com\/wp-content\/uploads\/converted_files\/20600\/20600-5624e16c05755.jpg\" \/>Puerto de San Antonio est\u00e1 en la costa occidental de Ibiza y es el puerto m\u00e1s cercano a la pen\u00ednsula. En el antepuerto hay fondeaderos, si es que no queremos amarrar en la marina. Y directamente al lado del puerto est\u00e1 la lonja, donde podemos abastecernos para preparar una deliciosa cena a bordo. <\/p>\n<p>Cala Bossa se encuentra a tan solo tres millas de San Antonio; est\u00e1 rodeada de pinos y es un lugar muy adecuado para hacer una parada y tomar un refrescante ba\u00f1o. <\/p>\n","protected":false},"excerpt":{"rendered":"<p>Alquiler de barcos Ibiza \/ San Antonio Puerto de San Antonio est\u00e1 en la costa occidental de Ibiza y es el puerto m\u00e1s cercano a la pen\u00ednsula. En el antepuerto hay fondeaderos, si es que no queremos amarrar en la marina. Y directamente al lado del puerto est\u00e1 la lonja,<\/p>\n","protected":false},"author":11,"featured_media":0,"parent":667,"menu_order":0,"comment_status":"open","ping_status":"open","template":"","meta":[],"aioseo_notices":[],"_links":{"self":[{"href":"https:\/\/yachtcharter-connection.com\/es\/wp-json\/wp\/v2\/pages\/1939"}],"collection":[{"href":"https:\/\/yachtcharter-connection.com\/es\/wp-json\/wp\/v2\/pages"}],"about":[{"href":"https:\/\/yachtcharter-connection.com\/es\/wp-json\/wp\/v2\/types\/page"}],"author":[{"embeddable":true,"href":"https:\/\/yachtcharter-connection.com\/es\/wp-json\/wp\/v2\/users\/11"}],"replies":[{"embeddable":true,"href":"https:\/\/yachtcharter-connection.com\/es\/wp-json\/wp\/v2\/comments?post=1939"}],"version-history":[{"count":1,"href":"https:\/\/yachtcharter-connection.com\/es\/wp-json\/wp\/v2\/pages\/1939\/revisions"}],"predecessor-version":[{"id":14179,"href":"https:\/\/yachtcharter-connection.com\/es\/wp-json\/wp\/v2\/pages\/1939\/revisions\/14179"}],"up":[{"embeddable":true,"href":"https:\/\/yachtcharter-connection.com\/es\/wp-json\/wp\/v2\/pages\/667"}],"wp:attachment":[{"href":"https:\/\/yachtcharter-connection.com\/es\/wp-json\/wp\/v2\/media?parent=1939"}],"curies":[{"name":"wp","href":"https:\/\/api.w.org\/{rel}","templated":true}]}}