{"id":1943,"date":"2014-06-28T17:00:24","date_gmt":"2014-06-28T17:00:24","guid":{"rendered":"http:\/\/yachtcharter-connection.com.w01e47c6.kasserver.com\/medulin-970\/"},"modified":"2016-10-29T22:00:18","modified_gmt":"2016-10-29T20:00:18","slug":"medulin-970","status":"publish","type":"page","link":"https:\/\/yachtcharter-connection.com\/es\/regiones\/mediterraneo\/alquiler-barcos-adriatico-norte\/medulin-970\/","title":{"rendered":"Medulin"},"content":{"rendered":"<h3>Alquiler de barcos Medulin<\/h3>\n<p>\n<img class=\"content-image\"  src=\"https:\/\/yachtcharter-connection.com\/wp-content\/uploads\/converted_files\/20608\/20608-5624e16d59060.jpg\" alt=\"Alquiler de barcos_Croacia-Istria_Medulin.jpg\" style=\"width: 300px; height: 200px;\" \/>Medulin est\u00e1 situado en el extremo sur de la pen\u00ednsula de Istria. En el puerto deportivo de la ciudad tur\u00edstica, se encuentra la base de Alquiler de barcos. Hay varias peque\u00f1as islas situadas frente a la costa. Medulin es el punto de partida ideal para turistas de Alquiler de barcos para navegar en la bah\u00eda de Kvarner. <\/p>\n","protected":false},"excerpt":{"rendered":"<p>Alquiler de barcos Medulin Medulin est\u00e1 situado en el extremo sur de la pen\u00ednsula de Istria. En el puerto deportivo de la ciudad tur\u00edstica, se encuentra la base de Alquiler de barcos. Hay varias peque\u00f1as islas situadas frente a la costa. Medulin es el punto de partida ideal para turistas<\/p>\n","protected":false},"author":11,"featured_media":0,"parent":662,"menu_order":0,"comment_status":"open","ping_status":"open","template":"","meta":[],"aioseo_notices":[],"_links":{"self":[{"href":"https:\/\/yachtcharter-connection.com\/es\/wp-json\/wp\/v2\/pages\/1943"}],"collection":[{"href":"https:\/\/yachtcharter-connection.com\/es\/wp-json\/wp\/v2\/pages"}],"about":[{"href":"https:\/\/yachtcharter-connection.com\/es\/wp-json\/wp\/v2\/types\/page"}],"author":[{"embeddable":true,"href":"https:\/\/yachtcharter-connection.com\/es\/wp-json\/wp\/v2\/users\/11"}],"replies":[{"embeddable":true,"href":"https:\/\/yachtcharter-connection.com\/es\/wp-json\/wp\/v2\/comments?post=1943"}],"version-history":[{"count":1,"href":"https:\/\/yachtcharter-connection.com\/es\/wp-json\/wp\/v2\/pages\/1943\/revisions"}],"predecessor-version":[{"id":14146,"href":"https:\/\/yachtcharter-connection.com\/es\/wp-json\/wp\/v2\/pages\/1943\/revisions\/14146"}],"up":[{"embeddable":true,"href":"https:\/\/yachtcharter-connection.com\/es\/wp-json\/wp\/v2\/pages\/662"}],"wp:attachment":[{"href":"https:\/\/yachtcharter-connection.com\/es\/wp-json\/wp\/v2\/media?parent=1943"}],"curies":[{"name":"wp","href":"https:\/\/api.w.org\/{rel}","templated":true}]}}