{"id":1944,"date":"2014-06-29T00:55:28","date_gmt":"2014-06-29T00:55:28","guid":{"rendered":"http:\/\/yachtcharter-connection.com.w01e47c6.kasserver.com\/bodoe-269\/"},"modified":"2016-10-29T19:08:11","modified_gmt":"2016-10-29T17:08:11","slug":"bodoe-269","status":"publish","type":"page","link":"https:\/\/yachtcharter-connection.com\/es\/regiones\/mar-de-noruega\/alquiler-barcos-norway-atlantic-coast\/bodoe-269\/","title":{"rendered":"Bodoe"},"content":{"rendered":"<h3>Alquiler de barcos Bodoe<\/h3>\n<p>\nBodoe es la capital de la provincia noruega de Nordland y, como Tromso, est\u00e1 al norte del C\u00edrculo Polar \u00c1rtico.  A unos 30 kil\u00f3metros en direcci\u00f3n este encontramos una de las corrientes de mareas m\u00e1s fuertes que existen, la Saltstraumen. En la regi\u00f3n anidan las \u00e1guilas marinas ya que en estas aguas encontramos abundante pesca.  De hecho la ciudad adquiri\u00f3 importancia sobre todo en el siglo XIX por la pesca en los  bancos de arenque. Como en Tromso la compa\u00f1\u00eda naviera Hurtigruten  ha contribuido enormemente con su servicio de transporte de personas y mercanc\u00edas al crecimiento y expansi\u00f3n de la regi\u00f3n. <\/p>\n","protected":false},"excerpt":{"rendered":"<p>Alquiler de barcos Bodoe Bodoe es la capital de la provincia noruega de Nordland y, como Tromso, est\u00e1 al norte del C\u00edrculo Polar \u00c1rtico. A unos 30 kil\u00f3metros en direcci\u00f3n este encontramos una de las corrientes de mareas m\u00e1s fuertes que existen, la Saltstraumen. En la regi\u00f3n anidan las \u00e1guilas<\/p>\n","protected":false},"author":11,"featured_media":0,"parent":707,"menu_order":0,"comment_status":"open","ping_status":"open","template":"","meta":[],"aioseo_notices":[],"_links":{"self":[{"href":"https:\/\/yachtcharter-connection.com\/es\/wp-json\/wp\/v2\/pages\/1944"}],"collection":[{"href":"https:\/\/yachtcharter-connection.com\/es\/wp-json\/wp\/v2\/pages"}],"about":[{"href":"https:\/\/yachtcharter-connection.com\/es\/wp-json\/wp\/v2\/types\/page"}],"author":[{"embeddable":true,"href":"https:\/\/yachtcharter-connection.com\/es\/wp-json\/wp\/v2\/users\/11"}],"replies":[{"embeddable":true,"href":"https:\/\/yachtcharter-connection.com\/es\/wp-json\/wp\/v2\/comments?post=1944"}],"version-history":[{"count":1,"href":"https:\/\/yachtcharter-connection.com\/es\/wp-json\/wp\/v2\/pages\/1944\/revisions"}],"predecessor-version":[{"id":14094,"href":"https:\/\/yachtcharter-connection.com\/es\/wp-json\/wp\/v2\/pages\/1944\/revisions\/14094"}],"up":[{"embeddable":true,"href":"https:\/\/yachtcharter-connection.com\/es\/wp-json\/wp\/v2\/pages\/707"}],"wp:attachment":[{"href":"https:\/\/yachtcharter-connection.com\/es\/wp-json\/wp\/v2\/media?parent=1944"}],"curies":[{"name":"wp","href":"https:\/\/api.w.org\/{rel}","templated":true}]}}