{"id":1945,"date":"2015-08-10T05:53:51","date_gmt":"2015-08-10T05:53:51","guid":{"rendered":"http:\/\/yachtcharter-connection.com.w01e47c6.kasserver.com\/yalikavak-bodrum-peninsula-438\/"},"modified":"2017-07-16T06:29:22","modified_gmt":"2017-07-16T04:29:22","slug":"yalikavak-bodrum-peninsula-438","status":"publish","type":"page","link":"https:\/\/yachtcharter-connection.com\/es\/regiones\/mediterraneo\/alquiler-barcos-costa-turca\/yalikavak-bodrum-peninsula-438\/","title":{"rendered":"Yalikavak \/ Bodrum Peninsula"},"content":{"rendered":"<h3>Alquiler de barcos Yalikavak Palmarina \/ Bodrum Peninsula<\/h3>\n<p>\n<img loading=\"lazy\" class=\"content-image\"  width=\"300\" height=\"225\" src=\"https:\/\/yachtcharter-connection.com\/wp-content\/uploads\/converted_files\/20612\/20612-5624e16f03295.jpg\" alt=\"\" \/>Las calles estrechas, las casas pintadas blancas, los restaurantes y los caf\u00e9s directamente situado en el puerto: El destino de Alquiler de barcos Yalikavak, un peque\u00f1o centro tur\u00edstico costero en el noroeste de la pen\u00ednsula de Bodrum, se guarda de la actitud encantadora de un pueblo pesquero t\u00edpico del mar Egeo turco. Una carretera lleva directamente a <a href=\"~\/Alquiler_barcos_turquia\/bodrum.html\" target=\"_blank\">Bodrum<\/a>, a s\u00f3lo 15 kil\u00f3metros de distancia &#8211; los equipos que  que est\u00e1n planeando su viaje en ch\u00e1rterde Bodrum, tambi\u00e9n se pueden encontrar aqu\u00ed el mejor yate para sus vacaciones en velero, as\u00ed como en Bodrum, Milta Marina, o en la Marina Turgutreis.<\/p>\n<p>Para los turistas Yalikavak es muy popular, tambi\u00e9n se llama &ldquo;St. Tropez del Mar Egeo.&rdquo; Pero representa el turismo suave, protecci\u00f3n del ambiente es esencial. Pero los navegantes encuentran una infraestructura perfecta para viajes en ch\u00e1rter. La mirada sobre la bah\u00eda de los molinos de viento situado en una colina es fant\u00e1stica.<\/p>\n<p>Puerto de salida para los cruceros de alquiler de barcos de Bodrum es el puerto deportivo Palmarina, hasta el a\u00f1o 2011 m\u00e1s conocida bajo el nombre del Port Bodrum Yalikavak Marina. El Port Bodrum fue planeado como un puerto noble, que tambi\u00e9n ofrece espacio para mega-yates &#8211; m\u00e1s all\u00e1 del anfiteatro, playa, pista de aterrizaje de helic\u00f3pteros, ten\u00eds, hoteles, escuelas de buceo y vela, etc En total hay en el Palmarina 450 atraques en pantalanes flotantes, la mitad de los m\u00e1s de 80.000 metros cuadrados de la zona portuaria son zonas verdes con muchas palmeras. Para los equipos de alquiler de barcos  hay toda la infraestructura &#8211; la Palmarina en Yalikavak es tambi\u00e9n un puerto de entrada para los navegantes de ch\u00e1rter que llegan de Grecia, de las islas del Dodecaneso.<\/p>\n<p>En el puerto de ch\u00e1rter Palmarina en Yalikavak en la pen\u00ednsula de Bodrum, hay grandes flotas de alquiler de veleros y catamaranes de todos los grandes astilleros: Bavaria, Jeanneau Sun Odyssey, Dufour, Beneteau, Lagoon y Broadblue. Ch\u00e1rter su mejor yate para su crucero en la costa turca de Yalikavak \/ Palmarina en l\u00ednea &#8211; o preguntanos por ofertas. <\/p>\n<p><\/p>\n","protected":false},"excerpt":{"rendered":"<p>Alquiler de barcos Yalikavak Palmarina \/ Bodrum Peninsula Las calles estrechas, las casas pintadas blancas, los restaurantes y los caf\u00e9s directamente situado en el puerto: El destino de Alquiler de barcos Yalikavak, un peque\u00f1o centro tur\u00edstico costero en el noroeste de la pen\u00ednsula de Bodrum, se guarda de la actitud<\/p>\n","protected":false},"author":11,"featured_media":0,"parent":645,"menu_order":0,"comment_status":"open","ping_status":"open","template":"","meta":[],"aioseo_notices":[],"_links":{"self":[{"href":"https:\/\/yachtcharter-connection.com\/es\/wp-json\/wp\/v2\/pages\/1945"}],"collection":[{"href":"https:\/\/yachtcharter-connection.com\/es\/wp-json\/wp\/v2\/pages"}],"about":[{"href":"https:\/\/yachtcharter-connection.com\/es\/wp-json\/wp\/v2\/types\/page"}],"author":[{"embeddable":true,"href":"https:\/\/yachtcharter-connection.com\/es\/wp-json\/wp\/v2\/users\/11"}],"replies":[{"embeddable":true,"href":"https:\/\/yachtcharter-connection.com\/es\/wp-json\/wp\/v2\/comments?post=1945"}],"version-history":[{"count":1,"href":"https:\/\/yachtcharter-connection.com\/es\/wp-json\/wp\/v2\/pages\/1945\/revisions"}],"predecessor-version":[{"id":14280,"href":"https:\/\/yachtcharter-connection.com\/es\/wp-json\/wp\/v2\/pages\/1945\/revisions\/14280"}],"up":[{"embeddable":true,"href":"https:\/\/yachtcharter-connection.com\/es\/wp-json\/wp\/v2\/pages\/645"}],"wp:attachment":[{"href":"https:\/\/yachtcharter-connection.com\/es\/wp-json\/wp\/v2\/media?parent=1945"}],"curies":[{"name":"wp","href":"https:\/\/api.w.org\/{rel}","templated":true}]}}