{"id":1946,"date":"2014-06-27T16:06:17","date_gmt":"2014-06-27T16:06:17","guid":{"rendered":"http:\/\/yachtcharter-connection.com.w01e47c6.kasserver.com\/pittwater-890\/"},"modified":"2016-10-29T22:09:03","modified_gmt":"2016-10-29T20:09:03","slug":"pittwater-890","status":"publish","type":"page","link":"https:\/\/yachtcharter-connection.com\/es\/regiones\/oceania-154\/alquiler-barcos-sydney-and-sourroundings\/pittwater-890\/","title":{"rendered":"Pittwater"},"content":{"rendered":"<h3>Alquiler de barcos Pittwater<\/h3>\n<p>\nPittwater se encuentra al final de las playas situadas al norte de Sydney; una regi\u00f3n conocida por su belleza natural, su car\u00e1cter primitivo y su alta calidad de vida. Bosque bajo, algo de tropical, tranquilos canales fluviales,  pe\u00f1ascos arenosos y playas interminables. En  Pittwater se asientan adem\u00e1s varias empresas de alta tecnolog\u00eda. Pero en su origen la zona era esencialmente un lugar de vacaciones. Las playas m\u00e1s admiradas son Whale Beach y Palm Beach. Adem\u00e1s, la bah\u00eda de Careel Bay es famosa por sus manglares y la diversidad de aves que la habitan. <\/p>\n","protected":false},"excerpt":{"rendered":"<p>Alquiler de barcos Pittwater Pittwater se encuentra al final de las playas situadas al norte de Sydney; una regi\u00f3n conocida por su belleza natural, su car\u00e1cter primitivo y su alta calidad de vida. Bosque bajo, algo de tropical, tranquilos canales fluviales, pe\u00f1ascos arenosos y playas interminables. En Pittwater se asientan<\/p>\n","protected":false},"author":11,"featured_media":0,"parent":708,"menu_order":0,"comment_status":"open","ping_status":"open","template":"","meta":[],"aioseo_notices":[],"_links":{"self":[{"href":"https:\/\/yachtcharter-connection.com\/es\/wp-json\/wp\/v2\/pages\/1946"}],"collection":[{"href":"https:\/\/yachtcharter-connection.com\/es\/wp-json\/wp\/v2\/pages"}],"about":[{"href":"https:\/\/yachtcharter-connection.com\/es\/wp-json\/wp\/v2\/types\/page"}],"author":[{"embeddable":true,"href":"https:\/\/yachtcharter-connection.com\/es\/wp-json\/wp\/v2\/users\/11"}],"replies":[{"embeddable":true,"href":"https:\/\/yachtcharter-connection.com\/es\/wp-json\/wp\/v2\/comments?post=1946"}],"version-history":[{"count":1,"href":"https:\/\/yachtcharter-connection.com\/es\/wp-json\/wp\/v2\/pages\/1946\/revisions"}],"predecessor-version":[{"id":14433,"href":"https:\/\/yachtcharter-connection.com\/es\/wp-json\/wp\/v2\/pages\/1946\/revisions\/14433"}],"up":[{"embeddable":true,"href":"https:\/\/yachtcharter-connection.com\/es\/wp-json\/wp\/v2\/pages\/708"}],"wp:attachment":[{"href":"https:\/\/yachtcharter-connection.com\/es\/wp-json\/wp\/v2\/media?parent=1946"}],"curies":[{"name":"wp","href":"https:\/\/api.w.org\/{rel}","templated":true}]}}