{"id":1947,"date":"2014-06-28T16:46:33","date_gmt":"2014-06-28T16:46:33","guid":{"rendered":"http:\/\/yachtcharter-connection.com.w01e47c6.kasserver.com\/sydney-harbour-987\/"},"modified":"2016-10-29T22:09:03","modified_gmt":"2016-10-29T20:09:03","slug":"sydney-harbour-987","status":"publish","type":"page","link":"https:\/\/yachtcharter-connection.com\/es\/regiones\/oceania-154\/alquiler-barcos-sydney-and-sourroundings\/sydney-harbour-987\/","title":{"rendered":"Sydney Harbour"},"content":{"rendered":"<h3>Alquiler de barcos Sydney Harbour<\/h3>\n<p>\n<img loading=\"lazy\" class=\"content-image\"  height=\"193\" width=\"300\" src=\"https:\/\/yachtcharter-connection.com\/wp-content\/uploads\/converted_files\/20616\/20616-5624e17124453.jpg\" alt=\"Australia puerto de Sydney\" \/>Todos tenemos en la cabeza la imagen del puerto de Sydney con el famoso edificio de la \u00f3pera. Y casi todo el mundo ha visto tambi\u00e9n alguna vez las regatas de la America&rsquo;s Cup que tienen lugar en la bah\u00eda. Sin olvidar la Sydney Hobart Race que atrae a menudo la atenci\u00f3n de los medios. El \u00e1rea de Sydney y sus alrededores tiene cada vez mayor inter\u00e9s para los navegantes, tanto para los que tienen su propio velero como para los que van en ch\u00e1rter. Y es muy interesante que cuando en Europa es invierno aqu\u00ed sea verano. La capital de New South Wales pasa por ser una de las ciudades m\u00e1s bellas del mundo. La costa sureste de Australia no es poca cosa: en una extensi\u00f3n de 180 millas se van sucediendo hermosas calas y fiordos. <br \/>\n<br type=\"_moz\" \/><\/p>\n","protected":false},"excerpt":{"rendered":"<p>Alquiler de barcos Sydney Harbour Todos tenemos en la cabeza la imagen del puerto de Sydney con el famoso edificio de la \u00f3pera. Y casi todo el mundo ha visto tambi\u00e9n alguna vez las regatas de la America&rsquo;s Cup que tienen lugar en la bah\u00eda. Sin olvidar la Sydney Hobart<\/p>\n","protected":false},"author":11,"featured_media":0,"parent":708,"menu_order":0,"comment_status":"open","ping_status":"open","template":"","meta":[],"aioseo_notices":[],"_links":{"self":[{"href":"https:\/\/yachtcharter-connection.com\/es\/wp-json\/wp\/v2\/pages\/1947"}],"collection":[{"href":"https:\/\/yachtcharter-connection.com\/es\/wp-json\/wp\/v2\/pages"}],"about":[{"href":"https:\/\/yachtcharter-connection.com\/es\/wp-json\/wp\/v2\/types\/page"}],"author":[{"embeddable":true,"href":"https:\/\/yachtcharter-connection.com\/es\/wp-json\/wp\/v2\/users\/11"}],"replies":[{"embeddable":true,"href":"https:\/\/yachtcharter-connection.com\/es\/wp-json\/wp\/v2\/comments?post=1947"}],"version-history":[{"count":1,"href":"https:\/\/yachtcharter-connection.com\/es\/wp-json\/wp\/v2\/pages\/1947\/revisions"}],"predecessor-version":[{"id":14434,"href":"https:\/\/yachtcharter-connection.com\/es\/wp-json\/wp\/v2\/pages\/1947\/revisions\/14434"}],"up":[{"embeddable":true,"href":"https:\/\/yachtcharter-connection.com\/es\/wp-json\/wp\/v2\/pages\/708"}],"wp:attachment":[{"href":"https:\/\/yachtcharter-connection.com\/es\/wp-json\/wp\/v2\/media?parent=1947"}],"curies":[{"name":"wp","href":"https:\/\/api.w.org\/{rel}","templated":true}]}}