{"id":1948,"date":"2014-06-27T16:00:32","date_gmt":"2014-06-27T16:00:32","guid":{"rendered":"http:\/\/yachtcharter-connection.com.w01e47c6.kasserver.com\/airlie-beach-918\/"},"modified":"2016-10-29T22:08:58","modified_gmt":"2016-10-29T20:08:58","slug":"airlie-beach-918","status":"publish","type":"page","link":"https:\/\/yachtcharter-connection.com\/es\/regiones\/oceania-154\/alquiler-barcos-great-barrier-reef-whitsunday-islands\/airlie-beach-918\/","title":{"rendered":"Airlie Beach"},"content":{"rendered":"<h3>Alquiler de barcos Airlie Beach &#8211; Whitsunday Islands<\/h3>\n<p><\/p>\n<p><img loading=\"lazy\" class=\"content-image\"  height=\"226\" width=\"300\" src=\"https:\/\/yachtcharter-connection.com\/wp-content\/uploads\/converted_files\/20618\/20618-5624e172876a0.jpg\" alt=\"\" \/>Airlie Beach es el t\u00edpico lugar tur\u00edstico bien comunicado y cuenta no s\u00f3lo con base de Alquiler de barcos pero tambi\u00e9n con aeropuerto propio: el Whitsunday Coast Airport. Aqu\u00ed encontramos una buena oferta para reponer provisiones y muchas posibilidades de emprender una excursi\u00f3n; de hecho muchas agencias de viajes ofrecen salidas de un d\u00eda para hacer una ruta por el Great Barrier Riff. Tambi\u00e9n hay en el lugar numerosas escuelas de buceo y submarinismo; y mochileros por todas partes. Si tenemos tiempo tambi\u00e9n hay posibilidades de hacer excursiones para conocer el interior de la isla. No muy lejos de la costa se encuentran por ejemplo el puerto de Shute Harbour y el parque nacional de Conway.<\/p>\n","protected":false},"excerpt":{"rendered":"<p>Alquiler de barcos Airlie Beach &#8211; Whitsunday Islands Airlie Beach es el t\u00edpico lugar tur\u00edstico bien comunicado y cuenta no s\u00f3lo con base de Alquiler de barcos pero tambi\u00e9n con aeropuerto propio: el Whitsunday Coast Airport. Aqu\u00ed encontramos una buena oferta para reponer provisiones y muchas posibilidades de emprender una<\/p>\n","protected":false},"author":11,"featured_media":0,"parent":709,"menu_order":0,"comment_status":"open","ping_status":"open","template":"","meta":[],"aioseo_notices":[],"_links":{"self":[{"href":"https:\/\/yachtcharter-connection.com\/es\/wp-json\/wp\/v2\/pages\/1948"}],"collection":[{"href":"https:\/\/yachtcharter-connection.com\/es\/wp-json\/wp\/v2\/pages"}],"about":[{"href":"https:\/\/yachtcharter-connection.com\/es\/wp-json\/wp\/v2\/types\/page"}],"author":[{"embeddable":true,"href":"https:\/\/yachtcharter-connection.com\/es\/wp-json\/wp\/v2\/users\/11"}],"replies":[{"embeddable":true,"href":"https:\/\/yachtcharter-connection.com\/es\/wp-json\/wp\/v2\/comments?post=1948"}],"version-history":[{"count":1,"href":"https:\/\/yachtcharter-connection.com\/es\/wp-json\/wp\/v2\/pages\/1948\/revisions"}],"predecessor-version":[{"id":14424,"href":"https:\/\/yachtcharter-connection.com\/es\/wp-json\/wp\/v2\/pages\/1948\/revisions\/14424"}],"up":[{"embeddable":true,"href":"https:\/\/yachtcharter-connection.com\/es\/wp-json\/wp\/v2\/pages\/709"}],"wp:attachment":[{"href":"https:\/\/yachtcharter-connection.com\/es\/wp-json\/wp\/v2\/media?parent=1948"}],"curies":[{"name":"wp","href":"https:\/\/api.w.org\/{rel}","templated":true}]}}