{"id":1951,"date":"2014-06-27T16:03:34","date_gmt":"2014-06-27T16:03:34","guid":{"rendered":"http:\/\/yachtcharter-connection.com.w01e47c6.kasserver.com\/cardwell-422\/"},"modified":"2016-10-29T22:08:59","modified_gmt":"2016-10-29T20:08:59","slug":"cardwell-422","status":"publish","type":"page","link":"https:\/\/yachtcharter-connection.com\/es\/regiones\/oceania-154\/alquiler-barcos-great-barrier-reef-whitsunday-islands\/cardwell-422\/","title":{"rendered":"Cardwell"},"content":{"rendered":"<h3>Alquiler de barcos Cardwell<\/h3>\n<p>\n<img loading=\"lazy\" class=\"content-image\"  height=\"424\" width=\"283\" src=\"https:\/\/yachtcharter-connection.com\/wp-content\/uploads\/converted_files\/20623\/20623-5624e17403e6d.jpg\" alt=\"\" \/>Cardwell se encuentra entre Townsville y Cairos. Es la puerta de entrada a la isla  Hinchinbrook, el parque nacional m\u00e1s grande de Australia, con playas bordeadas por palmeras, cascadas, rutas fluviales que atraviesan manglares, pantanos y bosques tropicales. El mundo submarino es fascinante. Encontramos tambi\u00e9n delfines. Y si nos centramos en   la isla Hinchinson no s\u00f3lo podemos explorar la zona del Great Barrier Reef sino tambi\u00e9n realizar excursiones al interior para visitar lugares como las cataratas m\u00e1s grandes de Australia: las Wallaman Falls.<br type=\"_moz\" \/><\/p>\n","protected":false},"excerpt":{"rendered":"<p>Alquiler de barcos Cardwell Cardwell se encuentra entre Townsville y Cairos. Es la puerta de entrada a la isla Hinchinbrook, el parque nacional m\u00e1s grande de Australia, con playas bordeadas por palmeras, cascadas, rutas fluviales que atraviesan manglares, pantanos y bosques tropicales. El mundo submarino es fascinante. Encontramos tambi\u00e9n delfines.<\/p>\n","protected":false},"author":11,"featured_media":0,"parent":709,"menu_order":0,"comment_status":"open","ping_status":"open","template":"","meta":[],"aioseo_notices":[],"_links":{"self":[{"href":"https:\/\/yachtcharter-connection.com\/es\/wp-json\/wp\/v2\/pages\/1951"}],"collection":[{"href":"https:\/\/yachtcharter-connection.com\/es\/wp-json\/wp\/v2\/pages"}],"about":[{"href":"https:\/\/yachtcharter-connection.com\/es\/wp-json\/wp\/v2\/types\/page"}],"author":[{"embeddable":true,"href":"https:\/\/yachtcharter-connection.com\/es\/wp-json\/wp\/v2\/users\/11"}],"replies":[{"embeddable":true,"href":"https:\/\/yachtcharter-connection.com\/es\/wp-json\/wp\/v2\/comments?post=1951"}],"version-history":[{"count":1,"href":"https:\/\/yachtcharter-connection.com\/es\/wp-json\/wp\/v2\/pages\/1951\/revisions"}],"predecessor-version":[{"id":14426,"href":"https:\/\/yachtcharter-connection.com\/es\/wp-json\/wp\/v2\/pages\/1951\/revisions\/14426"}],"up":[{"embeddable":true,"href":"https:\/\/yachtcharter-connection.com\/es\/wp-json\/wp\/v2\/pages\/709"}],"wp:attachment":[{"href":"https:\/\/yachtcharter-connection.com\/es\/wp-json\/wp\/v2\/media?parent=1951"}],"curies":[{"name":"wp","href":"https:\/\/api.w.org\/{rel}","templated":true}]}}