{"id":1954,"date":"2014-06-27T16:09:53","date_gmt":"2014-06-27T16:09:53","guid":{"rendered":"http:\/\/yachtcharter-connection.com.w01e47c6.kasserver.com\/townsville-142\/"},"modified":"2016-10-29T22:09:00","modified_gmt":"2016-10-29T20:09:00","slug":"townsville-142","status":"publish","type":"page","link":"https:\/\/yachtcharter-connection.com\/es\/regiones\/oceania-154\/alquiler-barcos-great-barrier-reef-whitsunday-islands\/townsville-142\/","title":{"rendered":"Townsville"},"content":{"rendered":"<h3>Alquiler de barcos Townsville<\/h3>\n<p>\n<img loading=\"lazy\" class=\"content-image\"  height=\"201\" width=\"300\" src=\"https:\/\/yachtcharter-connection.com\/wp-content\/uploads\/converted_files\/20631\/20631-5624e176d1bc0.jpg\" alt=\"\" \/>Townsville es la ciudad m\u00e1s grande del norte de  Queensland, y se encuentra muy cerca del Great Barrier Reef, la Magnetic Island con arrecifes de coral y un gran bosque de eucaliptos, y la isla Orpheus que es un t\u00edpico destino vacacional. Townsville fue en otro tiempo lugar de buscadores de oro en el outback australiano. Hoy en d\u00eda ofrece atracciones como el Great Barrier Reef Wonderland, un arrecife en peque\u00f1o formato, o excursiones al interior por el  outback.<\/p>\n<p><br type=\"_moz\" \/><\/p>\n","protected":false},"excerpt":{"rendered":"<p>Alquiler de barcos Townsville Townsville es la ciudad m\u00e1s grande del norte de Queensland, y se encuentra muy cerca del Great Barrier Reef, la Magnetic Island con arrecifes de coral y un gran bosque de eucaliptos, y la isla Orpheus que es un t\u00edpico destino vacacional. Townsville fue en otro<\/p>\n","protected":false},"author":11,"featured_media":0,"parent":709,"menu_order":0,"comment_status":"open","ping_status":"open","template":"","meta":[],"aioseo_notices":[],"_links":{"self":[{"href":"https:\/\/yachtcharter-connection.com\/es\/wp-json\/wp\/v2\/pages\/1954"}],"collection":[{"href":"https:\/\/yachtcharter-connection.com\/es\/wp-json\/wp\/v2\/pages"}],"about":[{"href":"https:\/\/yachtcharter-connection.com\/es\/wp-json\/wp\/v2\/types\/page"}],"author":[{"embeddable":true,"href":"https:\/\/yachtcharter-connection.com\/es\/wp-json\/wp\/v2\/users\/11"}],"replies":[{"embeddable":true,"href":"https:\/\/yachtcharter-connection.com\/es\/wp-json\/wp\/v2\/comments?post=1954"}],"version-history":[{"count":1,"href":"https:\/\/yachtcharter-connection.com\/es\/wp-json\/wp\/v2\/pages\/1954\/revisions"}],"predecessor-version":[{"id":14428,"href":"https:\/\/yachtcharter-connection.com\/es\/wp-json\/wp\/v2\/pages\/1954\/revisions\/14428"}],"up":[{"embeddable":true,"href":"https:\/\/yachtcharter-connection.com\/es\/wp-json\/wp\/v2\/pages\/709"}],"wp:attachment":[{"href":"https:\/\/yachtcharter-connection.com\/es\/wp-json\/wp\/v2\/media?parent=1954"}],"curies":[{"name":"wp","href":"https:\/\/api.w.org\/{rel}","templated":true}]}}