{"id":1962,"date":"2011-03-14T05:09:44","date_gmt":"2011-03-14T05:09:44","guid":{"rendered":"http:\/\/yachtcharter-connection.com.w01e47c6.kasserver.com\/maldives-heligili-marina-hululu\/"},"modified":"2017-07-14T05:19:48","modified_gmt":"2017-07-14T03:19:48","slug":"maldives-heligili-marina-hululu","status":"publish","type":"page","link":"https:\/\/yachtcharter-connection.com\/es\/regiones\/oceano-indio\/alquiler-barcos-maldives-archipel\/maldives-heligili-marina-hululu\/","title":{"rendered":"Maldives \/ Heligili \/ Marina Hululu"},"content":{"rendered":"<h3>Alquiler de barcos Maldivas &#8211; Male \/ Heligili &#8211; Marina Hululu<\/h3>\n<p>\n<img loading=\"lazy\" class=\"content-image\"  height=\"225\" width=\"300\" src=\"https:\/\/yachtcharter-connection.com\/wp-content\/uploads\/converted_files\/20648\/20648-5624e17da2108.jpg\" alt=\"\" \/>En Male, la Capital de las Maldivas, hay una base de ch\u00e1rter con catamaranes. Si le interesa un crucero en un barco de motor para hacer el buceo por favor l\u00e9e m\u00e1s en <a target=\"_blank\" href=\"https:\/\/yachtcharter-connection.com\/wp-content\/uploads\/converted_files\/20648\/20648-5624e17f41d00.jpg\">aqui.<\/a><\/p>\n","protected":false},"excerpt":{"rendered":"<p>Alquiler de barcos Maldivas &#8211; Male \/ Heligili &#8211; Marina Hululu En Male, la Capital de las Maldivas, hay una base de ch\u00e1rter con catamaranes. Si le interesa un crucero en un barco de motor para hacer el buceo por favor l\u00e9e m\u00e1s en aqui.<\/p>\n","protected":false},"author":11,"featured_media":0,"parent":713,"menu_order":0,"comment_status":"open","ping_status":"open","template":"","meta":[],"aioseo_notices":[],"_links":{"self":[{"href":"https:\/\/yachtcharter-connection.com\/es\/wp-json\/wp\/v2\/pages\/1962"}],"collection":[{"href":"https:\/\/yachtcharter-connection.com\/es\/wp-json\/wp\/v2\/pages"}],"about":[{"href":"https:\/\/yachtcharter-connection.com\/es\/wp-json\/wp\/v2\/types\/page"}],"author":[{"embeddable":true,"href":"https:\/\/yachtcharter-connection.com\/es\/wp-json\/wp\/v2\/users\/11"}],"replies":[{"embeddable":true,"href":"https:\/\/yachtcharter-connection.com\/es\/wp-json\/wp\/v2\/comments?post=1962"}],"version-history":[{"count":1,"href":"https:\/\/yachtcharter-connection.com\/es\/wp-json\/wp\/v2\/pages\/1962\/revisions"}],"predecessor-version":[{"id":14442,"href":"https:\/\/yachtcharter-connection.com\/es\/wp-json\/wp\/v2\/pages\/1962\/revisions\/14442"}],"up":[{"embeddable":true,"href":"https:\/\/yachtcharter-connection.com\/es\/wp-json\/wp\/v2\/pages\/713"}],"wp:attachment":[{"href":"https:\/\/yachtcharter-connection.com\/es\/wp-json\/wp\/v2\/media?parent=1962"}],"curies":[{"name":"wp","href":"https:\/\/api.w.org\/{rel}","templated":true}]}}