{"id":1963,"date":"2014-06-28T17:16:56","date_gmt":"2014-06-28T17:16:56","guid":{"rendered":"http:\/\/yachtcharter-connection.com.w01e47c6.kasserver.com\/gran-canaria-puerto-rico-549\/"},"modified":"2017-07-12T23:59:05","modified_gmt":"2017-07-12T21:59:05","slug":"gran-canaria-puerto-rico-549","status":"publish","type":"page","link":"https:\/\/yachtcharter-connection.com\/es\/regiones\/atlantico-africa-occidental\/alquiler-barcos-canarias\/gran-canaria-puerto-rico-549\/","title":{"rendered":"Gran Canaria \/ Puerto Rico"},"content":{"rendered":"<h3>Alquiler de barcos Gran Canaria \/ Puerto Rico<\/h3>\n<p>\nEn Puerto Rico encontramos muchas posibilidades para reponer todo lo que necesitemos a bordo. Pero la vista que se disfruta en el lugar, de los edificios de hoteles y apartamentos que recuerdan m\u00e1s bien a las colmenas, tiene realmente poco encanto.  <\/p>\n<p>Pasito Blanco, tambien situada en el sur cerca de Puerto Rico, es una marina bien resguardada y un yachtclub. Est\u00e1 en el sur, en la  Costa Meloneras, una zona muy edificada pegada a los destinos m\u00e1s tur\u00edsticos: Maspalomas, Playa del Ingl\u00e9s y San Agust\u00edn.<br type=\"_moz\" \/><\/p>\n","protected":false},"excerpt":{"rendered":"<p>Alquiler de barcos Gran Canaria \/ Puerto Rico En Puerto Rico encontramos muchas posibilidades para reponer todo lo que necesitemos a bordo. Pero la vista que se disfruta en el lugar, de los edificios de hoteles y apartamentos que recuerdan m\u00e1s bien a las colmenas, tiene realmente poco encanto. Pasito<\/p>\n","protected":false},"author":11,"featured_media":0,"parent":651,"menu_order":0,"comment_status":"open","ping_status":"open","template":"","meta":[],"aioseo_notices":[],"_links":{"self":[{"href":"https:\/\/yachtcharter-connection.com\/es\/wp-json\/wp\/v2\/pages\/1963"}],"collection":[{"href":"https:\/\/yachtcharter-connection.com\/es\/wp-json\/wp\/v2\/pages"}],"about":[{"href":"https:\/\/yachtcharter-connection.com\/es\/wp-json\/wp\/v2\/types\/page"}],"author":[{"embeddable":true,"href":"https:\/\/yachtcharter-connection.com\/es\/wp-json\/wp\/v2\/users\/11"}],"replies":[{"embeddable":true,"href":"https:\/\/yachtcharter-connection.com\/es\/wp-json\/wp\/v2\/comments?post=1963"}],"version-history":[{"count":1,"href":"https:\/\/yachtcharter-connection.com\/es\/wp-json\/wp\/v2\/pages\/1963\/revisions"}],"predecessor-version":[{"id":13849,"href":"https:\/\/yachtcharter-connection.com\/es\/wp-json\/wp\/v2\/pages\/1963\/revisions\/13849"}],"up":[{"embeddable":true,"href":"https:\/\/yachtcharter-connection.com\/es\/wp-json\/wp\/v2\/pages\/651"}],"wp:attachment":[{"href":"https:\/\/yachtcharter-connection.com\/es\/wp-json\/wp\/v2\/media?parent=1963"}],"curies":[{"name":"wp","href":"https:\/\/api.w.org\/{rel}","templated":true}]}}