{"id":1966,"date":"2015-08-10T05:53:51","date_gmt":"2015-08-10T05:53:51","guid":{"rendered":"http:\/\/yachtcharter-connection.com.w01e47c6.kasserver.com\/cerdena-la-maddalena\/"},"modified":"2018-03-16T22:38:05","modified_gmt":"2018-03-16T20:38:05","slug":"cerdena-la-maddalena","status":"publish","type":"page","link":"https:\/\/yachtcharter-connection.com\/es\/regiones\/mediterraneo\/alquiler-barcos-cerdena\/cerdena-la-maddalena\/","title":{"rendered":"Cerde\u00f1a \/ La Maddalena"},"content":{"rendered":"<h1><strong>Alquiler de barcos Cerde\u00f1a \/ La Maddalena<\/strong><\/h1>\n<p><img loading=\"lazy\" class=\"content-image\" src=\"https:\/\/yachtcharter-connection.com\/wp-content\/uploads\/converted_files\/20656\/20656-5624e18065ca4.jpg\" alt=\"Ch\u00e1rter_de_Yates_Italia_Cerde\u00f1a_La_Maddalena\" width=\"300\" height=\"200\" \/>La Maddalena es una de las principales islas del archipi\u00e9lago del mismo nombre, que es uno de los aspectos m\u00e1s destacados de los cruceros de alquiler de barcos en Cerde\u00f1a. Adem\u00e1s, la capital de la isla se lleva el mismo nombre. La base de alquiler de barcos la Maddalena es accesible por ferry desde el continente de Cerde\u00f1a, de Palau. La isla est\u00e1 conectada con la vecina isla de Caprera por un puente. En la animada ciudad, las tripulaciones de alquiler de yates en La Maddalena encontrar\u00e1n numerosas tiendas, restaurantes y caf\u00e9s.<\/p>\n<p>El archipi\u00e9lago de Maddalena, con m\u00e1s de 62 islas &#8211; las siete islas m\u00e1s importantes son La Magdalena, Cabrera, Santa Mar\u00eda, San Stefano, Razzoli, Spargi y Budelli &#8211; es un destino fascinante para las tripulaciones de alquiler de barcos La Maddalena. Maddalena, originalmente habitado por pastores, ha servido durante mucho tiempo como una base naval para la marina italiana y como una base de submarinos nucleares de la Marina de los EE.UU., que se disolvi\u00f3 de 2008. Parte del equipo sigue siendo utilizado por los militares, pero la mayor\u00eda han sido y son convertidos para el uso tur\u00edstico, como el puerto de Porto di Arsenale con un elegante noble puerto deportivo con Hotel and Yacht Club.<\/p>\n<p>Otros puertos en La Maddalena para las tripulaciones de alquiler de barcos Cerde\u00f1a son el puerto de la ciudad Maddelana de Cala Gavetta con un animado ambiente urbano y el Porto Turistico di Cala Camiciotto &#8211; la caminata por el paseo mar\u00edtimo de la ciudad est\u00e1 a unos dos kil\u00f3metros.<\/p>\n<h2>Yates de ch\u00e1rter en La Maddalena:<\/h2>\n<p>Para las tripulaciones ch\u00e1rter de yates La Maddalena que quieren alquilar directamente en el archipi\u00e9lago, hay veleros en La Maddalena disponibles &#8211; monocascos de Beneteau y catamaranes tipo Lagoon.<\/p>\n<p>&nbsp;<\/p>\n","protected":false},"excerpt":{"rendered":"<p>Alquiler de barcos Cerde\u00f1a \/ La Maddalena La Maddalena es una de las principales islas del archipi\u00e9lago del mismo nombre, que es uno de los aspectos m\u00e1s destacados de los cruceros de alquiler de barcos en Cerde\u00f1a. Adem\u00e1s, la capital de la isla se lleva el mismo nombre. La base<\/p>\n","protected":false},"author":11,"featured_media":0,"parent":665,"menu_order":0,"comment_status":"open","ping_status":"open","template":"","meta":[],"aioseo_notices":[],"_links":{"self":[{"href":"https:\/\/yachtcharter-connection.com\/es\/wp-json\/wp\/v2\/pages\/1966"}],"collection":[{"href":"https:\/\/yachtcharter-connection.com\/es\/wp-json\/wp\/v2\/pages"}],"about":[{"href":"https:\/\/yachtcharter-connection.com\/es\/wp-json\/wp\/v2\/types\/page"}],"author":[{"embeddable":true,"href":"https:\/\/yachtcharter-connection.com\/es\/wp-json\/wp\/v2\/users\/11"}],"replies":[{"embeddable":true,"href":"https:\/\/yachtcharter-connection.com\/es\/wp-json\/wp\/v2\/comments?post=1966"}],"version-history":[{"count":3,"href":"https:\/\/yachtcharter-connection.com\/es\/wp-json\/wp\/v2\/pages\/1966\/revisions"}],"predecessor-version":[{"id":26161,"href":"https:\/\/yachtcharter-connection.com\/es\/wp-json\/wp\/v2\/pages\/1966\/revisions\/26161"}],"up":[{"embeddable":true,"href":"https:\/\/yachtcharter-connection.com\/es\/wp-json\/wp\/v2\/pages\/665"}],"wp:attachment":[{"href":"https:\/\/yachtcharter-connection.com\/es\/wp-json\/wp\/v2\/media?parent=1966"}],"curies":[{"name":"wp","href":"https:\/\/api.w.org\/{rel}","templated":true}]}}