{"id":1968,"date":"2014-06-29T01:03:33","date_gmt":"2014-06-29T01:03:33","guid":{"rendered":"http:\/\/yachtcharter-connection.com.w01e47c6.kasserver.com\/new-caledonia-noumea-451\/"},"modified":"2016-10-29T22:09:01","modified_gmt":"2016-10-29T20:09:01","slug":"new-caledonia-noumea-451","status":"publish","type":"page","link":"https:\/\/yachtcharter-connection.com\/es\/regiones\/oceania-154\/alquiler-barcos-isla-nueva-caledonia\/new-caledonia-noumea-451\/","title":{"rendered":"New Caledonia \/ Noumea"},"content":{"rendered":"<h3>Alquiler de barcos Nueva Caledonia \/ Noumea<\/h3>\n<p>\n<img loading=\"lazy\" class=\"content-image\"  width=\"300\" height=\"225\" alt=\"Nueva Caledonia Noumea\" src=\"https:\/\/yachtcharter-connection.com\/wp-content\/uploads\/converted_files\/20660\/20660-5624e184957bf.jpg\" \/>Noumea es la capital de la Nueva Caledonia. Aqu\u00ed vive casi un tercio de los 91.000 habitantes que pueblan el pa\u00eds. El 45 por ciento de la poblaci\u00f3n son melanesios o canacos. Partiendo del Airport Magenta de Noumea podemos llegar a casi todas las islas en vuelo directo. La infrastructura es perfecta para el turismo de Alquiler de barcos: Todo lo que necesitan los que navegan en un yate ch\u00e1rter se encuentra en las tres marinas que hemos mencionado (Cercle Nautique Cal\u00e9donien, Port Moselle y Port du Sud) y en sus alrededores.  <\/p>\n<p>De la base de Alquiler de barcos en Noumea ofrecemos catamaranes y monocascos &#8211; no dude en contactarnos y preguntar por una oferta de Alquiler de barcos desde Noumea.<\/p>\n","protected":false},"excerpt":{"rendered":"<p>Alquiler de barcos Nueva Caledonia \/ Noumea Noumea es la capital de la Nueva Caledonia. Aqu\u00ed vive casi un tercio de los 91.000 habitantes que pueblan el pa\u00eds. El 45 por ciento de la poblaci\u00f3n son melanesios o canacos. Partiendo del Airport Magenta de Noumea podemos llegar a casi todas<\/p>\n","protected":false},"author":11,"featured_media":0,"parent":656,"menu_order":0,"comment_status":"open","ping_status":"open","template":"","meta":[],"aioseo_notices":[],"_links":{"self":[{"href":"https:\/\/yachtcharter-connection.com\/es\/wp-json\/wp\/v2\/pages\/1968"}],"collection":[{"href":"https:\/\/yachtcharter-connection.com\/es\/wp-json\/wp\/v2\/pages"}],"about":[{"href":"https:\/\/yachtcharter-connection.com\/es\/wp-json\/wp\/v2\/types\/page"}],"author":[{"embeddable":true,"href":"https:\/\/yachtcharter-connection.com\/es\/wp-json\/wp\/v2\/users\/11"}],"replies":[{"embeddable":true,"href":"https:\/\/yachtcharter-connection.com\/es\/wp-json\/wp\/v2\/comments?post=1968"}],"version-history":[{"count":1,"href":"https:\/\/yachtcharter-connection.com\/es\/wp-json\/wp\/v2\/pages\/1968\/revisions"}],"predecessor-version":[{"id":14430,"href":"https:\/\/yachtcharter-connection.com\/es\/wp-json\/wp\/v2\/pages\/1968\/revisions\/14430"}],"up":[{"embeddable":true,"href":"https:\/\/yachtcharter-connection.com\/es\/wp-json\/wp\/v2\/pages\/656"}],"wp:attachment":[{"href":"https:\/\/yachtcharter-connection.com\/es\/wp-json\/wp\/v2\/media?parent=1968"}],"curies":[{"name":"wp","href":"https:\/\/api.w.org\/{rel}","templated":true}]}}