{"id":1970,"date":"2015-08-10T05:53:51","date_gmt":"2015-08-10T05:53:51","guid":{"rendered":"http:\/\/yachtcharter-connection.com.w01e47c6.kasserver.com\/stockholm-liding%c3%b6-216\/"},"modified":"2017-07-14T01:04:13","modified_gmt":"2017-07-13T23:04:13","slug":"stockholm-lidingoe-216","status":"publish","type":"page","link":"https:\/\/yachtcharter-connection.com\/es\/regiones\/mar-baltico\/alquiler-barcos-baltico-del-noreste\/stockholm-lidingoe-216\/","title":{"rendered":"Stockholm \/ Liding\u00f6"},"content":{"rendered":"<h3>Alquiler de barcos Estocolmo \/ Liding\u00f6<\/h3>\n<p>\nLiding\u00f6 se encuentra al norte de Estocolmo en la regi\u00f3n de Uppland. Esta ciudad que fundaron los vikingos pertenece oficialmente a la provincia de Estocolmo. La mayor\u00eda de las 30.000 personas que la habitan se desplazan a trabajar a la capital en tren de cercan\u00edas. El municipio se distribuye en islas y se comunica con el continente a trav\u00e9s de dos puentes. <br \/>\n<br type=\"_moz\" \/><\/p>\n","protected":false},"excerpt":{"rendered":"<p>Alquiler de barcos Estocolmo \/ Liding\u00f6 Liding\u00f6 se encuentra al norte de Estocolmo en la regi\u00f3n de Uppland. Esta ciudad que fundaron los vikingos pertenece oficialmente a la provincia de Estocolmo. La mayor\u00eda de las 30.000 personas que la habitan se desplazan a trabajar a la capital en tren de<\/p>\n","protected":false},"author":11,"featured_media":0,"parent":653,"menu_order":0,"comment_status":"open","ping_status":"open","template":"","meta":[],"aioseo_notices":[],"_links":{"self":[{"href":"https:\/\/yachtcharter-connection.com\/es\/wp-json\/wp\/v2\/pages\/1970"}],"collection":[{"href":"https:\/\/yachtcharter-connection.com\/es\/wp-json\/wp\/v2\/pages"}],"about":[{"href":"https:\/\/yachtcharter-connection.com\/es\/wp-json\/wp\/v2\/types\/page"}],"author":[{"embeddable":true,"href":"https:\/\/yachtcharter-connection.com\/es\/wp-json\/wp\/v2\/users\/11"}],"replies":[{"embeddable":true,"href":"https:\/\/yachtcharter-connection.com\/es\/wp-json\/wp\/v2\/comments?post=1970"}],"version-history":[{"count":1,"href":"https:\/\/yachtcharter-connection.com\/es\/wp-json\/wp\/v2\/pages\/1970\/revisions"}],"predecessor-version":[{"id":14029,"href":"https:\/\/yachtcharter-connection.com\/es\/wp-json\/wp\/v2\/pages\/1970\/revisions\/14029"}],"up":[{"embeddable":true,"href":"https:\/\/yachtcharter-connection.com\/es\/wp-json\/wp\/v2\/pages\/653"}],"wp:attachment":[{"href":"https:\/\/yachtcharter-connection.com\/es\/wp-json\/wp\/v2\/media?parent=1970"}],"curies":[{"name":"wp","href":"https:\/\/api.w.org\/{rel}","templated":true}]}}