{"id":1971,"date":"2015-08-10T05:53:51","date_gmt":"2015-08-10T05:53:51","guid":{"rendered":"http:\/\/yachtcharter-connection.com.w01e47c6.kasserver.com\/fehmarn-burgtiefe-432\/"},"modified":"2017-07-14T01:34:25","modified_gmt":"2017-07-13T23:34:25","slug":"fehmarn-burgtiefe-432","status":"publish","type":"page","link":"https:\/\/yachtcharter-connection.com\/es\/regiones\/mar-baltico\/alquiler-barcos-baltico-del-sudoeste\/fehmarn-burgtiefe-432\/","title":{"rendered":"Fehmarn \/ Burgtiefe"},"content":{"rendered":"<h3> Alquiler de barcos Mar B\u00e1ltico &#8211; Alemania &#8211; Fehmarn<\/h3>\n<p>\n{<img loading=\"lazy\" class=\"content-image\"  width=\"300\" height=\"225\" src=\"https:\/\/yachtcharter-connection.com\/wp-content\/uploads\/converted_files\/20666\/20666-5624e185e8bb5.jpg\" alt=\"Mar B\u00e1ltico - Fehmarn - Burg\" \/>El puerto deportivo de Burgtiefe con base de Alquiler de barcos en la isla de Fehmarn ya es tan excepcional, ya que es redonda &#8211; que significa no s\u00f3lo un toque de luz \u00f3ptica, pero tambi\u00e9n mucho de la distancia a los muelles y mucho espacio para maniobrar. Equipos de Alquiler de barcos aqu\u00ed est\u00e1n perfectamente protegidos en el &quot;lago del Burg&quot;. Con actividades deportivas tales como nataci\u00f3n, voleibol de playa o de tenis, los equipos de Alquiler de barcos pueden disfrutar de la playa de sur muy cercana. El pintoresco pueblo de Burg invita para pasear, comprar y comer.<\/p>\n<p>Y puerto deportivo de Alquiler de barcos todo lo que pueda desear el coraz\u00f3n de un turista que viaja en ch\u00e1rter, como a una zona de juegos y acceso inal\u00e1mbrico al internet &#8211; y, por supuesto, una s\u00faper oferta de Alquiler de barcos, entre otros tipos de veleros por ejemplo X-Yachts, Elan, Salona, Dufour y First.<\/p>\n<p><\/p>\n","protected":false},"excerpt":{"rendered":"<p>Alquiler de barcos Mar B\u00e1ltico &#8211; Alemania &#8211; Fehmarn {El puerto deportivo de Burgtiefe con base de Alquiler de barcos en la isla de Fehmarn ya es tan excepcional, ya que es redonda &#8211; que significa no s\u00f3lo un toque de luz \u00f3ptica, pero tambi\u00e9n mucho de la distancia a<\/p>\n","protected":false},"author":11,"featured_media":0,"parent":652,"menu_order":0,"comment_status":"open","ping_status":"open","template":"","meta":[],"aioseo_notices":[],"_links":{"self":[{"href":"https:\/\/yachtcharter-connection.com\/es\/wp-json\/wp\/v2\/pages\/1971"}],"collection":[{"href":"https:\/\/yachtcharter-connection.com\/es\/wp-json\/wp\/v2\/pages"}],"about":[{"href":"https:\/\/yachtcharter-connection.com\/es\/wp-json\/wp\/v2\/types\/page"}],"author":[{"embeddable":true,"href":"https:\/\/yachtcharter-connection.com\/es\/wp-json\/wp\/v2\/users\/11"}],"replies":[{"embeddable":true,"href":"https:\/\/yachtcharter-connection.com\/es\/wp-json\/wp\/v2\/comments?post=1971"}],"version-history":[{"count":1,"href":"https:\/\/yachtcharter-connection.com\/es\/wp-json\/wp\/v2\/pages\/1971\/revisions"}],"predecessor-version":[{"id":13998,"href":"https:\/\/yachtcharter-connection.com\/es\/wp-json\/wp\/v2\/pages\/1971\/revisions\/13998"}],"up":[{"embeddable":true,"href":"https:\/\/yachtcharter-connection.com\/es\/wp-json\/wp\/v2\/pages\/652"}],"wp:attachment":[{"href":"https:\/\/yachtcharter-connection.com\/es\/wp-json\/wp\/v2\/media?parent=1971"}],"curies":[{"name":"wp","href":"https:\/\/api.w.org\/{rel}","templated":true}]}}