{"id":1984,"date":"2015-06-17T05:57:41","date_gmt":"2015-06-17T05:57:41","guid":{"rendered":"http:\/\/yachtcharter-connection.com.w01e47c6.kasserver.com\/g%c3%b6teborg\/"},"modified":"2016-10-29T19:07:40","modified_gmt":"2016-10-29T17:07:40","slug":"g%c3%b6teborg","status":"publish","type":"page","link":"https:\/\/yachtcharter-connection.com\/es\/regiones\/mar-baltico\/alquiler-barcos-western-sweden-bohuslan\/g%c3%b6teborg\/","title":{"rendered":"G\u00f6teborg"},"content":{"rendered":"<h3>{#keyword} Gotemburgo<\/h3>\n<p>\nGotemburgo es la segunda ciudad en tama\u00f1o del pa\u00eds. Est\u00e1 en la costa oeste. Algunas partes de la ciudad se encuentran al norte del r\u00edo Gota (G\u00f6taalv) que desemboca en el Kattegat, y otras en la isla Hisingen, que es la m\u00e1s habitada de las islas suecas. En cuanto a superficie Hisingen es la cuarta isla m\u00e1s grande de Suecia. En el norte del puerto tenemos dos islas: Orust, famosa en todo el mundo por la construcci\u00f3n de yates, y Tj\u00f6rn, punto de partida de muchos recorridos en ch\u00e1rter al igual que muchos otros puertos deportivos de Gotemburgo y sus alrededores como la marina Eriksberg, Hinsholmen y Saltholmen, Klippan, o H\u00f6n\u00f6 R\u00f6d, Lerkil y Lindholmen. Gotemburgo tiene un segundo aeropuerto internacional por lo que no hay dificultades para llegar a la ciudad antes de  tomar el ch\u00e1rter. <\/p>\n","protected":false},"excerpt":{"rendered":"<p>{#keyword} Gotemburgo Gotemburgo es la segunda ciudad en tama\u00f1o del pa\u00eds. Est\u00e1 en la costa oeste. Algunas partes de la ciudad se encuentran al norte del r\u00edo Gota (G\u00f6taalv) que desemboca en el Kattegat, y otras en la isla Hisingen, que es la m\u00e1s habitada de las islas suecas. En<\/p>\n","protected":false},"author":11,"featured_media":0,"parent":661,"menu_order":0,"comment_status":"open","ping_status":"open","template":"","meta":[],"aioseo_notices":[],"_links":{"self":[{"href":"https:\/\/yachtcharter-connection.com\/es\/wp-json\/wp\/v2\/pages\/1984"}],"collection":[{"href":"https:\/\/yachtcharter-connection.com\/es\/wp-json\/wp\/v2\/pages"}],"about":[{"href":"https:\/\/yachtcharter-connection.com\/es\/wp-json\/wp\/v2\/types\/page"}],"author":[{"embeddable":true,"href":"https:\/\/yachtcharter-connection.com\/es\/wp-json\/wp\/v2\/users\/11"}],"replies":[{"embeddable":true,"href":"https:\/\/yachtcharter-connection.com\/es\/wp-json\/wp\/v2\/comments?post=1984"}],"version-history":[{"count":1,"href":"https:\/\/yachtcharter-connection.com\/es\/wp-json\/wp\/v2\/pages\/1984\/revisions"}],"predecessor-version":[{"id":14043,"href":"https:\/\/yachtcharter-connection.com\/es\/wp-json\/wp\/v2\/pages\/1984\/revisions\/14043"}],"up":[{"embeddable":true,"href":"https:\/\/yachtcharter-connection.com\/es\/wp-json\/wp\/v2\/pages\/661"}],"wp:attachment":[{"href":"https:\/\/yachtcharter-connection.com\/es\/wp-json\/wp\/v2\/media?parent=1984"}],"curies":[{"name":"wp","href":"https:\/\/api.w.org\/{rel}","templated":true}]}}