{"id":1997,"date":"2011-03-14T05:09:58","date_gmt":"2011-03-14T05:09:58","guid":{"rendered":"http:\/\/yachtcharter-connection.com.w01e47c6.kasserver.com\/tj%c3%b6rn-bj%c3%b6rholmen-163\/"},"modified":"2016-10-29T19:08:04","modified_gmt":"2016-10-29T17:08:04","slug":"tj%c3%b6rn-bj%c3%b6rholmen-163","status":"publish","type":"page","link":"https:\/\/yachtcharter-connection.com\/es\/regiones\/mar-baltico\/alquiler-barcos-western-sweden-bohuslan\/tj%c3%b6rn-bj%c3%b6rholmen-163\/","title":{"rendered":"Tj\u00f6rn \/ Bj\u00f6rholmen"},"content":{"rendered":"<h3>Alquiler de barcos Tj\u00f6rn<\/h3>\n<p>\nTj\u00f6rn, en el norte de Gotemburgo, es la quinta isla de Suecia por su tama\u00f1o. Tiene m\u00e1s de 15.000 habitantes y comunica con el continente y con la isla vecina de Orust por puentes. Desde siempre la pesca y la construcci\u00f3n de barcos han sido su fuente tradicional de ingresos. Aqu\u00ed tienen su sede varias compa\u00f1\u00edas navieras y astilleros. En verano vienen muchos turistas. En agosto alrededor de 1.300 yates toman la salida en las regatas Tj\u00f6rn-runt en las que apenas se recorren 30 millas. A los navegantes les suelen gustar las islas que se encuentran frente a \u00e9sta: Astol y H\u00e4ron. <\/p>\n","protected":false},"excerpt":{"rendered":"<p>Alquiler de barcos Tj\u00f6rn Tj\u00f6rn, en el norte de Gotemburgo, es la quinta isla de Suecia por su tama\u00f1o. Tiene m\u00e1s de 15.000 habitantes y comunica con el continente y con la isla vecina de Orust por puentes. Desde siempre la pesca y la construcci\u00f3n de barcos han sido su<\/p>\n","protected":false},"author":11,"featured_media":0,"parent":661,"menu_order":0,"comment_status":"open","ping_status":"open","template":"","meta":[],"aioseo_notices":[],"_links":{"self":[{"href":"https:\/\/yachtcharter-connection.com\/es\/wp-json\/wp\/v2\/pages\/1997"}],"collection":[{"href":"https:\/\/yachtcharter-connection.com\/es\/wp-json\/wp\/v2\/pages"}],"about":[{"href":"https:\/\/yachtcharter-connection.com\/es\/wp-json\/wp\/v2\/types\/page"}],"author":[{"embeddable":true,"href":"https:\/\/yachtcharter-connection.com\/es\/wp-json\/wp\/v2\/users\/11"}],"replies":[{"embeddable":true,"href":"https:\/\/yachtcharter-connection.com\/es\/wp-json\/wp\/v2\/comments?post=1997"}],"version-history":[{"count":1,"href":"https:\/\/yachtcharter-connection.com\/es\/wp-json\/wp\/v2\/pages\/1997\/revisions"}],"predecessor-version":[{"id":14084,"href":"https:\/\/yachtcharter-connection.com\/es\/wp-json\/wp\/v2\/pages\/1997\/revisions\/14084"}],"up":[{"embeddable":true,"href":"https:\/\/yachtcharter-connection.com\/es\/wp-json\/wp\/v2\/pages\/661"}],"wp:attachment":[{"href":"https:\/\/yachtcharter-connection.com\/es\/wp-json\/wp\/v2\/media?parent=1997"}],"curies":[{"name":"wp","href":"https:\/\/api.w.org\/{rel}","templated":true}]}}