{"id":1999,"date":"2014-06-28T19:16:13","date_gmt":"2014-06-28T19:16:13","guid":{"rendered":"http:\/\/yachtcharter-connection.com.w01e47c6.kasserver.com\/kungshamn-944\/"},"modified":"2016-10-29T19:07:57","modified_gmt":"2016-10-29T17:07:57","slug":"kungshamn-944","status":"publish","type":"page","link":"https:\/\/yachtcharter-connection.com\/es\/regiones\/mar-baltico\/alquiler-barcos-western-sweden-bohuslan\/kungshamn-944\/","title":{"rendered":"Kungshamn"},"content":{"rendered":"<h3>Alquiler de barcos Kungshamn<\/h3>\n<p>\nKungshamn est\u00e1 en una pen\u00ednsula en la costa oeste, poco antes de la frontera con Noruega. Siempre ha sido un importante puerto pesquero, si bien hoy en d\u00eda se trabaja m\u00e1s la conserva y elaboraci\u00f3n del pescado y ha adquirido prioridad el turismo. Se han construido muchos muelles y pantalanes para facilitar a los turistas el acceso al mar y a los navegantes la entrada en  tierra. En  Kungshamn encontramos muchas marinas. <br \/>\n<br type=\"_moz\" \/><\/p>\n","protected":false},"excerpt":{"rendered":"<p>Alquiler de barcos Kungshamn Kungshamn est\u00e1 en una pen\u00ednsula en la costa oeste, poco antes de la frontera con Noruega. Siempre ha sido un importante puerto pesquero, si bien hoy en d\u00eda se trabaja m\u00e1s la conserva y elaboraci\u00f3n del pescado y ha adquirido prioridad el turismo. Se han construido<\/p>\n","protected":false},"author":11,"featured_media":0,"parent":661,"menu_order":0,"comment_status":"open","ping_status":"open","template":"","meta":[],"aioseo_notices":[],"_links":{"self":[{"href":"https:\/\/yachtcharter-connection.com\/es\/wp-json\/wp\/v2\/pages\/1999"}],"collection":[{"href":"https:\/\/yachtcharter-connection.com\/es\/wp-json\/wp\/v2\/pages"}],"about":[{"href":"https:\/\/yachtcharter-connection.com\/es\/wp-json\/wp\/v2\/types\/page"}],"author":[{"embeddable":true,"href":"https:\/\/yachtcharter-connection.com\/es\/wp-json\/wp\/v2\/users\/11"}],"replies":[{"embeddable":true,"href":"https:\/\/yachtcharter-connection.com\/es\/wp-json\/wp\/v2\/comments?post=1999"}],"version-history":[{"count":1,"href":"https:\/\/yachtcharter-connection.com\/es\/wp-json\/wp\/v2\/pages\/1999\/revisions"}],"predecessor-version":[{"id":14073,"href":"https:\/\/yachtcharter-connection.com\/es\/wp-json\/wp\/v2\/pages\/1999\/revisions\/14073"}],"up":[{"embeddable":true,"href":"https:\/\/yachtcharter-connection.com\/es\/wp-json\/wp\/v2\/pages\/661"}],"wp:attachment":[{"href":"https:\/\/yachtcharter-connection.com\/es\/wp-json\/wp\/v2\/media?parent=1999"}],"curies":[{"name":"wp","href":"https:\/\/api.w.org\/{rel}","templated":true}]}}