{"id":2000,"date":"2014-06-29T01:38:24","date_gmt":"2014-06-29T01:38:24","guid":{"rendered":"http:\/\/yachtcharter-connection.com.w01e47c6.kasserver.com\/hua-hin-586\/"},"modified":"2016-10-29T22:09:12","modified_gmt":"2016-10-29T20:09:12","slug":"hua-hin-586","status":"publish","type":"page","link":"https:\/\/yachtcharter-connection.com\/es\/regiones\/oceano-indio\/alquiler-barcos-tailandia-761\/hua-hin-586\/","title":{"rendered":"Hua Hin"},"content":{"rendered":"<h3>Alquiler de barcos Hua Hin<\/h3>\n<p><img loading=\"lazy\" class=\"content-image\"  width=\"300\" height=\"225\" alt=\"\" src=\"https:\/\/yachtcharter-connection.com\/wp-content\/uploads\/converted_files\/20727\/20727-5624e188de110.jpg\" \/>Hua Hin es una de las \u00e1reas de vacaciones m\u00e1s preferidos para el pueblo tailand\u00e9s &#8211; la familia real se va de vacaciones a Hua Hin para disfrutar de las largas playas de arena, as\u00ed como muchos turistas del extranjero. La ciudad en s\u00ed muestra una atm\u00f3sfera t\u00edpica con hermosos templos y calles pintorescas.<\/p>\n","protected":false},"excerpt":{"rendered":"<p>Alquiler de barcos Hua Hin Hua Hin es una de las \u00e1reas de vacaciones m\u00e1s preferidos para el pueblo tailand\u00e9s &#8211; la familia real se va de vacaciones a Hua Hin para disfrutar de las largas playas de arena, as\u00ed como muchos turistas del extranjero. La ciudad en s\u00ed muestra<\/p>\n","protected":false},"author":11,"featured_media":0,"parent":657,"menu_order":0,"comment_status":"open","ping_status":"open","template":"","meta":[],"aioseo_notices":[],"_links":{"self":[{"href":"https:\/\/yachtcharter-connection.com\/es\/wp-json\/wp\/v2\/pages\/2000"}],"collection":[{"href":"https:\/\/yachtcharter-connection.com\/es\/wp-json\/wp\/v2\/pages"}],"about":[{"href":"https:\/\/yachtcharter-connection.com\/es\/wp-json\/wp\/v2\/types\/page"}],"author":[{"embeddable":true,"href":"https:\/\/yachtcharter-connection.com\/es\/wp-json\/wp\/v2\/users\/11"}],"replies":[{"embeddable":true,"href":"https:\/\/yachtcharter-connection.com\/es\/wp-json\/wp\/v2\/comments?post=2000"}],"version-history":[{"count":1,"href":"https:\/\/yachtcharter-connection.com\/es\/wp-json\/wp\/v2\/pages\/2000\/revisions"}],"predecessor-version":[{"id":14450,"href":"https:\/\/yachtcharter-connection.com\/es\/wp-json\/wp\/v2\/pages\/2000\/revisions\/14450"}],"up":[{"embeddable":true,"href":"https:\/\/yachtcharter-connection.com\/es\/wp-json\/wp\/v2\/pages\/657"}],"wp:attachment":[{"href":"https:\/\/yachtcharter-connection.com\/es\/wp-json\/wp\/v2\/media?parent=2000"}],"curies":[{"name":"wp","href":"https:\/\/api.w.org\/{rel}","templated":true}]}}