{"id":2003,"date":"2015-01-13T05:36:32","date_gmt":"2015-01-13T05:36:32","guid":{"rendered":"http:\/\/yachtcharter-connection.com.w01e47c6.kasserver.com\/naples-castellammare-di-stabia-832\/"},"modified":"2017-07-16T15:34:39","modified_gmt":"2017-07-16T13:34:39","slug":"naples-castellammare-di-stabia-832","status":"publish","type":"page","link":"https:\/\/yachtcharter-connection.com\/es\/regiones\/mediterraneo\/alquiler-barcos-tirreno-centro-y-sur\/naples-castellammare-di-stabia-832\/","title":{"rendered":"Naples \/ Castellammare di Stabia"},"content":{"rendered":"<h3>Alquiler de barcos N\u00e1poles \/ Castellammare di Stabia<\/h3>\n<p>\n<img class=\"content-image\"  style=\"width: 300px; height: 155px;\" alt=\"alquiler-barcos-golfo-de-napoles.JPG\" src=\"https:\/\/yachtcharter-connection.com\/wp-content\/uploads\/converted_files\/20733\/20733-5624e18a56b10.jpg\" \/>La ciudad portuaria de Castellammare di Stabia en el Golfo de N\u00e1poles se encuentra a unas 15 millas n\u00e1uticas al sur de la capital provincial y<a href=\"~\/Alquiler_barcos_italia\/naples.html\"> destino de alquiler de barcos N\u00e1poles<\/a>. Anteriormente, aqu\u00ed estaba la antigua Stabiae. Castellammare di Stabia es conocido como el lugar de los grandes astilleros navales.<\/p>\n","protected":false},"excerpt":{"rendered":"<p>Alquiler de barcos N\u00e1poles \/ Castellammare di Stabia La ciudad portuaria de Castellammare di Stabia en el Golfo de N\u00e1poles se encuentra a unas 15 millas n\u00e1uticas al sur de la capital provincial y destino de alquiler de barcos N\u00e1poles. Anteriormente, aqu\u00ed estaba la antigua Stabiae. Castellammare di Stabia es<\/p>\n","protected":false},"author":11,"featured_media":0,"parent":643,"menu_order":0,"comment_status":"open","ping_status":"open","template":"","meta":[],"aioseo_notices":[],"_links":{"self":[{"href":"https:\/\/yachtcharter-connection.com\/es\/wp-json\/wp\/v2\/pages\/2003"}],"collection":[{"href":"https:\/\/yachtcharter-connection.com\/es\/wp-json\/wp\/v2\/pages"}],"about":[{"href":"https:\/\/yachtcharter-connection.com\/es\/wp-json\/wp\/v2\/types\/page"}],"author":[{"embeddable":true,"href":"https:\/\/yachtcharter-connection.com\/es\/wp-json\/wp\/v2\/users\/11"}],"replies":[{"embeddable":true,"href":"https:\/\/yachtcharter-connection.com\/es\/wp-json\/wp\/v2\/comments?post=2003"}],"version-history":[{"count":1,"href":"https:\/\/yachtcharter-connection.com\/es\/wp-json\/wp\/v2\/pages\/2003\/revisions"}],"predecessor-version":[{"id":14410,"href":"https:\/\/yachtcharter-connection.com\/es\/wp-json\/wp\/v2\/pages\/2003\/revisions\/14410"}],"up":[{"embeddable":true,"href":"https:\/\/yachtcharter-connection.com\/es\/wp-json\/wp\/v2\/pages\/643"}],"wp:attachment":[{"href":"https:\/\/yachtcharter-connection.com\/es\/wp-json\/wp\/v2\/media?parent=2003"}],"curies":[{"name":"wp","href":"https:\/\/api.w.org\/{rel}","templated":true}]}}