{"id":2011,"date":"2015-08-10T05:53:52","date_gmt":"2015-08-10T05:53:52","guid":{"rendered":"http:\/\/yachtcharter-connection.com.w01e47c6.kasserver.com\/ibiza-st-eularia-789\/"},"modified":"2016-10-29T22:00:39","modified_gmt":"2016-10-29T20:00:39","slug":"ibiza-st-eularia-789","status":"publish","type":"page","link":"https:\/\/yachtcharter-connection.com\/es\/regiones\/mediterraneo\/alquiler-barcos-baleares-mallorca-menorca-ibiza\/ibiza-st-eularia-789\/","title":{"rendered":"Ibiza \/ St. Eularia"},"content":{"rendered":"<h3>Alquiler de barcos Ibiza \/ St. Eulalia<\/h3>\n<p>\nSanta Eulalia tiene una marina muy bien equipada, muchos restaurantes y posibilidades de comprar todo lo que necesitamos a bordo del ch\u00e1rter. Incluso es todo m\u00e1s barato que en la capital. Santa Eulalia es la segunda ciudad m\u00e1s grande de la isla. Tiene una iglesia fortificada muy interesante y un campo encantador donde podemos ver c\u00f3mo se realiza el cultivo en terrazas y disfrutar de la visi\u00f3n de los campos de olivos. En direcci\u00f3n sur, se encuentra  Cala Llonga, una cala muy tur\u00edstica en la que se puede fondear. <br \/>\n<br type=\"_moz\" \/><\/p>\n","protected":false},"excerpt":{"rendered":"<p>Alquiler de barcos Ibiza \/ St. Eulalia Santa Eulalia tiene una marina muy bien equipada, muchos restaurantes y posibilidades de comprar todo lo que necesitamos a bordo del ch\u00e1rter. Incluso es todo m\u00e1s barato que en la capital. Santa Eulalia es la segunda ciudad m\u00e1s grande de la isla. Tiene<\/p>\n","protected":false},"author":11,"featured_media":0,"parent":667,"menu_order":0,"comment_status":"open","ping_status":"open","template":"","meta":[],"aioseo_notices":[],"_links":{"self":[{"href":"https:\/\/yachtcharter-connection.com\/es\/wp-json\/wp\/v2\/pages\/2011"}],"collection":[{"href":"https:\/\/yachtcharter-connection.com\/es\/wp-json\/wp\/v2\/pages"}],"about":[{"href":"https:\/\/yachtcharter-connection.com\/es\/wp-json\/wp\/v2\/types\/page"}],"author":[{"embeddable":true,"href":"https:\/\/yachtcharter-connection.com\/es\/wp-json\/wp\/v2\/users\/11"}],"replies":[{"embeddable":true,"href":"https:\/\/yachtcharter-connection.com\/es\/wp-json\/wp\/v2\/comments?post=2011"}],"version-history":[{"count":1,"href":"https:\/\/yachtcharter-connection.com\/es\/wp-json\/wp\/v2\/pages\/2011\/revisions"}],"predecessor-version":[{"id":14180,"href":"https:\/\/yachtcharter-connection.com\/es\/wp-json\/wp\/v2\/pages\/2011\/revisions\/14180"}],"up":[{"embeddable":true,"href":"https:\/\/yachtcharter-connection.com\/es\/wp-json\/wp\/v2\/pages\/667"}],"wp:attachment":[{"href":"https:\/\/yachtcharter-connection.com\/es\/wp-json\/wp\/v2\/media?parent=2011"}],"curies":[{"name":"wp","href":"https:\/\/api.w.org\/{rel}","templated":true}]}}