{"id":2015,"date":"2014-10-07T05:40:47","date_gmt":"2014-10-07T05:40:47","guid":{"rendered":"http:\/\/yachtcharter-connection.com.w01e47c6.kasserver.com\/loftahammar-v%c3%a4stervik-437\/"},"modified":"2016-10-29T19:07:27","modified_gmt":"2016-10-29T17:07:27","slug":"loftahammar-v%c3%a4stervik-437","status":"publish","type":"page","link":"https:\/\/yachtcharter-connection.com\/es\/regiones\/mar-baltico\/alquiler-barcos-baltico-del-noreste\/loftahammar-v%c3%a4stervik-437\/","title":{"rendered":"Loftahammar \/ V\u00e4stervik"},"content":{"rendered":"<h3>Alquiler de barcos Loftahammar \/ V\u00e4stervik<\/h3>\n<p>\nLoftahammar es el puerto de  V\u00e4stervik, en  Smaland, al sur de Estocolmo. A  V\u00e4stervik se la conoce tambi\u00e9n como la &ldquo;perla de la costa este&rdquo;. Es un lugar muy tur\u00edstico con casitas bajas de pescadores y hay una excursi\u00f3n muy bonita en tren de v\u00eda estrecha para disfrutar del paisaje marino.<br type=\"_moz\" \/><\/p>\n","protected":false},"excerpt":{"rendered":"<p>Alquiler de barcos Loftahammar \/ V\u00e4stervik Loftahammar es el puerto de V\u00e4stervik, en Smaland, al sur de Estocolmo. A V\u00e4stervik se la conoce tambi\u00e9n como la &ldquo;perla de la costa este&rdquo;. Es un lugar muy tur\u00edstico con casitas bajas de pescadores y hay una excursi\u00f3n muy bonita en tren de<\/p>\n","protected":false},"author":11,"featured_media":0,"parent":653,"menu_order":0,"comment_status":"open","ping_status":"open","template":"","meta":[],"aioseo_notices":[],"_links":{"self":[{"href":"https:\/\/yachtcharter-connection.com\/es\/wp-json\/wp\/v2\/pages\/2015"}],"collection":[{"href":"https:\/\/yachtcharter-connection.com\/es\/wp-json\/wp\/v2\/pages"}],"about":[{"href":"https:\/\/yachtcharter-connection.com\/es\/wp-json\/wp\/v2\/types\/page"}],"author":[{"embeddable":true,"href":"https:\/\/yachtcharter-connection.com\/es\/wp-json\/wp\/v2\/users\/11"}],"replies":[{"embeddable":true,"href":"https:\/\/yachtcharter-connection.com\/es\/wp-json\/wp\/v2\/comments?post=2015"}],"version-history":[{"count":1,"href":"https:\/\/yachtcharter-connection.com\/es\/wp-json\/wp\/v2\/pages\/2015\/revisions"}],"predecessor-version":[{"id":14020,"href":"https:\/\/yachtcharter-connection.com\/es\/wp-json\/wp\/v2\/pages\/2015\/revisions\/14020"}],"up":[{"embeddable":true,"href":"https:\/\/yachtcharter-connection.com\/es\/wp-json\/wp\/v2\/pages\/653"}],"wp:attachment":[{"href":"https:\/\/yachtcharter-connection.com\/es\/wp-json\/wp\/v2\/media?parent=2015"}],"curies":[{"name":"wp","href":"https:\/\/api.w.org\/{rel}","templated":true}]}}