{"id":2016,"date":"2014-07-09T05:36:10","date_gmt":"2014-07-09T05:36:10","guid":{"rendered":"http:\/\/yachtcharter-connection.com.w01e47c6.kasserver.com\/barcelona-masnou-105\/"},"modified":"2017-07-16T05:36:31","modified_gmt":"2017-07-16T03:36:31","slug":"barcelona-masnou-105","status":"publish","type":"page","link":"https:\/\/yachtcharter-connection.com\/es\/regiones\/mediterraneo\/alquiler-barcos-costa-espanola-barcelona\/barcelona-masnou-105\/","title":{"rendered":"Barcelona \/ Masnou"},"content":{"rendered":"<h3>Alquiler de barcos &#8211; Barcelona &#8211;   Masnou<\/h3>\n<p>\nEl destino de charter Masnou est\u00e1 a unos 15 kil\u00f3metros al noreste de Barcelona en la Costa del Maresme. El lugar es a la vez centro tur\u00edstico y zona residencial para muchos residentes que trabajan en Barcelona. El puerto deportivo de Port Masnou con m\u00e1s de 1.000 amarres ofrece en sus alrededor todo lo que se necesita pour el turismo n\u00e1utico: tiendas y restaurantes, tiendas n\u00e1uticas, yates y vida urbana al lado.<\/p>\n","protected":false},"excerpt":{"rendered":"<p>Alquiler de barcos &#8211; Barcelona &#8211; Masnou El destino de charter Masnou est\u00e1 a unos 15 kil\u00f3metros al noreste de Barcelona en la Costa del Maresme. El lugar es a la vez centro tur\u00edstico y zona residencial para muchos residentes que trabajan en Barcelona. El puerto deportivo de Port Masnou<\/p>\n","protected":false},"author":11,"featured_media":0,"parent":647,"menu_order":0,"comment_status":"open","ping_status":"open","template":"","meta":[],"aioseo_notices":[],"_links":{"self":[{"href":"https:\/\/yachtcharter-connection.com\/es\/wp-json\/wp\/v2\/pages\/2016"}],"collection":[{"href":"https:\/\/yachtcharter-connection.com\/es\/wp-json\/wp\/v2\/pages"}],"about":[{"href":"https:\/\/yachtcharter-connection.com\/es\/wp-json\/wp\/v2\/types\/page"}],"author":[{"embeddable":true,"href":"https:\/\/yachtcharter-connection.com\/es\/wp-json\/wp\/v2\/users\/11"}],"replies":[{"embeddable":true,"href":"https:\/\/yachtcharter-connection.com\/es\/wp-json\/wp\/v2\/comments?post=2016"}],"version-history":[{"count":1,"href":"https:\/\/yachtcharter-connection.com\/es\/wp-json\/wp\/v2\/pages\/2016\/revisions"}],"predecessor-version":[{"id":14249,"href":"https:\/\/yachtcharter-connection.com\/es\/wp-json\/wp\/v2\/pages\/2016\/revisions\/14249"}],"up":[{"embeddable":true,"href":"https:\/\/yachtcharter-connection.com\/es\/wp-json\/wp\/v2\/pages\/647"}],"wp:attachment":[{"href":"https:\/\/yachtcharter-connection.com\/es\/wp-json\/wp\/v2\/media?parent=2016"}],"curies":[{"name":"wp","href":"https:\/\/api.w.org\/{rel}","templated":true}]}}